{"id":8065,"date":"2022-03-22T14:38:26","date_gmt":"2022-03-22T13:38:26","guid":{"rendered":"https:\/\/yawave.com\/?page_id=8065"},"modified":"2022-09-16T10:31:19","modified_gmt":"2022-09-16T08:31:19","slug":"gdpr","status":"publish","type":"page","link":"https:\/\/yawave.com\/de\/gdpr\/","title":{"rendered":"GDPR"},"content":{"rendered":"<p>[et_pb_section fb_built=&#8220;1&#8243; next_background_color=&#8220;#ffffff&#8220; admin_label=&#8220;Center Aligned Text &#8220; _builder_version=&#8220;4.14.5&#8243; background_color=&#8220;#f8fbfe&#8220; background_color_gradient_start=&#8220;#0195df&#8220; background_color_gradient_end=&#8220;#174a8f&#8220; background_color_gradient_direction=&#8220;135deg&#8220; background_image=&#8220;http:\/\/yawave.com\/wp-content\/uploads\/2022\/02\/yawave_bg_v2.jpg&#8220; custom_padding=&#8220;|0px||0px|false|false&#8220; bottom_divider_style=&#8220;waves&#8220; animation_direction=&#8220;bottom&#8220; global_colors_info=&#8220;{}&#8220;][et_pb_row column_structure=&#8220;1_2,1_2&#8243; _builder_version=&#8220;4.14.5&#8243; _module_preset=&#8220;default&#8220; custom_margin=&#8220;50px||||false|false&#8220; custom_padding=&#8220;||||false|false&#8220; global_colors_info=&#8220;{}&#8220;][et_pb_column type=&#8220;1_2&#8243; _builder_version=&#8220;4.14.5&#8243; _module_preset=&#8220;default&#8220; global_colors_info=&#8220;{}&#8220;][et_pb_text _builder_version=&#8220;4.14.5&#8243; _module_preset=&#8220;6ca588f9-ac17-4b5e-aa89-4a59b7cc4e0f&#8220; global_colors_info=&#8220;{}&#8220;]<\/p>\n<h1>GDPR<\/h1>\n<header class=\"heading-wide text-center\">\n<p class=\"s20\" style=\"text-align: left;\">\n<\/header>\n<p>[\/et_pb_text][\/et_pb_column][et_pb_column type=&#8220;1_2&#8243; _builder_version=&#8220;4.14.5&#8243; _module_preset=&#8220;default&#8220; global_colors_info=&#8220;{}&#8220;][\/et_pb_column][\/et_pb_row][\/et_pb_section][et_pb_section fb_built=&#8220;1&#8243; admin_label=&#8220;Features CTA Section&#8220; _builder_version=&#8220;4.14.5&#8243; use_background_color_gradient=&#8220;on&#8220; background_color_gradient_start=&#8220;#ffffff&#8220; background_color_gradient_end=&#8220;rgba(229,229,229,0.25)&#8220; background_color_gradient_start_position=&#8220;50%&#8220; custom_padding=&#8220;100px|0px|100px|0px&#8220; bottom_divider_style=&#8220;waves&#8220; bottom_divider_color=&#8220;#FFFFFF&#8220; saved_tabs=&#8220;all&#8220; global_colors_info=&#8220;{}&#8220;][et_pb_row _builder_version=&#8220;4.14.5&#8243; _module_preset=&#8220;default&#8220; global_colors_info=&#8220;{}&#8220;][et_pb_column type=&#8220;4_4&#8243; _builder_version=&#8220;4.14.5&#8243; _module_preset=&#8220;default&#8220; global_colors_info=&#8220;{}&#8220;][et_pb_text _builder_version=&#8220;4.14.5&#8243; _module_preset=&#8220;default&#8220; text_font=&#8220;||||||||&#8220; global_colors_info=&#8220;{}&#8220;]<\/p>\n<p>Die EU-Datenschutz-Grundverordnung (&#8222;DSGVO&#8220;) ist ein neues umfassendes Datenschutzgesetz, das am 25. Mai 2018 in Kraft tritt und einen neuen Standard f\u00fcr die Nutzung und den Schutz personenbezogener Daten setzt.<\/p>\n<p>Bei yawave haben wir intensiv daran gearbeitet, die DSGVO umzusetzen, und rechtzeitig sicherzustellen, dass wir &#8211; und damit wiederum unsere Kunden den Nutzern gegen\u00fcber den DSGVO-Verpflichtungen nachkommen. Mit unseren L\u00f6sungen stellen wir nicht nur Transparenz \u00fcber Kundeninteraktionen und Datenverwendung sicher, sondern bieten weitergehende, innovative Funktionen f\u00fcr einen besseren Umgang mit dem Datenschutz. Hier ist ein kurzer \u00dcberblick \u00fcber die DSGVO und wie die yawave Software den DSGVO-Regeln entspricht:<\/p>\n<p>&nbsp;<\/p>\n<h2>Einwilligung<\/h2>\n<p>Yawave Software-Funktionen generieren die Zustimmung der Benutzer zur Datenverarbeitung auf sehr transparente Weise:<\/p>\n<ul>\n<li>Informiert: Datenerfassungs- und -verarbeitungsschritte sind immer klar angegeben (z. B. im Empfehlungsdialog neben dem Button) &#8211; ausserdem werden Wave Owner und Teilnehmer an ihre Verantwortung f\u00fcr die Datensicherheit beim Hochladen von Adressen in Kontaktlisten oder in Empfehlungsdialogen erinnert.<\/li>\n<li>Klare best\u00e4tigende Handlung: Nur nach eindeutiger Aktion werden die Daten erfasst und verarbeitet (z. B. Weiterleitungs-Button geklickt).<\/li>\n<li>Freiwillig: Die Entscheidung liegt immer beim Benutzer (unabh\u00e4ngig davon, ob es sich um eine Weiterleitungs- oder eine Konvertierungs-Aktivit\u00e4t handelt, die mit der Datenverarbeitung verkn\u00fcpft ist).<\/li>\n<li>Bezogen auf einen bestimmten Zweck: Wir verkn\u00fcpfen Nutzerdaten mit einem bestimmten Zweck (z. B. Newsletter, Kampagne) und bieten sogar die M\u00f6glichkeit, konkrete Inhalte resp. zweckspezifische Kampagnen oder Newsletter\u00a0zu abonnieren bzw. sich davon abzumelden.<\/li>\n<li>Unmissverst\u00e4ndlich: Da die Einwilligung immer a) in Bezug auf einen bestimmten Zweck oder Inhalt, b) mit eindeutiger Aktion und c) mit klaren Informationen \u00fcber die Datenverarbeitung gesammelt wird, l\u00e4sst sie keine Zweifel an den Absichten der betroffenen Person, dass ihre pers\u00f6nlichen Daten zur Verarbeitung verwendet werden k\u00f6nnen.<\/li>\n<\/ul>\n<p>Um der DSGVO zu entsprechen, h\u00e4lt die yawave Software fest, wann und wie ein Benutzer seine Zustimmung gegeben hat. Diese Information ist sogar f\u00fcr den jeweiligen Benutzer in seinem Wave-\/Kampagnencockpit zug\u00e4nglich. Zum Beispiel h\u00e4lt yawave f\u00fcr eine Empfehlungs-basierte Zustimmung den Zeitstempel dieser Aktivit\u00e4t, den eingehenden Share-Link und den ausgehenden Share-Kanal fest &#8211; wir sind fest davon \u00fcberzeugt, dass es mit diesen kontextbezogenen Informationen f\u00fcr einen Benutzer besser nachvollziehbar ist, wann und wie er seine Zustimmung gegeben hat.<\/p>\n<p>&nbsp;<\/p>\n<h2>Verstossmeldung<\/h2>\n<p>Im Fall eines Datenverstosses informieren wir unsere Kunden und Abonnenten und orientieren Teilnehmer innerhalb von 72 Stunden \u00fcber m\u00f6gliche Risiken. Zus\u00e4tzlich bieten wir unseren Kunden eine wirksame Funktionalit\u00e4t, um auch deren Kontakte zu benachrichtigen. Wir haben Fr\u00fchwarnindikatoren und entsprechende Vereinbarungen mit unseren Lieferanten (z. B. Datenhosting-Anbieter).<\/p>\n<p>&nbsp;<\/p>\n<h2>Recht auf Auskunft<\/h2>\n<p>Jeder, der yawave nutzt oder an einer Kampagne teilnimmt, kann jederzeit von \u00fcberall auf seine pers\u00f6nlichen Informationen zugreifen &#8211; ein transparentes Cockpit liefert alle pers\u00f6nlichen Informationen. Einzelpersonen k\u00f6nnen eine elektronische Kopie ihrer pers\u00f6nlichen Datens\u00e4tze kostenlos bestellen.<\/p>\n<p>&nbsp;<\/p>\n<h2>Recht auf Vergessenwerden<\/h2>\n<p>Wenn die Daten nicht mehr ihrem urspr\u00fcnglichen Zweck dienen, k\u00f6nnen die Teilnehmer ihre Daten l\u00f6schen lassen.<\/p>\n<p>&nbsp;<\/p>\n<h2>Datenportabilit\u00e4t<\/h2>\n<p>Yawave bietet Datenexportfunktionen, die es dem Benutzer erm\u00f6glichen, pers\u00f6nliche Daten in ein g\u00e4ngiges Dateiformat zu \u00fcbertragen.<\/p>\n<h2>Datenschutz durch Design<\/h2>\n<p>Datenschutz und Privatsph\u00e4re sind ein fester Bestandteil unseres t\u00e4glichen Softwareentwicklungsprozesses &#8211; und basierend auf einem kunden- und nutzerzentrierten Ansatz erweitern wir st\u00e4ndig die yawave Privacy-Funktionen. Ein \u00fcberzeugender Beweis daf\u00fcr sind unsere einzigartigen Datenschutz-Tools: Mit yawave haben Benutzer die volle Kontrolle \u00fcber ihre Sichtbarkeit in Waves. Sie k\u00f6nnen Sichtbarkeitsprofile erstellen und \u00fcber ihre Sichtbarkeit entscheiden, z.B. mit vollem Profil inkl. Name und Bild in einer Wave und v\u00f6llig anonym in einer anderen Wave. Au\u00dferdem k\u00f6nnen Wave Owner die Sichtbarkeit f\u00fcr ganze Wellen im Wave Builder einschr\u00e4nken.<\/p>\n<p>[\/et_pb_text][\/et_pb_column][\/et_pb_row][et_pb_row _builder_version=&#8220;4.14.5&#8243; _module_preset=&#8220;default&#8220;][et_pb_column _builder_version=&#8220;4.14.5&#8243; _module_preset=&#8220;default&#8220; type=&#8220;4_4&#8243;][et_pb_text _builder_version=&#8220;4.14.5&#8243; _module_preset=&#8220;default&#8220; hover_enabled=&#8220;0&#8243; sticky_enabled=&#8220;0&#8243;]<\/p>\n<p><a href=\"https:\/\/yawave.com\/de\/datenloeschung\/\">Datenl\u00f6schung beantragen &gt;<\/a><\/p>\n<p>[\/et_pb_text][\/et_pb_column][\/et_pb_row][\/et_pb_section][et_pb_section fb_built=&#8220;1&#8243; _builder_version=&#8220;4.14.5&#8243; _module_preset=&#8220;default&#8220; background_color=&#8220;#0195df&#8220; background_color_gradient_start=&#8220;rgba(255,255,255,0)&#8220; background_color_gradient_end=&#8220;#008cd9&#8243; custom_padding=&#8220;||||false|false&#8220; bottom_divider_color=&#8220;#0195DF&#8220; bottom_divider_height=&#8220;272px&#8220; bottom_divider_repeat=&#8220;1x&#8220; box_shadow_style=&#8220;preset3&#8243; box_shadow_vertical=&#8220;400px&#8220; box_shadow_blur=&#8220;0px&#8220; box_shadow_spread=&#8220;-80px&#8220; box_shadow_color=&#8220;#FFFFFF&#8220; box_shadow_position=&#8220;inner&#8220; global_module=&#8220;6657&#8243; saved_tabs=&#8220;all&#8220; global_colors_info=&#8220;{}&#8220;][et_pb_row _builder_version=&#8220;4.14.5&#8243; _module_preset=&#8220;default&#8220; background_image=&#8220;https:\/\/yawave.com\/wp-content\/uploads\/2022\/02\/yawave_bg_v2.jpg&#8220; custom_padding=&#8220;100px|50px|100px|50px|false|false&#8220; border_radii=&#8220;on|15px|15px|15px|15px&#8220; global_colors_info=&#8220;{}&#8220;][et_pb_column type=&#8220;4_4&#8243; _builder_version=&#8220;4.14.5&#8243; _module_preset=&#8220;default&#8220; global_colors_info=&#8220;{}&#8220;][et_pb_text _builder_version=&#8220;4.14.5&#8243; _module_preset=&#8220;default&#8220; custom_margin_tablet=&#8220;|||60px|false|false&#8220; custom_margin_phone=&#8220;|||0px|false|false&#8220; global_colors_info=&#8220;{}&#8220;]<\/p>\n<h3>Deine Community. Dein Content. Deine Conversions.<\/h3>\n<p>[\/et_pb_text][et_pb_button button_url=&#8220;https:\/\/calendly.com\/markus-koch\/30min&#8220; button_text=&#8220;Demo anfragen&#8220; module_class=&#8220;button_popup&#8220; _builder_version=&#8220;4.14.5&#8243; _module_preset=&#8220;b8fa3559-8baa-4ff5-8a2f-e3752882096f&#8220; custom_margin=&#8220;15px||0px|60px|false|false&#8220; custom_margin_tablet=&#8220;15px||0px|60px|false|false&#8220; custom_margin_phone=&#8220;15px||0px|0px|false|false&#8220; custom_margin_last_edited=&#8220;on|phone&#8220; global_colors_info=&#8220;{}&#8220; button_bg_color__hover_enabled=&#8220;off|desktop&#8220; button_text_color__hover_enabled=&#8220;off|desktop&#8220; button_text_color__hover=&#8220;#000000&#8243;][\/et_pb_button][\/et_pb_column][\/et_pb_row][\/et_pb_section]<\/p>\n","protected":false},"excerpt":{"rendered":"<p>GDPR Die EU-Datenschutz-Grundverordnung (&#8222;DSGVO&#8220;) ist ein neues umfassendes Datenschutzgesetz, das am 25. Mai 2018 in Kraft tritt und einen neuen Standard f\u00fcr die Nutzung und den Schutz personenbezogener Daten setzt. Bei yawave haben wir intensiv daran gearbeitet, die DSGVO umzusetzen, und rechtzeitig sicherzustellen, dass wir &#8211; und damit wiederum unsere Kunden den Nutzern gegen\u00fcber den [&hellip;]<\/p>\n","protected":false},"author":1,"featured_media":0,"parent":0,"menu_order":0,"comment_status":"closed","ping_status":"closed","template":"","meta":{"_et_pb_use_builder":"on","_et_pb_old_content":"","_et_gb_content_width":"","footnotes":""},"dipi_cpt_category":[],"class_list":["post-8065","page","type-page","status-publish","hentry"],"yoast_head":"<!-- This site is optimized with the Yoast SEO plugin v27.4 - https:\/\/yoast.com\/product\/yoast-seo-wordpress\/ -->\n<title>GDPR - yawave User Interaction Suite<\/title>\n<meta name=\"robots\" content=\"index, follow, max-snippet:-1, max-image-preview:large, max-video-preview:-1\" \/>\n<link rel=\"canonical\" href=\"https:\/\/yawave.com\/de\/gdpr\/\" \/>\n<meta property=\"og:locale\" content=\"de_DE\" \/>\n<meta property=\"og:type\" content=\"article\" \/>\n<meta property=\"og:title\" content=\"GDPR - yawave User Interaction Suite\" \/>\n<meta property=\"og:description\" content=\"GDPR Die EU-Datenschutz-Grundverordnung (&quot;DSGVO&quot;) ist ein neues umfassendes Datenschutzgesetz, das am 25. Mai 2018 in Kraft tritt und einen neuen Standard f\u00fcr die Nutzung und den Schutz personenbezogener Daten setzt. Bei yawave haben wir intensiv daran gearbeitet, die DSGVO umzusetzen, und rechtzeitig sicherzustellen, dass wir - und damit wiederum unsere Kunden den Nutzern gegen\u00fcber den [&hellip;]\" \/>\n<meta property=\"og:url\" content=\"https:\/\/yawave.com\/de\/gdpr\/\" \/>\n<meta property=\"og:site_name\" content=\"yawave User Interaction Suite\" \/>\n<meta property=\"article:modified_time\" content=\"2022-09-16T08:31:19+00:00\" \/>\n<meta name=\"twitter:card\" content=\"summary_large_image\" \/>\n<meta name=\"twitter:label1\" content=\"Gesch\u00e4tzte Lesezeit\" \/>\n\t<meta name=\"twitter:data1\" content=\"6\u00a0Minuten\" \/>\n<script type=\"application\/ld+json\" class=\"yoast-schema-graph\">{\"@context\":\"https:\\\/\\\/schema.org\",\"@graph\":[{\"@type\":\"WebPage\",\"@id\":\"https:\\\/\\\/yawave.com\\\/de\\\/gdpr\\\/\",\"url\":\"https:\\\/\\\/yawave.com\\\/de\\\/gdpr\\\/\",\"name\":\"GDPR - yawave User Interaction Suite\",\"isPartOf\":{\"@id\":\"https:\\\/\\\/yawave.com\\\/de\\\/#website\"},\"datePublished\":\"2022-03-22T13:38:26+00:00\",\"dateModified\":\"2022-09-16T08:31:19+00:00\",\"breadcrumb\":{\"@id\":\"https:\\\/\\\/yawave.com\\\/de\\\/gdpr\\\/#breadcrumb\"},\"inLanguage\":\"de\",\"potentialAction\":[{\"@type\":\"ReadAction\",\"target\":[\"https:\\\/\\\/yawave.com\\\/de\\\/gdpr\\\/\"]}]},{\"@type\":\"BreadcrumbList\",\"@id\":\"https:\\\/\\\/yawave.com\\\/de\\\/gdpr\\\/#breadcrumb\",\"itemListElement\":[{\"@type\":\"ListItem\",\"position\":1,\"name\":\"Home\",\"item\":\"https:\\\/\\\/yawave.com\\\/de\\\/\"},{\"@type\":\"ListItem\",\"position\":2,\"name\":\"GDPR\"}]},{\"@type\":\"WebSite\",\"@id\":\"https:\\\/\\\/yawave.com\\\/de\\\/#website\",\"url\":\"https:\\\/\\\/yawave.com\\\/de\\\/\",\"name\":\"yawave User Interaction Suite\",\"description\":\"\",\"publisher\":{\"@id\":\"https:\\\/\\\/yawave.com\\\/de\\\/#organization\"},\"potentialAction\":[{\"@type\":\"SearchAction\",\"target\":{\"@type\":\"EntryPoint\",\"urlTemplate\":\"https:\\\/\\\/yawave.com\\\/de\\\/?s={search_term_string}\"},\"query-input\":{\"@type\":\"PropertyValueSpecification\",\"valueRequired\":true,\"valueName\":\"search_term_string\"}}],\"inLanguage\":\"de\"},{\"@type\":\"Organization\",\"@id\":\"https:\\\/\\\/yawave.com\\\/de\\\/#organization\",\"name\":\"yawave\",\"url\":\"https:\\\/\\\/yawave.com\\\/de\\\/\",\"logo\":{\"@type\":\"ImageObject\",\"inLanguage\":\"de\",\"@id\":\"https:\\\/\\\/yawave.com\\\/de\\\/#\\\/schema\\\/logo\\\/image\\\/\",\"url\":\"https:\\\/\\\/yawave.com\\\/wp-content\\\/uploads\\\/2022\\\/05\\\/yawave_logo_blau.png\",\"contentUrl\":\"https:\\\/\\\/yawave.com\\\/wp-content\\\/uploads\\\/2022\\\/05\\\/yawave_logo_blau.png\",\"width\":150,\"height\":29,\"caption\":\"yawave\"},\"image\":{\"@id\":\"https:\\\/\\\/yawave.com\\\/de\\\/#\\\/schema\\\/logo\\\/image\\\/\"}}]}<\/script>\n<!-- \/ Yoast SEO plugin. -->","yoast_head_json":{"title":"GDPR - yawave User Interaction Suite","robots":{"index":"index","follow":"follow","max-snippet":"max-snippet:-1","max-image-preview":"max-image-preview:large","max-video-preview":"max-video-preview:-1"},"canonical":"https:\/\/yawave.com\/de\/gdpr\/","og_locale":"de_DE","og_type":"article","og_title":"GDPR - yawave User Interaction Suite","og_description":"GDPR Die EU-Datenschutz-Grundverordnung (\"DSGVO\") ist ein neues umfassendes Datenschutzgesetz, das am 25. Mai 2018 in Kraft tritt und einen neuen Standard f\u00fcr die Nutzung und den Schutz personenbezogener Daten setzt. Bei yawave haben wir intensiv daran gearbeitet, die DSGVO umzusetzen, und rechtzeitig sicherzustellen, dass wir - und damit wiederum unsere Kunden den Nutzern gegen\u00fcber den [&hellip;]","og_url":"https:\/\/yawave.com\/de\/gdpr\/","og_site_name":"yawave User Interaction Suite","article_modified_time":"2022-09-16T08:31:19+00:00","twitter_card":"summary_large_image","twitter_misc":{"Gesch\u00e4tzte Lesezeit":"6\u00a0Minuten"},"schema":{"@context":"https:\/\/schema.org","@graph":[{"@type":"WebPage","@id":"https:\/\/yawave.com\/de\/gdpr\/","url":"https:\/\/yawave.com\/de\/gdpr\/","name":"GDPR - yawave User Interaction Suite","isPartOf":{"@id":"https:\/\/yawave.com\/de\/#website"},"datePublished":"2022-03-22T13:38:26+00:00","dateModified":"2022-09-16T08:31:19+00:00","breadcrumb":{"@id":"https:\/\/yawave.com\/de\/gdpr\/#breadcrumb"},"inLanguage":"de","potentialAction":[{"@type":"ReadAction","target":["https:\/\/yawave.com\/de\/gdpr\/"]}]},{"@type":"BreadcrumbList","@id":"https:\/\/yawave.com\/de\/gdpr\/#breadcrumb","itemListElement":[{"@type":"ListItem","position":1,"name":"Home","item":"https:\/\/yawave.com\/de\/"},{"@type":"ListItem","position":2,"name":"GDPR"}]},{"@type":"WebSite","@id":"https:\/\/yawave.com\/de\/#website","url":"https:\/\/yawave.com\/de\/","name":"yawave User Interaction Suite","description":"","publisher":{"@id":"https:\/\/yawave.com\/de\/#organization"},"potentialAction":[{"@type":"SearchAction","target":{"@type":"EntryPoint","urlTemplate":"https:\/\/yawave.com\/de\/?s={search_term_string}"},"query-input":{"@type":"PropertyValueSpecification","valueRequired":true,"valueName":"search_term_string"}}],"inLanguage":"de"},{"@type":"Organization","@id":"https:\/\/yawave.com\/de\/#organization","name":"yawave","url":"https:\/\/yawave.com\/de\/","logo":{"@type":"ImageObject","inLanguage":"de","@id":"https:\/\/yawave.com\/de\/#\/schema\/logo\/image\/","url":"https:\/\/yawave.com\/wp-content\/uploads\/2022\/05\/yawave_logo_blau.png","contentUrl":"https:\/\/yawave.com\/wp-content\/uploads\/2022\/05\/yawave_logo_blau.png","width":150,"height":29,"caption":"yawave"},"image":{"@id":"https:\/\/yawave.com\/de\/#\/schema\/logo\/image\/"}}]}},"_links":{"self":[{"href":"https:\/\/yawave.com\/de\/wp-json\/wp\/v2\/pages\/8065","targetHints":{"allow":["GET"]}}],"collection":[{"href":"https:\/\/yawave.com\/de\/wp-json\/wp\/v2\/pages"}],"about":[{"href":"https:\/\/yawave.com\/de\/wp-json\/wp\/v2\/types\/page"}],"author":[{"embeddable":true,"href":"https:\/\/yawave.com\/de\/wp-json\/wp\/v2\/users\/1"}],"replies":[{"embeddable":true,"href":"https:\/\/yawave.com\/de\/wp-json\/wp\/v2\/comments?post=8065"}],"version-history":[{"count":6,"href":"https:\/\/yawave.com\/de\/wp-json\/wp\/v2\/pages\/8065\/revisions"}],"predecessor-version":[{"id":14062,"href":"https:\/\/yawave.com\/de\/wp-json\/wp\/v2\/pages\/8065\/revisions\/14062"}],"wp:attachment":[{"href":"https:\/\/yawave.com\/de\/wp-json\/wp\/v2\/media?parent=8065"}],"wp:term":[{"taxonomy":"dipi_cpt_category","embeddable":true,"href":"https:\/\/yawave.com\/de\/wp-json\/wp\/v2\/dipi_cpt_category?post=8065"}],"curies":[{"name":"wp","href":"https:\/\/api.w.org\/{rel}","templated":true}]}}