{"id":8010,"date":"2022-03-21T16:48:29","date_gmt":"2022-03-21T15:48:29","guid":{"rendered":"https:\/\/yawave.com\/?page_id=8010"},"modified":"2022-07-06T15:44:05","modified_gmt":"2022-07-06T13:44:05","slug":"datenschutzbestimmungen","status":"publish","type":"page","link":"https:\/\/yawave.com\/de\/datenschutzbestimmungen\/","title":{"rendered":"Datenschutzbestimmungen"},"content":{"rendered":"<p>[et_pb_section fb_built=&#8220;1&#8243; next_background_color=&#8220;#ffffff&#8220; admin_label=&#8220;Center Aligned Text &#8220; _builder_version=&#8220;4.14.5&#8243; background_color=&#8220;#f8fbfe&#8220; background_color_gradient_start=&#8220;#0195df&#8220; background_color_gradient_end=&#8220;#174a8f&#8220; background_color_gradient_direction=&#8220;135deg&#8220; background_image=&#8220;http:\/\/yawave.com\/wp-content\/uploads\/2022\/02\/yawave_bg_v2.jpg&#8220; custom_padding=&#8220;|0px||0px|false|false&#8220; bottom_divider_style=&#8220;waves&#8220; animation_direction=&#8220;bottom&#8220; global_colors_info=&#8220;{}&#8220;][et_pb_row column_structure=&#8220;1_2,1_2&#8243; _builder_version=&#8220;4.14.5&#8243; _module_preset=&#8220;default&#8220; custom_margin=&#8220;50px||||false|false&#8220; custom_padding=&#8220;||||false|false&#8220; global_colors_info=&#8220;{}&#8220;][et_pb_column type=&#8220;1_2&#8243; _builder_version=&#8220;4.14.5&#8243; _module_preset=&#8220;default&#8220; global_colors_info=&#8220;{}&#8220;][et_pb_text _builder_version=&#8220;4.14.5&#8243; _module_preset=&#8220;6ca588f9-ac17-4b5e-aa89-4a59b7cc4e0f&#8220; global_colors_info=&#8220;{}&#8220;]<\/p>\n<h1>Datenschutz<\/h1>\n<header class=\"heading-wide text-center\">\n<p class=\"s20\" style=\"text-align: left;\">wirksam: 1. Februar 2021<\/p>\n<\/header>\n<p>[\/et_pb_text][\/et_pb_column][et_pb_column type=&#8220;1_2&#8243; _builder_version=&#8220;4.14.5&#8243; _module_preset=&#8220;default&#8220; global_colors_info=&#8220;{}&#8220;][\/et_pb_column][\/et_pb_row][\/et_pb_section][et_pb_section fb_built=&#8220;1&#8243; admin_label=&#8220;Features CTA Section&#8220; _builder_version=&#8220;4.14.5&#8243; use_background_color_gradient=&#8220;on&#8220; background_color_gradient_start=&#8220;#ffffff&#8220; background_color_gradient_end=&#8220;rgba(229,229,229,0.25)&#8220; background_color_gradient_start_position=&#8220;50%&#8220; custom_padding=&#8220;100px|0px|100px|0px&#8220; bottom_divider_style=&#8220;waves&#8220; bottom_divider_color=&#8220;#FFFFFF&#8220; saved_tabs=&#8220;all&#8220; global_colors_info=&#8220;{}&#8220;][et_pb_row _builder_version=&#8220;4.14.5&#8243; _module_preset=&#8220;default&#8220; global_colors_info=&#8220;{}&#8220;][et_pb_column type=&#8220;4_4&#8243; _builder_version=&#8220;4.14.5&#8243; _module_preset=&#8220;default&#8220; global_colors_info=&#8220;{}&#8220;][et_pb_accordion closed_toggle_background_color=&#8220;rgba(232,232,232,0.17)&#8220; _builder_version=&#8220;4.14.5&#8243; _module_preset=&#8220;default&#8220; closed_toggle_font=&#8220;||||||||&#8220; border_radii=&#8220;off|||15px|15px&#8220; global_colors_info=&#8220;{}&#8220;][et_pb_accordion_item title=&#8220;Pr\u00e4ambel&#8220; open=&#8220;on&#8220; _builder_version=&#8220;4.14.5&#8243; _module_preset=&#8220;default&#8220; border_color_all=&#8220;#E8E8E8&#8243; global_colors_info=&#8220;{}&#8220;]<\/p>\n<p><span>yawave legt grossen Wert auf den Schutz Ihrer Privatsph\u00e4re und die Sicherheit der bei yawave hinterlegten Daten. yawave unternimmt alle \u00fcblichen und zumutbaren Massnahmen zum Schutz pers\u00f6nlicher Informationen vor Verlust, Missbrauch, unberechtigtem Zugriff, Offenlegung, Ver\u00e4nderung oder Zerst\u00f6rung.<\/span><\/p>\n<p>[\/et_pb_accordion_item][et_pb_accordion_item title=&#8220;Umfang der Datenschutzbestimmungen&#8220; _builder_version=&#8220;4.14.5&#8243; _module_preset=&#8220;default&#8220; border_color_top=&#8220;#E8E8E8&#8243; global_colors_info=&#8220;{}&#8220; open=&#8220;off&#8220;]<\/p>\n<p><span>Die Datenschutzbestimmungen finden Anwendung auf alle Informationen, die du yawave \u00fcber die yawave Webseite und Applikationen zur Verf\u00fcgung stellst. Solltest du Informationen an irgendwelche dritten Parteien \u00fcber unsere yawave Webseite und Dienste \u00fcbermittelt haben, k\u00f6nnen wir in keiner Weise f\u00fcr die von diesen dritten Parteien gesammelten Informationen verantwortlich gemacht werden.<\/span><\/p>\n<p>[\/et_pb_accordion_item][et_pb_accordion_item title=&#8220;Was wir sammeln&#8220; _builder_version=&#8220;4.14.5&#8243; _module_preset=&#8220;default&#8220; border_color_top=&#8220;#E8E8E8&#8243; global_colors_info=&#8220;{}&#8220; open=&#8220;off&#8220;]<\/p>\n<p>Damit du ein Konto bei yawave er\u00f6ffnen und Dienste nutzen kannst, m\u00fcssen wir einige Informationen sammeln und verarbeiten. Abh\u00e4ngig von deinem Gebrauch der Dienste kann dies folgendes einschlie\u00dfen:<\/p>\n<ul>\n<li>pers\u00f6nliche Informationen (z. B. dein Name, Email und Anschrift, Telefonnummer und Aufenthaltsland)<\/li>\n<li>deine Zugangsdaten wie z. B. Login und Kennwort<\/li>\n<li>Details \u00fcber Anfragen oder Gesch\u00e4ftsvorg\u00e4nge, die du \u00fcber die Dienste abwickelst<\/li>\n<li>Informationen \u00fcber deine T\u00e4tigkeit auf und Interaktion mit yawave und die Dienste, wie z. B. Ihre Social Wave Aktivit\u00e4ten, deine IP-Adresse und Ger\u00e4tetyp oder genutzter Browser<\/li>\n<li>Kommunikation, die an uns gerichtet ist (z. B., wenn du um Unterst\u00fctzung bittest, uns Fragen oder Kommentare schickst oder uns von einem Problem berichtest)<\/li>\n<li>Informationen, die du an yawave in Form von Kommentaren, Beitr\u00e4gen zu Social Waves oder Diskussionen oder als Nachrichten an andere Nutzer \u00fcbermittelt hast.<\/li>\n<\/ul>\n<p>[\/et_pb_accordion_item][et_pb_accordion_item title=&#8220;Was ist Privat&#8220; _builder_version=&#8220;4.14.5&#8243; _module_preset=&#8220;default&#8220; global_colors_info=&#8220;{}&#8220; open=&#8220;off&#8220;]<\/p>\n<p>Diese Daten werden anderen Nutzern nicht \u00f6ffentlich angezeigt oder offenbart:<\/p>\n<ul>\n<li>s\u00e4mtliche uns zur Verf\u00fcgung gestellten Zahlungsinformationen<\/li>\n<li>deine Kennwortdetails<\/li>\n<li>deine IP-Adresse<\/li>\n<li>Kommunikation, die an uns gerichtet ist (z. B., wenn du um Unterst\u00fctzung bittest, uns Fragen oder Kommentare schickst oder uns von einem Problem berichtest)<\/li>\n<\/ul>\n<p>Wir geben deine pers\u00f6nlichen Daten nicht an Dritte weiter, au\u00dfer wenn dies zur Ausf\u00fchrung bestimmter Services n\u00f6tig ist (z. B. bei Zusammenarbeit mit Zahlungsdienstleistern). Wir erwarten von den Drittanbietern, mit denen wir zusammenarbeiten, die Einhaltung derselben Standards wie wir sie bei yawave einhalten.<\/p>\n<p>Wir behalten uns allerdings das Recht vor, personenbezogene Daten zu offenbaren, wenn dies unseres Erachtens aufgrund von gesetzlichen Bestimmungen oder aus Gr\u00fcnden der Strafverfolgung erforderlich ist, um Betrug oder Missbrauch zu verhindern oder um die gesetzlichen Rechte von yawave zu wahren.<\/p>\n<p>[\/et_pb_accordion_item][et_pb_accordion_item title=&#8220;Was ist \u00f6ffentlich sichtbar&#8220; _builder_version=&#8220;4.14.5&#8243; _module_preset=&#8220;default&#8220; global_colors_info=&#8220;{}&#8220; open=&#8220;off&#8220;]<\/p>\n<p>Wenn du ein Konto er\u00f6ffnest, dann erstellen wir dir ein Grundprofil bei yawave, welches deinen Kontonamen, Datum der Erstellung, deine Kontaktinformationen und einige zus\u00e4tzliche Informationen \u00fcber deine Aktivit\u00e4ten enth\u00e4lt. Dieses Kundenprofil ist nicht \u00f6ffentlich sichtbar.<\/p>\n<p>yawave gibt dir volle Kontrolle \u00fcber dein Erscheinungsbild in den Social Waves, das in den Sichtbarkeitskarten definiert wird. yawave gibt dir die M\u00f6glichkeit, unterschiedliche Sichtbarkeitskarten mit unterschiedlichen Sichtbarkeitsstufen zu erstellen &#8211; z. B. kannst du professionelle Sichtbarkeitskarten f\u00fcr gesch\u00e4ftliche Social Waves, private Sichtbarkeitskarten f\u00fcr deine privaten Social Waves und sogar anonyme Sichtbarkeitskarten f\u00fcr Social Waves, in den du deine Identit\u00e4t verbergen m\u00f6chten, erstellen.<\/p>\n<p>[\/et_pb_accordion_item][et_pb_accordion_item title=&#8220;Nutzung der pers\u00f6nlichen Daten&#8220; _builder_version=&#8220;4.14.5&#8243; _module_preset=&#8220;default&#8220; global_colors_info=&#8220;{}&#8220; open=&#8220;off&#8220;]<\/p>\n<p>Wir verwenden die von dir zur Verf\u00fcgung gestellten pers\u00f6nlichen Informationen dazu:<\/p>\n<ul>\n<li>dich zu identifizieren, wenn du dich bei deinem Konto anmeldest,<\/li>\n<li>dir Dienste anbieten zu k\u00f6nnen,<\/li>\n<li>dir Marketingmitteilungen zu schicken, die wir f\u00fcr n\u00fctzlich erachten,<\/li>\n<li>dein Konto mit uns zu verwalten,<\/li>\n<li>deine \u00fcber die Dienste gestellten Fragen zu beantworten,<\/li>\n<li>die Nutzung der Dienste und der Besucher zu analysieren, um unsere Inhalte und Dienste weiter verbessern zu k\u00f6nnen, und<\/li>\n<li>diese zu anderen Zwecken zu nutzen, die wir dir bei der Bitte um Informationen mitteilen werden.<\/li>\n<\/ul>\n<p>[\/et_pb_accordion_item][et_pb_accordion_item title=&#8220;Pers\u00f6nliche Informationen \u00e4ndern&#8220; _builder_version=&#8220;4.14.5&#8243; _module_preset=&#8220;default&#8220; global_colors_info=&#8220;{}&#8220; open=&#8220;off&#8220;]<\/p>\n<p>Wenn du ein zugelassener Nutzer unserer Dienste bist, stellen wir dir Werkzeuge zur Verf\u00fcgung und erkl\u00e4ren dir Einstellungen, um die mit deinem Konto in Verbindung stehenden pers\u00f6nlichen Informationen einzusehen, zu korrigieren, zu l\u00f6schen oder zu \u00e4ndern.<\/p>\n<p>Du kannst dein Konto nur l\u00f6schen, wenn du keine pendenten Social Waves als Wave Owner hast.<\/p>\n<p>yawave kann Nutzerkonten l\u00f6schen, wenn diese inaktiv bleiben (d. h. nicht eingesehen werden).<\/p>\n<p>[\/et_pb_accordion_item][et_pb_accordion_item title=&#8220;Web-Analyse&#8220; _builder_version=&#8220;4.14.5&#8243; _module_preset=&#8220;default&#8220; global_colors_info=&#8220;{}&#8220; open=&#8220;off&#8220;]<\/p>\n<p>Wir m\u00fcssen die Surfgewohnheiten der Besucher unserer Plattform analysieren, um unsere Dienste zu optimieren. Zu diesem Zweck verwenden wir Methoden zur Webanalyse, die Nutzungsverhalten von Nutzern und dritten Parteien, die unsere Webseiten besuchen, speichern und verarbeiten.<\/p>\n<p>Der Zweck des Sammelns und Auswertens dieser Daten ist es yawave die M\u00f6glichkeit zu geben, Bugs zu reparieren und insbesondere unsere Dienste hinsichtlich der Bed\u00fcrfnisse unserer Nutzer optimieren zu k\u00f6nnen. Unsere Webanalyse Methoden bieten uns auch Daten \u00fcber die Zahl der Besucher, deren zeitliche Verteilung, bevorzugte Inhalte, Zeiten, die auf einer Seite verbracht werden, etc.<\/p>\n<p>[\/et_pb_accordion_item][et_pb_accordion_item title=&#8220;Social Media Widgets&#8220; _builder_version=&#8220;4.14.5&#8243; _module_preset=&#8220;default&#8220; global_colors_info=&#8220;{}&#8220; open=&#8220;off&#8220;]<\/p>\n<p>Unsere Website enth\u00e4lt Funktionen f\u00fcr soziale Medien, die Informationen wie Ihre IP-Adresse oder die Seiten, die Sie auf unserer Website besuchen, sammeln oder ein Cookie setzen k\u00f6nnen, um die Funktionen zu verbessern. Die Social-Media-Funktionen und -Widgets werden entweder von einem Drittanbieter oder direkt auf unserer Website gehostet. Ihre Interaktion mit diesen Funktionen unterliegt den Datenschutzrichtlinien des Unternehmens, das sie bereitstellt.<\/p>\n<p>[\/et_pb_accordion_item][et_pb_accordion_item title=&#8220;Neuer Inhaber&#8220; _builder_version=&#8220;4.14.5&#8243; _module_preset=&#8220;default&#8220; global_colors_info=&#8220;{}&#8220; open=&#8220;off&#8220;]<\/p>\n<p><span>Sollten der Besitz oder die Kontrolle \u00fcber s\u00e4mtliche oder Teile unserer Dienste an einen Dritten \u00fcbergehen, k\u00f6nnen wir deine Informationen an den neuen Inhaber \u00fcbertragen.<\/span><\/p>\n<p>[\/et_pb_accordion_item][et_pb_accordion_item title=&#8220;Datenstandort&#8220; _builder_version=&#8220;4.14.5&#8243; _module_preset=&#8220;default&#8220; global_colors_info=&#8220;{}&#8220; open=&#8220;off&#8220;]<\/p>\n<p>Die yawave Datenbanken werden haupts\u00e4chlich in der Schweiz verwaltet.<\/p>\n<p>Wenn du Fragen oder Vorschl\u00e4ge haben solltest, setze dich bitte mit uns in Verbindung.<\/p>\n<p>wirksam: 1. Dezember 2016<\/p>\n<p>[\/et_pb_accordion_item][\/et_pb_accordion][\/et_pb_column][\/et_pb_row][et_pb_row _builder_version=&#8220;4.14.5&#8243; _module_preset=&#8220;default&#8220;][et_pb_column _builder_version=&#8220;4.14.5&#8243; _module_preset=&#8220;default&#8220; type=&#8220;4_4&#8243;][et_pb_text _builder_version=&#8220;4.14.5&#8243; _module_preset=&#8220;default&#8220; hover_enabled=&#8220;0&#8243; global_colors_info=&#8220;{}&#8220; module_alignment=&#8220;center&#8220; sticky_enabled=&#8220;0&#8243;]<\/p>\n<h2>Weitere Informationen<\/h2>\n<p><a href=\"https:\/\/yawave.com\/de\/vereinbarung-zur-datenverarbeitung\/\">Vereinbarung zur Datenverarbeitung \u2192<\/a><\/p>\n<p>[\/et_pb_text][\/et_pb_column][\/et_pb_row][\/et_pb_section][et_pb_section fb_built=&#8220;1&#8243; _builder_version=&#8220;4.14.5&#8243; _module_preset=&#8220;default&#8220; background_color=&#8220;#0195df&#8220; background_color_gradient_start=&#8220;rgba(255,255,255,0)&#8220; background_color_gradient_end=&#8220;#008cd9&#8243; custom_padding=&#8220;||||false|false&#8220; bottom_divider_color=&#8220;#0195DF&#8220; bottom_divider_height=&#8220;272px&#8220; bottom_divider_repeat=&#8220;1x&#8220; box_shadow_style=&#8220;preset3&#8243; box_shadow_vertical=&#8220;400px&#8220; box_shadow_blur=&#8220;0px&#8220; box_shadow_spread=&#8220;-80px&#8220; box_shadow_color=&#8220;#FFFFFF&#8220; box_shadow_position=&#8220;inner&#8220; global_module=&#8220;6657&#8243; saved_tabs=&#8220;all&#8220; global_colors_info=&#8220;{}&#8220;][et_pb_row _builder_version=&#8220;4.14.5&#8243; _module_preset=&#8220;default&#8220; background_image=&#8220;https:\/\/yawave.com\/wp-content\/uploads\/2022\/02\/yawave_bg_v2.jpg&#8220; custom_padding=&#8220;100px|50px|100px|50px|false|false&#8220; border_radii=&#8220;on|15px|15px|15px|15px&#8220; global_colors_info=&#8220;{}&#8220;][et_pb_column type=&#8220;4_4&#8243; _builder_version=&#8220;4.14.5&#8243; _module_preset=&#8220;default&#8220; global_colors_info=&#8220;{}&#8220;][et_pb_text _builder_version=&#8220;4.14.5&#8243; _module_preset=&#8220;default&#8220; custom_margin_tablet=&#8220;|||60px|false|false&#8220; custom_margin_phone=&#8220;|||0px|false|false&#8220; global_colors_info=&#8220;{}&#8220;]<\/p>\n<h3>Deine Community. Dein Content. Deine Conversions.<\/h3>\n<p>[\/et_pb_text][et_pb_button button_url=&#8220;https:\/\/calendly.com\/markus-koch\/30min&#8220; button_text=&#8220;Demo anfragen&#8220; module_class=&#8220;button_popup&#8220; _builder_version=&#8220;4.14.5&#8243; _module_preset=&#8220;b8fa3559-8baa-4ff5-8a2f-e3752882096f&#8220; custom_margin=&#8220;15px||0px|60px|false|false&#8220; custom_margin_tablet=&#8220;15px||0px|60px|false|false&#8220; custom_margin_phone=&#8220;15px||0px|0px|false|false&#8220; custom_margin_last_edited=&#8220;on|phone&#8220; global_colors_info=&#8220;{}&#8220; button_bg_color__hover_enabled=&#8220;off|desktop&#8220; button_text_color__hover_enabled=&#8220;off|desktop&#8220; button_text_color__hover=&#8220;#000000&#8243;][\/et_pb_button][\/et_pb_column][\/et_pb_row][\/et_pb_section]<\/p>\n","protected":false},"excerpt":{"rendered":"<p>Datenschutz wirksam: 1. Februar 2021 yawave legt grossen Wert auf den Schutz Ihrer Privatsph\u00e4re und die Sicherheit der bei yawave hinterlegten Daten. yawave unternimmt alle \u00fcblichen und zumutbaren Massnahmen zum Schutz pers\u00f6nlicher Informationen vor Verlust, Missbrauch, unberechtigtem Zugriff, Offenlegung, Ver\u00e4nderung oder Zerst\u00f6rung.Die Datenschutzbestimmungen finden Anwendung auf alle Informationen, die du yawave \u00fcber die yawave Webseite [&hellip;]<\/p>\n","protected":false},"author":1,"featured_media":0,"parent":0,"menu_order":0,"comment_status":"closed","ping_status":"closed","template":"","meta":{"_et_pb_use_builder":"on","_et_pb_old_content":"","_et_gb_content_width":"","footnotes":""},"dipi_cpt_category":[],"class_list":["post-8010","page","type-page","status-publish","hentry"],"yoast_head":"<!-- This site is optimized with the Yoast SEO plugin v27.3 - https:\/\/yoast.com\/product\/yoast-seo-wordpress\/ -->\n<title>Datenschutzbestimmungen - yawave User Interaction Suite<\/title>\n<meta name=\"robots\" content=\"index, follow, max-snippet:-1, max-image-preview:large, max-video-preview:-1\" \/>\n<link rel=\"canonical\" href=\"https:\/\/yawave.com\/de\/datenschutzbestimmungen\/\" \/>\n<meta property=\"og:locale\" content=\"de_DE\" \/>\n<meta property=\"og:type\" content=\"article\" \/>\n<meta property=\"og:title\" content=\"Datenschutzbestimmungen - yawave User Interaction Suite\" \/>\n<meta property=\"og:description\" content=\"Datenschutz wirksam: 1. Februar 2021 yawave legt grossen Wert auf den Schutz Ihrer Privatsph\u00e4re und die Sicherheit der bei yawave hinterlegten Daten. yawave unternimmt alle \u00fcblichen und zumutbaren Massnahmen zum Schutz pers\u00f6nlicher Informationen vor Verlust, Missbrauch, unberechtigtem Zugriff, Offenlegung, Ver\u00e4nderung oder Zerst\u00f6rung.Die Datenschutzbestimmungen finden Anwendung auf alle Informationen, die du yawave \u00fcber die yawave Webseite [&hellip;]\" \/>\n<meta property=\"og:url\" content=\"https:\/\/yawave.com\/de\/datenschutzbestimmungen\/\" \/>\n<meta property=\"og:site_name\" content=\"yawave User Interaction Suite\" \/>\n<meta property=\"article:modified_time\" content=\"2022-07-06T13:44:05+00:00\" \/>\n<meta name=\"twitter:card\" content=\"summary_large_image\" \/>\n<meta name=\"twitter:label1\" content=\"Gesch\u00e4tzte Lesezeit\" \/>\n\t<meta name=\"twitter:data1\" content=\"8\u00a0Minuten\" \/>\n<script type=\"application\/ld+json\" class=\"yoast-schema-graph\">{\"@context\":\"https:\\\/\\\/schema.org\",\"@graph\":[{\"@type\":\"WebPage\",\"@id\":\"https:\\\/\\\/yawave.com\\\/de\\\/datenschutzbestimmungen\\\/\",\"url\":\"https:\\\/\\\/yawave.com\\\/de\\\/datenschutzbestimmungen\\\/\",\"name\":\"Datenschutzbestimmungen - yawave User Interaction Suite\",\"isPartOf\":{\"@id\":\"https:\\\/\\\/yawave.com\\\/de\\\/#website\"},\"datePublished\":\"2022-03-21T15:48:29+00:00\",\"dateModified\":\"2022-07-06T13:44:05+00:00\",\"breadcrumb\":{\"@id\":\"https:\\\/\\\/yawave.com\\\/de\\\/datenschutzbestimmungen\\\/#breadcrumb\"},\"inLanguage\":\"de\",\"potentialAction\":[{\"@type\":\"ReadAction\",\"target\":[\"https:\\\/\\\/yawave.com\\\/de\\\/datenschutzbestimmungen\\\/\"]}]},{\"@type\":\"BreadcrumbList\",\"@id\":\"https:\\\/\\\/yawave.com\\\/de\\\/datenschutzbestimmungen\\\/#breadcrumb\",\"itemListElement\":[{\"@type\":\"ListItem\",\"position\":1,\"name\":\"Home\",\"item\":\"https:\\\/\\\/yawave.com\\\/de\\\/\"},{\"@type\":\"ListItem\",\"position\":2,\"name\":\"Datenschutzbestimmungen\"}]},{\"@type\":\"WebSite\",\"@id\":\"https:\\\/\\\/yawave.com\\\/de\\\/#website\",\"url\":\"https:\\\/\\\/yawave.com\\\/de\\\/\",\"name\":\"yawave User Interaction Suite\",\"description\":\"\",\"publisher\":{\"@id\":\"https:\\\/\\\/yawave.com\\\/de\\\/#organization\"},\"potentialAction\":[{\"@type\":\"SearchAction\",\"target\":{\"@type\":\"EntryPoint\",\"urlTemplate\":\"https:\\\/\\\/yawave.com\\\/de\\\/?s={search_term_string}\"},\"query-input\":{\"@type\":\"PropertyValueSpecification\",\"valueRequired\":true,\"valueName\":\"search_term_string\"}}],\"inLanguage\":\"de\"},{\"@type\":\"Organization\",\"@id\":\"https:\\\/\\\/yawave.com\\\/de\\\/#organization\",\"name\":\"yawave\",\"url\":\"https:\\\/\\\/yawave.com\\\/de\\\/\",\"logo\":{\"@type\":\"ImageObject\",\"inLanguage\":\"de\",\"@id\":\"https:\\\/\\\/yawave.com\\\/de\\\/#\\\/schema\\\/logo\\\/image\\\/\",\"url\":\"https:\\\/\\\/yawave.com\\\/wp-content\\\/uploads\\\/2022\\\/05\\\/yawave_logo_blau.png\",\"contentUrl\":\"https:\\\/\\\/yawave.com\\\/wp-content\\\/uploads\\\/2022\\\/05\\\/yawave_logo_blau.png\",\"width\":150,\"height\":29,\"caption\":\"yawave\"},\"image\":{\"@id\":\"https:\\\/\\\/yawave.com\\\/de\\\/#\\\/schema\\\/logo\\\/image\\\/\"}}]}<\/script>\n<!-- \/ Yoast SEO plugin. -->","yoast_head_json":{"title":"Datenschutzbestimmungen - yawave User Interaction Suite","robots":{"index":"index","follow":"follow","max-snippet":"max-snippet:-1","max-image-preview":"max-image-preview:large","max-video-preview":"max-video-preview:-1"},"canonical":"https:\/\/yawave.com\/de\/datenschutzbestimmungen\/","og_locale":"de_DE","og_type":"article","og_title":"Datenschutzbestimmungen - yawave User Interaction Suite","og_description":"Datenschutz wirksam: 1. Februar 2021 yawave legt grossen Wert auf den Schutz Ihrer Privatsph\u00e4re und die Sicherheit der bei yawave hinterlegten Daten. yawave unternimmt alle \u00fcblichen und zumutbaren Massnahmen zum Schutz pers\u00f6nlicher Informationen vor Verlust, Missbrauch, unberechtigtem Zugriff, Offenlegung, Ver\u00e4nderung oder Zerst\u00f6rung.Die Datenschutzbestimmungen finden Anwendung auf alle Informationen, die du yawave \u00fcber die yawave Webseite [&hellip;]","og_url":"https:\/\/yawave.com\/de\/datenschutzbestimmungen\/","og_site_name":"yawave User Interaction Suite","article_modified_time":"2022-07-06T13:44:05+00:00","twitter_card":"summary_large_image","twitter_misc":{"Gesch\u00e4tzte Lesezeit":"8\u00a0Minuten"},"schema":{"@context":"https:\/\/schema.org","@graph":[{"@type":"WebPage","@id":"https:\/\/yawave.com\/de\/datenschutzbestimmungen\/","url":"https:\/\/yawave.com\/de\/datenschutzbestimmungen\/","name":"Datenschutzbestimmungen - yawave User Interaction Suite","isPartOf":{"@id":"https:\/\/yawave.com\/de\/#website"},"datePublished":"2022-03-21T15:48:29+00:00","dateModified":"2022-07-06T13:44:05+00:00","breadcrumb":{"@id":"https:\/\/yawave.com\/de\/datenschutzbestimmungen\/#breadcrumb"},"inLanguage":"de","potentialAction":[{"@type":"ReadAction","target":["https:\/\/yawave.com\/de\/datenschutzbestimmungen\/"]}]},{"@type":"BreadcrumbList","@id":"https:\/\/yawave.com\/de\/datenschutzbestimmungen\/#breadcrumb","itemListElement":[{"@type":"ListItem","position":1,"name":"Home","item":"https:\/\/yawave.com\/de\/"},{"@type":"ListItem","position":2,"name":"Datenschutzbestimmungen"}]},{"@type":"WebSite","@id":"https:\/\/yawave.com\/de\/#website","url":"https:\/\/yawave.com\/de\/","name":"yawave User Interaction Suite","description":"","publisher":{"@id":"https:\/\/yawave.com\/de\/#organization"},"potentialAction":[{"@type":"SearchAction","target":{"@type":"EntryPoint","urlTemplate":"https:\/\/yawave.com\/de\/?s={search_term_string}"},"query-input":{"@type":"PropertyValueSpecification","valueRequired":true,"valueName":"search_term_string"}}],"inLanguage":"de"},{"@type":"Organization","@id":"https:\/\/yawave.com\/de\/#organization","name":"yawave","url":"https:\/\/yawave.com\/de\/","logo":{"@type":"ImageObject","inLanguage":"de","@id":"https:\/\/yawave.com\/de\/#\/schema\/logo\/image\/","url":"https:\/\/yawave.com\/wp-content\/uploads\/2022\/05\/yawave_logo_blau.png","contentUrl":"https:\/\/yawave.com\/wp-content\/uploads\/2022\/05\/yawave_logo_blau.png","width":150,"height":29,"caption":"yawave"},"image":{"@id":"https:\/\/yawave.com\/de\/#\/schema\/logo\/image\/"}}]}},"_links":{"self":[{"href":"https:\/\/yawave.com\/de\/wp-json\/wp\/v2\/pages\/8010","targetHints":{"allow":["GET"]}}],"collection":[{"href":"https:\/\/yawave.com\/de\/wp-json\/wp\/v2\/pages"}],"about":[{"href":"https:\/\/yawave.com\/de\/wp-json\/wp\/v2\/types\/page"}],"author":[{"embeddable":true,"href":"https:\/\/yawave.com\/de\/wp-json\/wp\/v2\/users\/1"}],"replies":[{"embeddable":true,"href":"https:\/\/yawave.com\/de\/wp-json\/wp\/v2\/comments?post=8010"}],"version-history":[{"count":7,"href":"https:\/\/yawave.com\/de\/wp-json\/wp\/v2\/pages\/8010\/revisions"}],"predecessor-version":[{"id":13361,"href":"https:\/\/yawave.com\/de\/wp-json\/wp\/v2\/pages\/8010\/revisions\/13361"}],"wp:attachment":[{"href":"https:\/\/yawave.com\/de\/wp-json\/wp\/v2\/media?parent=8010"}],"wp:term":[{"taxonomy":"dipi_cpt_category","embeddable":true,"href":"https:\/\/yawave.com\/de\/wp-json\/wp\/v2\/dipi_cpt_category?post=8010"}],"curies":[{"name":"wp","href":"https:\/\/api.w.org\/{rel}","templated":true}]}}