{"id":8001,"date":"2022-03-21T16:26:10","date_gmt":"2022-03-21T15:26:10","guid":{"rendered":"https:\/\/yawave.com\/?page_id=8001"},"modified":"2022-03-21T16:31:43","modified_gmt":"2022-03-21T15:31:43","slug":"cookie-richtlinien","status":"publish","type":"page","link":"https:\/\/yawave.com\/de\/cookie-richtlinien\/","title":{"rendered":"Cookie Richtlinien"},"content":{"rendered":"<p>[et_pb_section fb_built=&#8220;1&#8243; next_background_color=&#8220;#ffffff&#8220; admin_label=&#8220;Center Aligned Text &#8220; _builder_version=&#8220;4.14.5&#8243; background_color=&#8220;#f8fbfe&#8220; background_color_gradient_start=&#8220;#0195df&#8220; background_color_gradient_end=&#8220;#174a8f&#8220; background_color_gradient_direction=&#8220;135deg&#8220; background_image=&#8220;http:\/\/yawave.com\/wp-content\/uploads\/2022\/02\/yawave_bg_v2.jpg&#8220; custom_padding=&#8220;|0px||0px|false|false&#8220; bottom_divider_style=&#8220;waves&#8220; animation_direction=&#8220;bottom&#8220; global_colors_info=&#8220;{}&#8220;][et_pb_row column_structure=&#8220;1_2,1_2&#8243; _builder_version=&#8220;4.14.5&#8243; _module_preset=&#8220;default&#8220; custom_margin=&#8220;50px||||false|false&#8220; custom_padding=&#8220;||||false|false&#8220; global_colors_info=&#8220;{}&#8220;][et_pb_column type=&#8220;1_2&#8243; _builder_version=&#8220;4.14.5&#8243; _module_preset=&#8220;default&#8220; global_colors_info=&#8220;{}&#8220;][et_pb_text _builder_version=&#8220;4.14.5&#8243; _module_preset=&#8220;6ca588f9-ac17-4b5e-aa89-4a59b7cc4e0f&#8220; global_colors_info=&#8220;{}&#8220;]<\/p>\n<h1>Cookie Richtlinien<\/h1>\n<header class=\"heading-wide text-center\">\n<p class=\"s20\" style=\"text-align: left;\">wirksam: 1. Februar 2021<\/p>\n<\/header>\n<p>[\/et_pb_text][\/et_pb_column][et_pb_column type=&#8220;1_2&#8243; _builder_version=&#8220;4.14.5&#8243; _module_preset=&#8220;default&#8220; global_colors_info=&#8220;{}&#8220;][\/et_pb_column][\/et_pb_row][\/et_pb_section][et_pb_section fb_built=&#8220;1&#8243; admin_label=&#8220;Features CTA Section&#8220; _builder_version=&#8220;4.14.5&#8243; use_background_color_gradient=&#8220;on&#8220; background_color_gradient_start=&#8220;#ffffff&#8220; background_color_gradient_end=&#8220;rgba(229,229,229,0.25)&#8220; background_color_gradient_start_position=&#8220;50%&#8220; custom_padding=&#8220;100px|0px|100px|0px&#8220; bottom_divider_style=&#8220;waves&#8220; bottom_divider_color=&#8220;#FFFFFF&#8220; saved_tabs=&#8220;all&#8220; global_colors_info=&#8220;{}&#8220;][et_pb_row _builder_version=&#8220;4.14.5&#8243; _module_preset=&#8220;default&#8220; global_colors_info=&#8220;{}&#8220;][et_pb_column type=&#8220;4_4&#8243; _builder_version=&#8220;4.14.5&#8243; _module_preset=&#8220;default&#8220; global_colors_info=&#8220;{}&#8220;][et_pb_accordion closed_toggle_background_color=&#8220;rgba(232,232,232,0.17)&#8220; _builder_version=&#8220;4.14.5&#8243; _module_preset=&#8220;default&#8220; hover_enabled=&#8220;0&#8243; global_colors_info=&#8220;{}&#8220; closed_toggle_font=&#8220;||||||||&#8220; border_radii=&#8220;off|||15px|15px&#8220; sticky_enabled=&#8220;0&#8243;][et_pb_accordion_item title=&#8220;Was ist das?&#8220; open=&#8220;on&#8220; _builder_version=&#8220;4.14.5&#8243; _module_preset=&#8220;default&#8220; border_color_top=&#8220;#FFFFFF&#8220; global_colors_info=&#8220;{}&#8220;]<\/p>\n<p>Cookies sind kleine Dateien, die von Webseiten auf deinem Computer gesetzt werden, w\u00e4hrend du im Internet surfst. Wie viele andere Webseiten verwenden wir bei Yawave Cookies, um herauszufinden, wie unsere Dienste genutzt werden und wie wir diese verbessern k\u00f6nnen.<\/p>\n<p>Ein Pixel-Tag ist eine kleine Code-Zeichenfolge auf einer Webseite oder in einer E-Mail Mitteilung. Wie viele andere Dienste verwenden wir Pixel-Tags, um herauszufinden, ob du auf bestimmte Web- oder E-Mail-Inhalte zugegriffen hast. Dies hilft uns, unsere Dienste zu bewerten und zu optimieren und dein Yawave Erlebnis zu personalisieren.<\/p>\n<p>Lokale Speicherung ist eine branchen\u00fcbliche Technologie, mit deren Hilfe eine Webseite oder Applikation Informationen lokal auf deinem Computer oder Mobilger\u00e4t speichern kann. Wir verwenden lokale Speicherung, um die f\u00fcr dich sichtbaren Anzeigen an dich anzupassen \u2013 basierend auf deinen Interaktionen mit Yawave in der Vergangenheit.<\/p>\n<p>[\/et_pb_accordion_item][et_pb_accordion_item title=&#8220;Warum wir sie benutzten&#8220; _builder_version=&#8220;4.14.5&#8243; _module_preset=&#8220;default&#8220; border_color_top=&#8220;#FFFFFF&#8220; global_colors_info=&#8220;{}&#8220; open=&#8220;off&#8220;]<\/p>\n<p><span>Yawave benutzt Cookies und diese weiteren Technologien, um dich als wiederkehrenden Besucher zu erkennen, um die Qualit\u00e4t unserer Dienste zu verbessern, und dein Erlebnis beim Browsen sinnvoller gestalten zu k\u00f6nnen.<\/span><\/p>\n<p>[\/et_pb_accordion_item][et_pb_accordion_item title=&#8220;Wie sie funktionieren&#8220; _builder_version=&#8220;4.14.5&#8243; _module_preset=&#8220;default&#8220; border_color_top=&#8220;#FFFFFF&#8220; global_colors_info=&#8220;{}&#8220; open=&#8220;off&#8220;]<\/p>\n<p>Wenn du Yawave besuchst, schickt unser Webserver ein Cookie zu deinem Ger\u00e4t, was uns erlaubt, dein Ger\u00e4t zu erkennen (nicht aber die Person, die es gerade benutzt). Indem wir die Kennnummern in den Cookies mit anderen Kontoinformationen verbinden, wenn du dich z. B. bei den Diensten anmeldest, wissen wir, dass die Information des Cookies sich auf dein Nutzerkonto bezieht. Auf \u00e4hnliche Weise helfen Pixel Tags auf Yawave und in der Email-Kommunikation dabei, die Nutzung deines Ger\u00e4tes beim Interagieren mit Yawave zu identifizieren. Einige der von unseren Diensten benutzten Tags und Cookies, werden von uns bedient, w\u00e4hrend einige andere von verl\u00e4sslichen Partnern stammen, die ihre Dienste in unserem Namen liefern (z. B. zur Webanalyse oder bei Widgets sozialer Medien).<\/p>\n<p>Einige Beispiele der Arten von Cookies und anderer von Yawave benutzter Technologien:<\/p>\n<ul>\n<li>Authentifizierung: Yawave verwendet Cookies und \u00e4hnliche Technologien zur Authentifizierung, um uns mitzuteilen, wenn du dich bei Yawave angemeldet hast. Dies gibt uns die M\u00f6glichkeit, dir Ansichten gem\u00e4\u00df deiner pers\u00f6nlichen Interessen zu zeigen und dich mit Social Waves zu verbinden, mit denen du bereits interagiert haben k\u00f6nntest.<\/li>\n<li>Sicherheit: Cookies helfen zudem, Yawave durch die Aktivierung von Sicherheits-Features zu sch\u00fctzen und Aktivit\u00e4ten zu erkennen, die unsere Richtlinien und Nutzungsbedingungen verletzen k\u00f6nnten. Diese Cookies helfen uns, dein Konto vor unerlaubtem Zugriff zu sch\u00fctzen, dich von einem solchen in Kenntnis zu setzen und Ressourcen zur Verf\u00fcgung zu stellen, die es uns erlauben, all deine aktiven Sessions zu deaktivieren (z. B., wenn du dich abmeldest oder dein Kennwort \u00e4nderst).<\/li>\n<li>Lokalisation: Einige Cookies helfen uns dabei, lokalisierte Erfahrungen zur Verf\u00fcgung zu stellen &#8211; z. B. indem wir sicherstellen, dass du Yawave in deiner bevorzugten Sprache siehst.<\/li>\n<li>Webseitenfunktionen und Dienste: Yawave benutzt Cookies, die Funktionalit\u00e4ten bieten und uns dabei helfen, unsere Produkte und Dienste zu erm\u00f6glichen &#8211; zum Beispiel, indem du deine Pr\u00e4ferenzen speicherst oder das Feld mit dem Nutzernamen vorab bei der Anmeldung speicherst.<\/li>\n<li>Leistung: Performance Cookies helfen uns, den Verkehr zwischen Servern zu steuern und die Leistungsf\u00e4higkeit von Yawave zu verstehen, damit wir dir bestm\u00f6gliche Erlebnisse anbieten k\u00f6nnen.<\/li>\n<li>Analytik und Forschung: Cookies und andere Technologien helfen uns auch, die Funktionen und den Inhalt der Yawave Webseite zu verstehen, zu verbessern und zu erforschen. Z. B. k\u00f6nnten wir Cookies dazu benutzen, um zu verstehen, wie du Social Waves entdeckst oder welche Arten von Browser oder Ger\u00e4te du benutzt.<\/li>\n<\/ul>\n<p>Die meisten Browser akzeptieren Cookies automatisch. Wenn du es jedoch bevorzugst, dann kannst du deinen Browser so einstellen, dass dies verhindert wird oder du jedes Mal davon unterrichtet wirst. Das Blockieren oder das L\u00f6schen von Cookies k\u00f6nnte dich allerdings daran hindern, den vollen Nutzens aus unseren Diensten zu ziehen.<\/p>\n<p>Wenn du Fragen oder Vorschl\u00e4ge haben solltest, setze dich bitte mit uns in Verbindung.<\/p>\n<p>[\/et_pb_accordion_item][\/et_pb_accordion][\/et_pb_column][\/et_pb_row][\/et_pb_section][et_pb_section fb_built=&#8220;1&#8243; _builder_version=&#8220;4.14.5&#8243; _module_preset=&#8220;default&#8220; background_color=&#8220;#008cd9&#8243; background_color_gradient_start=&#8220;rgba(255,255,255,0)&#8220; background_color_gradient_end=&#8220;#008cd9&#8243; custom_padding=&#8220;||||false|false&#8220; bottom_divider_color=&#8220;#0195DF&#8220; bottom_divider_height=&#8220;272px&#8220; bottom_divider_repeat=&#8220;1x&#8220; box_shadow_style=&#8220;preset3&#8243; box_shadow_vertical=&#8220;400px&#8220; box_shadow_blur=&#8220;0px&#8220; box_shadow_spread=&#8220;-80px&#8220; box_shadow_color=&#8220;#FFFFFF&#8220; box_shadow_position=&#8220;inner&#8220; global_module=&#8220;6657&#8243; saved_tabs=&#8220;all&#8220; global_colors_info=&#8220;{}&#8220;][et_pb_row _builder_version=&#8220;4.14.5&#8243; _module_preset=&#8220;default&#8220; background_image=&#8220;https:\/\/yawave.com\/wp-content\/uploads\/2022\/02\/yawave_bg_v2.jpg&#8220; custom_padding=&#8220;100px|50px|100px|50px|false|false&#8220; border_radii=&#8220;on|15px|15px|15px|15px&#8220; global_colors_info=&#8220;{}&#8220;][et_pb_column type=&#8220;4_4&#8243; _builder_version=&#8220;4.14.5&#8243; _module_preset=&#8220;default&#8220; global_colors_info=&#8220;{}&#8220;][et_pb_text _builder_version=&#8220;4.14.5&#8243; _module_preset=&#8220;default&#8220; header_3_font=&#8220;Proxima Nova Light||||||||&#8220; header_3_font_size=&#8220;35px&#8220; custom_margin=&#8220;|||60px|false|false&#8220; custom_margin_tablet=&#8220;|||60px|false|false&#8220; custom_margin_phone=&#8220;|||0px|false|false&#8220; custom_margin_last_edited=&#8220;on|phone&#8220; header_3_font_size_phone=&#8220;35px&#8220; header_3_font_size_last_edited=&#8220;off|phone&#8220; global_colors_info=&#8220;{}&#8220;]<\/p>\n<h3>Deine Community. Dein Content. Deine Conversions.<\/h3>\n<p>[\/et_pb_text][et_pb_button button_url=&#8220;https:\/\/calendly.com\/christoph-burri\/yawave-austausch-45-minuten&#8220; button_text=&#8220;Demo anfragen&#8220; _builder_version=&#8220;4.14.5&#8243; _module_preset=&#8220;b8fa3559-8baa-4ff5-8a2f-e3752882096f&#8220; custom_margin=&#8220;15px||0px|60px|false|false&#8220; custom_margin_tablet=&#8220;15px||0px|60px|false|false&#8220; custom_margin_phone=&#8220;15px||0px|0px|false|false&#8220; custom_margin_last_edited=&#8220;on|phone&#8220; global_colors_info=&#8220;{}&#8220; button_bg_color__hover_enabled=&#8220;on|desktop&#8220; button_text_color__hover_enabled=&#8220;on|hover&#8220; button_text_color__hover=&#8220;#000000&#8243;][\/et_pb_button][\/et_pb_column][\/et_pb_row][\/et_pb_section]<\/p>\n","protected":false},"excerpt":{"rendered":"<p>Cookie Richtlinien wirksam: 1. Februar 2021 Cookies sind kleine Dateien, die von Webseiten auf deinem Computer gesetzt werden, w\u00e4hrend du im Internet surfst. Wie viele andere Webseiten verwenden wir bei Yawave Cookies, um herauszufinden, wie unsere Dienste genutzt werden und wie wir diese verbessern k\u00f6nnen. Ein Pixel-Tag ist eine kleine Code-Zeichenfolge auf einer Webseite oder [&hellip;]<\/p>\n","protected":false},"author":1,"featured_media":0,"parent":0,"menu_order":0,"comment_status":"closed","ping_status":"closed","template":"","meta":{"_et_pb_use_builder":"on","_et_pb_old_content":"","_et_gb_content_width":"","footnotes":""},"dipi_cpt_category":[],"class_list":["post-8001","page","type-page","status-publish","hentry"],"yoast_head":"<!-- This site is optimized with the Yoast SEO plugin v27.6 - https:\/\/yoast.com\/product\/yoast-seo-wordpress\/ -->\n<title>Cookie Richtlinien - yawave User Interaction Suite<\/title>\n<meta name=\"robots\" content=\"index, follow, max-snippet:-1, max-image-preview:large, max-video-preview:-1\" \/>\n<link rel=\"canonical\" href=\"https:\/\/yawave.com\/de\/cookie-richtlinien\/\" \/>\n<meta property=\"og:locale\" content=\"de_DE\" \/>\n<meta property=\"og:type\" content=\"article\" \/>\n<meta property=\"og:title\" content=\"Cookie Richtlinien - yawave User Interaction Suite\" \/>\n<meta property=\"og:description\" content=\"Cookie Richtlinien wirksam: 1. Februar 2021 Cookies sind kleine Dateien, die von Webseiten auf deinem Computer gesetzt werden, w\u00e4hrend du im Internet surfst. Wie viele andere Webseiten verwenden wir bei Yawave Cookies, um herauszufinden, wie unsere Dienste genutzt werden und wie wir diese verbessern k\u00f6nnen. Ein Pixel-Tag ist eine kleine Code-Zeichenfolge auf einer Webseite oder [&hellip;]\" \/>\n<meta property=\"og:url\" content=\"https:\/\/yawave.com\/de\/cookie-richtlinien\/\" \/>\n<meta property=\"og:site_name\" content=\"yawave User Interaction Suite\" \/>\n<meta property=\"article:modified_time\" content=\"2022-03-21T15:31:43+00:00\" \/>\n<meta name=\"twitter:card\" content=\"summary_large_image\" \/>\n<meta name=\"twitter:label1\" content=\"Gesch\u00e4tzte Lesezeit\" \/>\n\t<meta name=\"twitter:data1\" content=\"6\u00a0Minuten\" \/>\n<script type=\"application\/ld+json\" class=\"yoast-schema-graph\">{\"@context\":\"https:\\\/\\\/schema.org\",\"@graph\":[{\"@type\":\"WebPage\",\"@id\":\"https:\\\/\\\/yawave.com\\\/de\\\/cookie-richtlinien\\\/\",\"url\":\"https:\\\/\\\/yawave.com\\\/de\\\/cookie-richtlinien\\\/\",\"name\":\"Cookie Richtlinien - yawave User Interaction Suite\",\"isPartOf\":{\"@id\":\"https:\\\/\\\/yawave.com\\\/de\\\/#website\"},\"datePublished\":\"2022-03-21T15:26:10+00:00\",\"dateModified\":\"2022-03-21T15:31:43+00:00\",\"breadcrumb\":{\"@id\":\"https:\\\/\\\/yawave.com\\\/de\\\/cookie-richtlinien\\\/#breadcrumb\"},\"inLanguage\":\"de\",\"potentialAction\":[{\"@type\":\"ReadAction\",\"target\":[\"https:\\\/\\\/yawave.com\\\/de\\\/cookie-richtlinien\\\/\"]}]},{\"@type\":\"BreadcrumbList\",\"@id\":\"https:\\\/\\\/yawave.com\\\/de\\\/cookie-richtlinien\\\/#breadcrumb\",\"itemListElement\":[{\"@type\":\"ListItem\",\"position\":1,\"name\":\"Home\",\"item\":\"https:\\\/\\\/yawave.com\\\/de\\\/\"},{\"@type\":\"ListItem\",\"position\":2,\"name\":\"Cookie Richtlinien\"}]},{\"@type\":\"WebSite\",\"@id\":\"https:\\\/\\\/yawave.com\\\/de\\\/#website\",\"url\":\"https:\\\/\\\/yawave.com\\\/de\\\/\",\"name\":\"yawave User Interaction Suite\",\"description\":\"\",\"publisher\":{\"@id\":\"https:\\\/\\\/yawave.com\\\/de\\\/#organization\"},\"potentialAction\":[{\"@type\":\"SearchAction\",\"target\":{\"@type\":\"EntryPoint\",\"urlTemplate\":\"https:\\\/\\\/yawave.com\\\/de\\\/?s={search_term_string}\"},\"query-input\":{\"@type\":\"PropertyValueSpecification\",\"valueRequired\":true,\"valueName\":\"search_term_string\"}}],\"inLanguage\":\"de\"},{\"@type\":\"Organization\",\"@id\":\"https:\\\/\\\/yawave.com\\\/de\\\/#organization\",\"name\":\"yawave\",\"url\":\"https:\\\/\\\/yawave.com\\\/de\\\/\",\"logo\":{\"@type\":\"ImageObject\",\"inLanguage\":\"de\",\"@id\":\"https:\\\/\\\/yawave.com\\\/de\\\/#\\\/schema\\\/logo\\\/image\\\/\",\"url\":\"https:\\\/\\\/yawave.com\\\/wp-content\\\/uploads\\\/2022\\\/05\\\/yawave_logo_blau.png\",\"contentUrl\":\"https:\\\/\\\/yawave.com\\\/wp-content\\\/uploads\\\/2022\\\/05\\\/yawave_logo_blau.png\",\"width\":150,\"height\":29,\"caption\":\"yawave\"},\"image\":{\"@id\":\"https:\\\/\\\/yawave.com\\\/de\\\/#\\\/schema\\\/logo\\\/image\\\/\"}}]}<\/script>\n<!-- \/ Yoast SEO plugin. -->","yoast_head_json":{"title":"Cookie Richtlinien - yawave User Interaction Suite","robots":{"index":"index","follow":"follow","max-snippet":"max-snippet:-1","max-image-preview":"max-image-preview:large","max-video-preview":"max-video-preview:-1"},"canonical":"https:\/\/yawave.com\/de\/cookie-richtlinien\/","og_locale":"de_DE","og_type":"article","og_title":"Cookie Richtlinien - yawave User Interaction Suite","og_description":"Cookie Richtlinien wirksam: 1. Februar 2021 Cookies sind kleine Dateien, die von Webseiten auf deinem Computer gesetzt werden, w\u00e4hrend du im Internet surfst. Wie viele andere Webseiten verwenden wir bei Yawave Cookies, um herauszufinden, wie unsere Dienste genutzt werden und wie wir diese verbessern k\u00f6nnen. Ein Pixel-Tag ist eine kleine Code-Zeichenfolge auf einer Webseite oder [&hellip;]","og_url":"https:\/\/yawave.com\/de\/cookie-richtlinien\/","og_site_name":"yawave User Interaction Suite","article_modified_time":"2022-03-21T15:31:43+00:00","twitter_card":"summary_large_image","twitter_misc":{"Gesch\u00e4tzte Lesezeit":"6\u00a0Minuten"},"schema":{"@context":"https:\/\/schema.org","@graph":[{"@type":"WebPage","@id":"https:\/\/yawave.com\/de\/cookie-richtlinien\/","url":"https:\/\/yawave.com\/de\/cookie-richtlinien\/","name":"Cookie Richtlinien - yawave User Interaction Suite","isPartOf":{"@id":"https:\/\/yawave.com\/de\/#website"},"datePublished":"2022-03-21T15:26:10+00:00","dateModified":"2022-03-21T15:31:43+00:00","breadcrumb":{"@id":"https:\/\/yawave.com\/de\/cookie-richtlinien\/#breadcrumb"},"inLanguage":"de","potentialAction":[{"@type":"ReadAction","target":["https:\/\/yawave.com\/de\/cookie-richtlinien\/"]}]},{"@type":"BreadcrumbList","@id":"https:\/\/yawave.com\/de\/cookie-richtlinien\/#breadcrumb","itemListElement":[{"@type":"ListItem","position":1,"name":"Home","item":"https:\/\/yawave.com\/de\/"},{"@type":"ListItem","position":2,"name":"Cookie Richtlinien"}]},{"@type":"WebSite","@id":"https:\/\/yawave.com\/de\/#website","url":"https:\/\/yawave.com\/de\/","name":"yawave User Interaction Suite","description":"","publisher":{"@id":"https:\/\/yawave.com\/de\/#organization"},"potentialAction":[{"@type":"SearchAction","target":{"@type":"EntryPoint","urlTemplate":"https:\/\/yawave.com\/de\/?s={search_term_string}"},"query-input":{"@type":"PropertyValueSpecification","valueRequired":true,"valueName":"search_term_string"}}],"inLanguage":"de"},{"@type":"Organization","@id":"https:\/\/yawave.com\/de\/#organization","name":"yawave","url":"https:\/\/yawave.com\/de\/","logo":{"@type":"ImageObject","inLanguage":"de","@id":"https:\/\/yawave.com\/de\/#\/schema\/logo\/image\/","url":"https:\/\/yawave.com\/wp-content\/uploads\/2022\/05\/yawave_logo_blau.png","contentUrl":"https:\/\/yawave.com\/wp-content\/uploads\/2022\/05\/yawave_logo_blau.png","width":150,"height":29,"caption":"yawave"},"image":{"@id":"https:\/\/yawave.com\/de\/#\/schema\/logo\/image\/"}}]}},"_links":{"self":[{"href":"https:\/\/yawave.com\/de\/wp-json\/wp\/v2\/pages\/8001","targetHints":{"allow":["GET"]}}],"collection":[{"href":"https:\/\/yawave.com\/de\/wp-json\/wp\/v2\/pages"}],"about":[{"href":"https:\/\/yawave.com\/de\/wp-json\/wp\/v2\/types\/page"}],"author":[{"embeddable":true,"href":"https:\/\/yawave.com\/de\/wp-json\/wp\/v2\/users\/1"}],"replies":[{"embeddable":true,"href":"https:\/\/yawave.com\/de\/wp-json\/wp\/v2\/comments?post=8001"}],"version-history":[{"count":5,"href":"https:\/\/yawave.com\/de\/wp-json\/wp\/v2\/pages\/8001\/revisions"}],"predecessor-version":[{"id":8009,"href":"https:\/\/yawave.com\/de\/wp-json\/wp\/v2\/pages\/8001\/revisions\/8009"}],"wp:attachment":[{"href":"https:\/\/yawave.com\/de\/wp-json\/wp\/v2\/media?parent=8001"}],"wp:term":[{"taxonomy":"dipi_cpt_category","embeddable":true,"href":"https:\/\/yawave.com\/de\/wp-json\/wp\/v2\/dipi_cpt_category?post=8001"}],"curies":[{"name":"wp","href":"https:\/\/api.w.org\/{rel}","templated":true}]}}