{"id":7993,"date":"2022-03-21T16:14:13","date_gmt":"2022-03-21T15:14:13","guid":{"rendered":"https:\/\/yawave.com\/?page_id=7993"},"modified":"2025-02-04T09:32:44","modified_gmt":"2025-02-04T08:32:44","slug":"jobs","status":"publish","type":"page","link":"https:\/\/yawave.com\/de\/jobs\/","title":{"rendered":"Jobs"},"content":{"rendered":"<p>[et_pb_section fb_built=&#8220;1&#8243; next_background_color=&#8220;#ffffff&#8220; admin_label=&#8220;Center Aligned Text &#8220; _builder_version=&#8220;4.16&#8243; background_color=&#8220;#f8fbfe&#8220; background_color_gradient_direction=&#8220;135deg&#8220; background_color_gradient_start=&#8220;#0195df&#8220; background_color_gradient_end=&#8220;#174a8f&#8220; background_image=&#8220;http:\/\/yawave.com\/wp-content\/uploads\/2022\/02\/yawave_bg_v2.jpg&#8220; custom_padding=&#8220;|0px||0px|false|false&#8220; bottom_divider_style=&#8220;waves&#8220; animation_direction=&#8220;bottom&#8220; global_colors_info=&#8220;{}&#8220;][et_pb_row column_structure=&#8220;1_2,1_2&#8243; _builder_version=&#8220;4.22.1&#8243; _module_preset=&#8220;default&#8220; custom_margin=&#8220;||||false|false&#8220; custom_padding=&#8220;||||false|false&#8220; global_colors_info=&#8220;{}&#8220;][et_pb_column type=&#8220;1_2&#8243; _builder_version=&#8220;4.16&#8243; _module_preset=&#8220;default&#8220; global_colors_info=&#8220;{}&#8220;][et_pb_text _builder_version=&#8220;4.22.1&#8243; _module_preset=&#8220;6ca588f9-ac17-4b5e-aa89-4a59b7cc4e0f&#8220; custom_padding=&#8220;0%||||false|false&#8220; global_colors_info=&#8220;{}&#8220;]<\/p>\n<h1>Arbeiten bei yawave<\/h1>\n<p style=\"text-align: left;\">Software aus dem Herzen der Schweiz<\/p>\n<p>[\/et_pb_text][\/et_pb_column][et_pb_column type=&#8220;1_2&#8243; _builder_version=&#8220;4.16&#8243; _module_preset=&#8220;default&#8220; global_colors_info=&#8220;{}&#8220;][\/et_pb_column][\/et_pb_row][\/et_pb_section][et_pb_section fb_built=&#8220;1&#8243; custom_padding_last_edited=&#8220;on|phone&#8220; admin_label=&#8220;Features CTA Section&#8220; _builder_version=&#8220;4.22.1&#8243; use_background_color_gradient=&#8220;on&#8220; background_color_gradient_stops=&#8220;#ffffff 50%|rgba(229,229,229,0.25) 100%&#8220; background_color_gradient_start=&#8220;#ffffff&#8220; background_color_gradient_start_position=&#8220;50%&#8220; background_color_gradient_end=&#8220;rgba(229,229,229,0.25)&#8220; custom_padding=&#8220;100px|0px|100px|0px&#8220; custom_padding_tablet=&#8220;100px|0px|100px|0px&#8220; custom_padding_phone=&#8220;0px|0px|100px|0px|false|false&#8220; bottom_divider_style=&#8220;waves&#8220; bottom_divider_color=&#8220;#FFFFFF&#8220; saved_tabs=&#8220;all&#8220; global_colors_info=&#8220;{}&#8220;][et_pb_row custom_padding_last_edited=&#8220;on|phone&#8220; _builder_version=&#8220;4.27.4&#8243; _module_preset=&#8220;default&#8220; custom_padding_tablet=&#8220;&#8220; custom_padding_phone=&#8220;||0px||false|false&#8220; hover_enabled=&#8220;0&#8243; global_colors_info=&#8220;{}&#8220; disabled_on=&#8220;on|on|on&#8220; disabled=&#8220;on&#8220; sticky_enabled=&#8220;0&#8243;][et_pb_column type=&#8220;4_4&#8243; _builder_version=&#8220;4.16&#8243; _module_preset=&#8220;default&#8220; global_colors_info=&#8220;{}&#8220;][et_pb_blog posts_number=&#8220;3&#8243; include_categories=&#8220;145&#8243; meta_date=&#8220;j. F, Y&#8220; show_thumbnail=&#8220;off&#8220; show_author=&#8220;off&#8220; show_categories=&#8220;off&#8220; _builder_version=&#8220;4.22.1&#8243; _module_preset=&#8220;default&#8220; header_line_height=&#8220;1.1em&#8220; header_font_size_tablet=&#8220;&#8220; header_font_size_phone=&#8220;22px&#8220; header_font_size_last_edited=&#8220;on|phone&#8220; global_colors_info=&#8220;{}&#8220;][\/et_pb_blog][\/et_pb_column][\/et_pb_row][et_pb_row column_structure=&#8220;1_2,1_2&#8243; admin_label=&#8220;Right Sided Image&#8220; _builder_version=&#8220;4.16&#8243; custom_padding=&#8220;60px|0px|60px|0px&#8220; locked=&#8220;off&#8220; global_colors_info=&#8220;{}&#8220;][et_pb_column type=&#8220;1_2&#8243; _builder_version=&#8220;4.16&#8243; custom_padding=&#8220;|||&#8220; global_colors_info=&#8220;{}&#8220; custom_padding__hover=&#8220;|||&#8220;][et_pb_text _builder_version=&#8220;4.22.1&#8243; _module_preset=&#8220;76b1ee4c-8d5f-4c2d-85b9-c449a7bdd80e&#8220; global_colors_info=&#8220;{}&#8220;]<\/p>\n<h2>Spontanbewerbung<\/h2>\n<p>Du m\u00f6chtest bei uns arbeiten, es ist aber aktuell keine passende Stelle f\u00fcr dich frei?<\/p>\n<p>Wenn du der Meinung bist, dass du uns weiterhelfen k\u00f6nntest und wir dich kennenlernen sollten, dann schick uns eine Spontanbewerbung inklusive den \u00fcblichen Unterlagen zu.<\/p>\n<p>contact@yawave.com<br \/>Julia K\u00fcchler<br \/>Abteilung HR<br \/>Hirschmattstrasse 15<br \/>6003 Luzern<br \/>+41 41 340 35 35<\/p>\n<p>[\/et_pb_text][\/et_pb_column][et_pb_column type=&#8220;1_2&#8243; _builder_version=&#8220;4.16&#8243; custom_padding=&#8220;|||&#8220; global_colors_info=&#8220;{}&#8220; custom_padding__hover=&#8220;|||&#8220;][et_pb_image src=&#8220;https:\/\/yawave.com\/wp-content\/uploads\/2022\/03\/Julia-Profilbild.jpeg&#8220; title_text=&#8220;Julia-Profilbild&#8220; align_tablet=&#8220;center&#8220; align_phone=&#8220;center&#8220; align_last_edited=&#8220;on|desktop&#8220; _builder_version=&#8220;4.16&#8243; animation_style=&#8220;zoom&#8220; animation_direction=&#8220;left&#8220; animation_intensity_zoom=&#8220;5%&#8220; border_color_all=&#8220;rgba(51,51,51,0.1)&#8220; global_colors_info=&#8220;{}&#8220;][\/et_pb_image][\/et_pb_column][\/et_pb_row][\/et_pb_section][et_pb_section fb_built=&#8220;1&#8243; admin_label=&#8220;section&#8220; _builder_version=&#8220;4.25.1&#8243; _module_preset=&#8220;default&#8220; background_color=&#8220;#0195df&#8220; background_color_gradient_start=&#8220;rgba(255,255,255,0)&#8220; background_color_gradient_end=&#8220;#008cd9&#8243; custom_padding=&#8220;||||false|false&#8220; bottom_divider_color=&#8220;#0195DF&#8220; bottom_divider_height=&#8220;272px&#8220; bottom_divider_repeat=&#8220;1x&#8220; background_color_gradient_stops_tablet=&#8220;rgba(255,255,255,0) 0%|#008cd9 100%&#8220; background_color_gradient_stops_phone=&#8220;rgba(255,255,255,0) 0%|#008cd9 100%&#8220; box_shadow_style=&#8220;preset3&#8243; box_shadow_vertical=&#8220;400px&#8220; box_shadow_blur=&#8220;0px&#8220; box_shadow_spread=&#8220;-80px&#8220; box_shadow_color=&#8220;#FFFFFF&#8220; box_shadow_position=&#8220;inner&#8220; global_module=&#8220;6657&#8243; saved_tabs=&#8220;all&#8220; global_colors_info=&#8220;{}&#8220;][et_pb_row _builder_version=&#8220;4.16&#8243; _module_preset=&#8220;default&#8220; background_image=&#8220;http:\/\/yawave.com\/wp-content\/uploads\/2022\/02\/yawave_bg_v2.jpg&#8220; custom_padding=&#8220;100px|50px|100px|50px|false|false&#8220; border_radii=&#8220;on|15px|15px|15px|15px&#8220; box_shadow_style=&#8220;preset2&#8243; global_colors_info=&#8220;{}&#8220;][et_pb_column type=&#8220;4_4&#8243; _builder_version=&#8220;4.16&#8243; _module_preset=&#8220;default&#8220; global_colors_info=&#8220;{}&#8220;][et_pb_text _builder_version=&#8220;4.22.1&#8243; _module_preset=&#8220;default&#8220; custom_margin=&#8220;60px|||60px|false|false&#8220; global_colors_info=&#8220;{}&#8220;]<\/p>\n<h3>Mit Data-Driven Marketing zu mehr Erfolg.<\/h3>\n<p>[\/et_pb_text][et_pb_button button_url=&#8220;https:\/\/calendly.com\/markus-koch\/30min&#8220; button_text=&#8220;Demo erhalten&#8220; _builder_version=&#8220;4.22.1&#8243; _module_preset=&#8220;721e7d1a-4196-4412-9ad2-e9328f33faa8&#8243; custom_margin_phone=&#8220;15px||0px|5px|false|false&#8220; global_colors_info=&#8220;{}&#8220;][\/et_pb_button][\/et_pb_column][\/et_pb_row][\/et_pb_section]<\/p>\n","protected":false},"excerpt":{"rendered":"<p>Arbeiten bei yawave Software aus dem Herzen der SchweizSpontanbewerbung Du m\u00f6chtest bei uns arbeiten, es ist aber aktuell keine passende Stelle f\u00fcr dich frei? Wenn du der Meinung bist, dass du uns weiterhelfen k\u00f6nntest und wir dich kennenlernen sollten, dann schick uns eine Spontanbewerbung inklusive den \u00fcblichen Unterlagen zu. contact@yawave.comJulia K\u00fcchlerAbteilung HRHirschmattstrasse 156003 Luzern+41 41 [&hellip;]<\/p>\n","protected":false},"author":1,"featured_media":0,"parent":0,"menu_order":0,"comment_status":"closed","ping_status":"closed","template":"","meta":{"_et_pb_use_builder":"on","_et_pb_old_content":"","_et_gb_content_width":"","footnotes":""},"dipi_cpt_category":[],"class_list":["post-7993","page","type-page","status-publish","hentry"],"yoast_head":"<!-- This site is optimized with the Yoast SEO plugin v27.3 - https:\/\/yoast.com\/product\/yoast-seo-wordpress\/ -->\n<title>Jobs - yawave User Interaction Suite<\/title>\n<meta name=\"description\" content=\"Du suchst nach einer neuen Herausforderung? Entdecke unsere offenen Stellen oder bewirb dich via Spontanbewerbung bei uns.\" \/>\n<meta name=\"robots\" content=\"index, follow, max-snippet:-1, max-image-preview:large, max-video-preview:-1\" \/>\n<link rel=\"canonical\" href=\"https:\/\/yawave.com\/de\/jobs\/\" \/>\n<meta property=\"og:locale\" content=\"de_DE\" \/>\n<meta property=\"og:type\" content=\"article\" \/>\n<meta property=\"og:title\" content=\"Jobs - yawave User Interaction Suite\" \/>\n<meta property=\"og:description\" content=\"Du suchst nach einer neuen Herausforderung? Entdecke unsere offenen Stellen oder bewirb dich via Spontanbewerbung bei uns.\" \/>\n<meta property=\"og:url\" content=\"https:\/\/yawave.com\/de\/jobs\/\" \/>\n<meta property=\"og:site_name\" content=\"yawave User Interaction Suite\" \/>\n<meta property=\"article:modified_time\" content=\"2025-02-04T08:32:44+00:00\" \/>\n<meta name=\"twitter:card\" content=\"summary_large_image\" \/>\n<meta name=\"twitter:label1\" content=\"Gesch\u00e4tzte Lesezeit\" \/>\n\t<meta name=\"twitter:data1\" content=\"4\u00a0Minuten\" \/>\n<script type=\"application\/ld+json\" class=\"yoast-schema-graph\">{\"@context\":\"https:\\\/\\\/schema.org\",\"@graph\":[{\"@type\":\"WebPage\",\"@id\":\"https:\\\/\\\/yawave.com\\\/de\\\/jobs\\\/\",\"url\":\"https:\\\/\\\/yawave.com\\\/de\\\/jobs\\\/\",\"name\":\"Jobs - yawave User Interaction Suite\",\"isPartOf\":{\"@id\":\"https:\\\/\\\/yawave.com\\\/de\\\/#website\"},\"datePublished\":\"2022-03-21T15:14:13+00:00\",\"dateModified\":\"2025-02-04T08:32:44+00:00\",\"description\":\"Du suchst nach einer neuen Herausforderung? Entdecke unsere offenen Stellen oder bewirb dich via Spontanbewerbung bei uns.\",\"breadcrumb\":{\"@id\":\"https:\\\/\\\/yawave.com\\\/de\\\/jobs\\\/#breadcrumb\"},\"inLanguage\":\"de\",\"potentialAction\":[{\"@type\":\"ReadAction\",\"target\":[\"https:\\\/\\\/yawave.com\\\/de\\\/jobs\\\/\"]}]},{\"@type\":\"BreadcrumbList\",\"@id\":\"https:\\\/\\\/yawave.com\\\/de\\\/jobs\\\/#breadcrumb\",\"itemListElement\":[{\"@type\":\"ListItem\",\"position\":1,\"name\":\"Home\",\"item\":\"https:\\\/\\\/yawave.com\\\/de\\\/\"},{\"@type\":\"ListItem\",\"position\":2,\"name\":\"Jobs\"}]},{\"@type\":\"WebSite\",\"@id\":\"https:\\\/\\\/yawave.com\\\/de\\\/#website\",\"url\":\"https:\\\/\\\/yawave.com\\\/de\\\/\",\"name\":\"yawave User Interaction Suite\",\"description\":\"\",\"publisher\":{\"@id\":\"https:\\\/\\\/yawave.com\\\/de\\\/#organization\"},\"potentialAction\":[{\"@type\":\"SearchAction\",\"target\":{\"@type\":\"EntryPoint\",\"urlTemplate\":\"https:\\\/\\\/yawave.com\\\/de\\\/?s={search_term_string}\"},\"query-input\":{\"@type\":\"PropertyValueSpecification\",\"valueRequired\":true,\"valueName\":\"search_term_string\"}}],\"inLanguage\":\"de\"},{\"@type\":\"Organization\",\"@id\":\"https:\\\/\\\/yawave.com\\\/de\\\/#organization\",\"name\":\"yawave\",\"url\":\"https:\\\/\\\/yawave.com\\\/de\\\/\",\"logo\":{\"@type\":\"ImageObject\",\"inLanguage\":\"de\",\"@id\":\"https:\\\/\\\/yawave.com\\\/de\\\/#\\\/schema\\\/logo\\\/image\\\/\",\"url\":\"https:\\\/\\\/yawave.com\\\/wp-content\\\/uploads\\\/2022\\\/05\\\/yawave_logo_blau.png\",\"contentUrl\":\"https:\\\/\\\/yawave.com\\\/wp-content\\\/uploads\\\/2022\\\/05\\\/yawave_logo_blau.png\",\"width\":150,\"height\":29,\"caption\":\"yawave\"},\"image\":{\"@id\":\"https:\\\/\\\/yawave.com\\\/de\\\/#\\\/schema\\\/logo\\\/image\\\/\"}}]}<\/script>\n<!-- \/ Yoast SEO plugin. -->","yoast_head_json":{"title":"Jobs - yawave User Interaction Suite","description":"Du suchst nach einer neuen Herausforderung? Entdecke unsere offenen Stellen oder bewirb dich via Spontanbewerbung bei uns.","robots":{"index":"index","follow":"follow","max-snippet":"max-snippet:-1","max-image-preview":"max-image-preview:large","max-video-preview":"max-video-preview:-1"},"canonical":"https:\/\/yawave.com\/de\/jobs\/","og_locale":"de_DE","og_type":"article","og_title":"Jobs - yawave User Interaction Suite","og_description":"Du suchst nach einer neuen Herausforderung? Entdecke unsere offenen Stellen oder bewirb dich via Spontanbewerbung bei uns.","og_url":"https:\/\/yawave.com\/de\/jobs\/","og_site_name":"yawave User Interaction Suite","article_modified_time":"2025-02-04T08:32:44+00:00","twitter_card":"summary_large_image","twitter_misc":{"Gesch\u00e4tzte Lesezeit":"4\u00a0Minuten"},"schema":{"@context":"https:\/\/schema.org","@graph":[{"@type":"WebPage","@id":"https:\/\/yawave.com\/de\/jobs\/","url":"https:\/\/yawave.com\/de\/jobs\/","name":"Jobs - yawave User Interaction Suite","isPartOf":{"@id":"https:\/\/yawave.com\/de\/#website"},"datePublished":"2022-03-21T15:14:13+00:00","dateModified":"2025-02-04T08:32:44+00:00","description":"Du suchst nach einer neuen Herausforderung? Entdecke unsere offenen Stellen oder bewirb dich via Spontanbewerbung bei uns.","breadcrumb":{"@id":"https:\/\/yawave.com\/de\/jobs\/#breadcrumb"},"inLanguage":"de","potentialAction":[{"@type":"ReadAction","target":["https:\/\/yawave.com\/de\/jobs\/"]}]},{"@type":"BreadcrumbList","@id":"https:\/\/yawave.com\/de\/jobs\/#breadcrumb","itemListElement":[{"@type":"ListItem","position":1,"name":"Home","item":"https:\/\/yawave.com\/de\/"},{"@type":"ListItem","position":2,"name":"Jobs"}]},{"@type":"WebSite","@id":"https:\/\/yawave.com\/de\/#website","url":"https:\/\/yawave.com\/de\/","name":"yawave User Interaction Suite","description":"","publisher":{"@id":"https:\/\/yawave.com\/de\/#organization"},"potentialAction":[{"@type":"SearchAction","target":{"@type":"EntryPoint","urlTemplate":"https:\/\/yawave.com\/de\/?s={search_term_string}"},"query-input":{"@type":"PropertyValueSpecification","valueRequired":true,"valueName":"search_term_string"}}],"inLanguage":"de"},{"@type":"Organization","@id":"https:\/\/yawave.com\/de\/#organization","name":"yawave","url":"https:\/\/yawave.com\/de\/","logo":{"@type":"ImageObject","inLanguage":"de","@id":"https:\/\/yawave.com\/de\/#\/schema\/logo\/image\/","url":"https:\/\/yawave.com\/wp-content\/uploads\/2022\/05\/yawave_logo_blau.png","contentUrl":"https:\/\/yawave.com\/wp-content\/uploads\/2022\/05\/yawave_logo_blau.png","width":150,"height":29,"caption":"yawave"},"image":{"@id":"https:\/\/yawave.com\/de\/#\/schema\/logo\/image\/"}}]}},"_links":{"self":[{"href":"https:\/\/yawave.com\/de\/wp-json\/wp\/v2\/pages\/7993","targetHints":{"allow":["GET"]}}],"collection":[{"href":"https:\/\/yawave.com\/de\/wp-json\/wp\/v2\/pages"}],"about":[{"href":"https:\/\/yawave.com\/de\/wp-json\/wp\/v2\/types\/page"}],"author":[{"embeddable":true,"href":"https:\/\/yawave.com\/de\/wp-json\/wp\/v2\/users\/1"}],"replies":[{"embeddable":true,"href":"https:\/\/yawave.com\/de\/wp-json\/wp\/v2\/comments?post=7993"}],"version-history":[{"count":22,"href":"https:\/\/yawave.com\/de\/wp-json\/wp\/v2\/pages\/7993\/revisions"}],"predecessor-version":[{"id":25865698,"href":"https:\/\/yawave.com\/de\/wp-json\/wp\/v2\/pages\/7993\/revisions\/25865698"}],"wp:attachment":[{"href":"https:\/\/yawave.com\/de\/wp-json\/wp\/v2\/media?parent=7993"}],"wp:term":[{"taxonomy":"dipi_cpt_category","embeddable":true,"href":"https:\/\/yawave.com\/de\/wp-json\/wp\/v2\/dipi_cpt_category?post=7993"}],"curies":[{"name":"wp","href":"https:\/\/api.w.org\/{rel}","templated":true}]}}