{"id":7570,"date":"2022-03-08T08:53:25","date_gmt":"2022-03-08T07:53:25","guid":{"rendered":"https:\/\/yawave.com\/?page_id=7570"},"modified":"2025-09-19T11:42:24","modified_gmt":"2025-09-19T09:42:24","slug":"loyalty-programm","status":"publish","type":"page","link":"https:\/\/yawave.com\/de\/user-hub\/loyalty-programm\/","title":{"rendered":"Product &#8211; Engagement Platform &#8211; Loyalty &#038; Wallet"},"content":{"rendered":"<p>[et_pb_section fb_built=&#8220;1&#8243; next_background_color=&#8220;#ffffff&#8220; admin_label=&#8220;Center Aligned Text &#8220; _builder_version=&#8220;4.16&#8243; background_color=&#8220;#f8fbfe&#8220; background_color_gradient_direction=&#8220;135deg&#8220; background_color_gradient_start=&#8220;#0195df&#8220; background_color_gradient_end=&#8220;#174a8f&#8220; background_image=&#8220;http:\/\/yawave.com\/wp-content\/uploads\/2022\/02\/yawave_bg_v2.jpg&#8220; custom_padding=&#8220;|0px||0px|false|false&#8220; bottom_divider_style=&#8220;waves&#8220; bottom_divider_flip=&#8220;horizontal&#8220; bottom_divider_style_tablet=&#8220;waves&#8220; bottom_divider_style_phone=&#8220;wave&#8220; bottom_divider_style_last_edited=&#8220;on|phone&#8220; bottom_divider_height_tablet=&#8220;&#8220; bottom_divider_height_phone=&#8220;60px&#8220; bottom_divider_height_last_edited=&#8220;on|phone&#8220; animation_direction=&#8220;bottom&#8220; global_colors_info=&#8220;{}&#8220;][et_pb_row _builder_version=&#8220;4.27.4&#8243; _module_preset=&#8220;default&#8220; custom_margin=&#8220;0px||50px||false|false&#8220; custom_padding=&#8220;||0px||false|false&#8220; hover_enabled=&#8220;0&#8243; global_colors_info=&#8220;{}&#8220; sticky_enabled=&#8220;0&#8243;][et_pb_column type=&#8220;4_4&#8243; _builder_version=&#8220;4.16&#8243; _module_preset=&#8220;default&#8220; global_colors_info=&#8220;{}&#8220;][et_pb_text _builder_version=&#8220;4.27.4&#8243; _module_preset=&#8220;6ca588f9-ac17-4b5e-aa89-4a59b7cc4e0f&#8220; module_alignment=&#8220;left&#8220; custom_padding=&#8220;0%||||false|false&#8220; global_colors_info=&#8220;{}&#8220;]<\/p>\n<p style=\"text-align: left;\">Product | Engagement Platform<\/p>\n<p>[\/et_pb_text][et_pb_text _builder_version=&#8220;4.25.1&#8243; _module_preset=&#8220;6ca588f9-ac17-4b5e-aa89-4a59b7cc4e0f&#8220; max_width=&#8220;1200px&#8220; module_alignment=&#8220;left&#8220; custom_padding=&#8220;0%||||false|false&#8220; global_colors_info=&#8220;{}&#8220;]<\/p>\n<h1>Loyalty &amp; Wallet<\/h1>\n<p style=\"text-align: left;\">Gestalte dein eigenes Treueprogramm mit Benefits, Badges und Levels \u2013 powered by unserer mehrfach ausgezeichneten Loyalty-Plattform.<\/p>\n<p>[\/et_pb_text][\/et_pb_column][\/et_pb_row][\/et_pb_section][et_pb_section fb_built=&#8220;1&#8243; custom_padding_last_edited=&#8220;on|phone&#8220; admin_label=&#8220;Features CTA Section&#8220; _builder_version=&#8220;4.27.4&#8243; use_background_color_gradient=&#8220;on&#8220; background_color_gradient_stops=&#8220;#ffffff 50%|rgba(229,229,229,0.25) 100%&#8220; background_color_gradient_start=&#8220;#ffffff&#8220; background_color_gradient_start_position=&#8220;50%&#8220; background_color_gradient_end=&#8220;rgba(229,229,229,0.25)&#8220; custom_padding=&#8220;20px|0px|100px|0px|false|false&#8220; custom_padding_tablet=&#8220;100px|0px|100px|0px|false|false&#8220; custom_padding_phone=&#8220;0px||0px||false|false&#8220; bottom_divider_style=&#8220;waves&#8220; bottom_divider_color=&#8220;#FFFFFF&#8220; bottom_divider_flip=&#8220;horizontal&#8220; bottom_divider_style_tablet=&#8220;waves&#8220; bottom_divider_style_phone=&#8220;wave&#8220; bottom_divider_style_last_edited=&#8220;on|phone&#8220; bottom_divider_height_tablet=&#8220;&#8220; bottom_divider_height_phone=&#8220;60px&#8220; bottom_divider_height_last_edited=&#8220;on|phone&#8220; hover_enabled=&#8220;0&#8243; saved_tabs=&#8220;all&#8220; global_colors_info=&#8220;{}&#8220; sticky_enabled=&#8220;0&#8243;][et_pb_row column_structure=&#8220;1_2,1_2&#8243; admin_label=&#8220;Right Sided Image&#8220; _builder_version=&#8220;4.27.4&#8243; custom_padding=&#8220;0px|0px|60px|0px|false|false&#8220; hover_enabled=&#8220;0&#8243; locked=&#8220;off&#8220; global_colors_info=&#8220;{}&#8220; sticky_enabled=&#8220;0&#8243;][et_pb_column type=&#8220;1_2&#8243; _builder_version=&#8220;4.16&#8243; custom_padding=&#8220;|||&#8220; global_colors_info=&#8220;{}&#8220; custom_padding__hover=&#8220;|||&#8220;][et_pb_text _builder_version=&#8220;4.22.1&#8243; _module_preset=&#8220;76b1ee4c-8d5f-4c2d-85b9-c449a7bdd80e&#8220; global_colors_info=&#8220;{}&#8220;]<\/p>\n<h2>Aktivit\u00e4ten zentral belohnen<\/h2>\n<p>Belohne das Verhalten deiner Kunden und Online Community dank einem automatisierten Punktesystem:<\/p>\n<ul>\n<li>Alles konfigurierbar (Aktivit\u00e4t, Punkte, Beg\u00fcnstigte, etc.)<\/li>\n<li>\u00dcbergreifende Belohnung (K\u00e4ufe, Interaktionen, etc.)<\/li>\n<li>Einfache Anbindung von Ereignissen aus Fremdsystem<\/li>\n<\/ul>\n<p>[\/et_pb_text][\/et_pb_column][et_pb_column type=&#8220;1_2&#8243; _builder_version=&#8220;4.16&#8243; custom_padding=&#8220;|||&#8220; global_colors_info=&#8220;{}&#8220; custom_padding__hover=&#8220;|||&#8220;][et_pb_image src=&#8220;https:\/\/yawave.com\/wp-content\/uploads\/2022\/06\/Loyalty-Engagement.png&#8220; title_text=&#8220;Loyalty Engagement&#8220; align_tablet=&#8220;center&#8220; align_phone=&#8220;center&#8220; align_last_edited=&#8220;on|desktop&#8220; _builder_version=&#8220;4.16&#8243; animation_style=&#8220;zoom&#8220; animation_direction=&#8220;left&#8220; animation_intensity_zoom=&#8220;5%&#8220; border_color_all=&#8220;rgba(51,51,51,0.1)&#8220; global_colors_info=&#8220;{}&#8220;][\/et_pb_image][\/et_pb_column][\/et_pb_row][et_pb_row column_structure=&#8220;1_2,1_2&#8243; admin_label=&#8220;Right Sided Image&#8220; module_class=&#8220;custom_row&#8220; _builder_version=&#8220;4.27.4&#8243; custom_padding=&#8220;20px|0px|20px|0px|false|false&#8220; hover_enabled=&#8220;0&#8243; locked=&#8220;off&#8220; global_colors_info=&#8220;{}&#8220; custom_css_main_element_last_edited=&#8220;on|phone&#8220; sticky_enabled=&#8220;0&#8243; custom_css_main_element_tablet=&#8220;display: flex;||flex-wrap: wrap;&#8220; custom_css_main_element_phone=&#8220;display: flex;||flex-wrap: wrap;\t&#8222;][et_pb_column type=&#8220;1_2&#8243; module_class=&#8220;second-on-mobile&#8220; _builder_version=&#8220;4.16&#8243; custom_padding=&#8220;|||&#8220; global_colors_info=&#8220;{}&#8220; custom_padding__hover=&#8220;|||&#8220;][et_pb_image src=&#8220;https:\/\/yawave.com\/wp-content\/uploads\/2022\/06\/Loyalty-Belohnungssystem.png&#8220; title_text=&#8220;Loyalty-Belohnungssystem&#8220; align_tablet=&#8220;center&#8220; align_phone=&#8220;center&#8220; align_last_edited=&#8220;on|desktop&#8220; _builder_version=&#8220;4.16&#8243; animation_style=&#8220;zoom&#8220; animation_direction=&#8220;left&#8220; animation_intensity_zoom=&#8220;5%&#8220; border_color_all=&#8220;rgba(51,51,51,0.1)&#8220; global_colors_info=&#8220;{}&#8220;][\/et_pb_image][\/et_pb_column][et_pb_column type=&#8220;1_2&#8243; module_class=&#8220;first-on-mobile&#8220; _builder_version=&#8220;4.16&#8243; custom_padding=&#8220;|||&#8220; global_colors_info=&#8220;{}&#8220; custom_padding__hover=&#8220;|||&#8220;][et_pb_text _builder_version=&#8220;4.22.1&#8243; _module_preset=&#8220;76b1ee4c-8d5f-4c2d-85b9-c449a7bdd80e&#8220; global_colors_info=&#8220;{}&#8220;]<\/p>\n<h2>Belohnungen einfach generieren<\/h2>\n<p>Erstelle mit wenigen Klicks Benefits und passe sie flexibel an die Kundenpr\u00e4ferenzen an (monet\u00e4r \/ nicht-monet\u00e4r):<\/p>\n<ul>\n<li>Rabatte, Gutscheine, Geschenke oder Pr\u00e4mien<\/li>\n<li>Exklusive Behandlung (VIP-Events, User-Rechte, etc.)<\/li>\n<li>Einstellbare Laufzeit, Limiten und Punkte-Preisschild<\/li>\n<\/ul>\n<p>[\/et_pb_text][\/et_pb_column][\/et_pb_row][\/et_pb_section][et_pb_section fb_built=&#8220;1&#8243; _builder_version=&#8220;4.16&#8243; _module_preset=&#8220;default&#8220; global_colors_info=&#8220;{}&#8220;][et_pb_row column_structure=&#8220;1_2,1_2&#8243; admin_label=&#8220;Right Sided Image&#8220; module_id=&#8220;wallet&#8220; _builder_version=&#8220;4.27.4&#8243; custom_padding=&#8220;0px|0px|0px|0px|false|false&#8220; hover_enabled=&#8220;0&#8243; locked=&#8220;off&#8220; global_colors_info=&#8220;{}&#8220; sticky_enabled=&#8220;0&#8243;][et_pb_column type=&#8220;1_2&#8243; _builder_version=&#8220;4.16&#8243; custom_padding=&#8220;|||&#8220; global_colors_info=&#8220;{}&#8220; custom_padding__hover=&#8220;|||&#8220;][et_pb_text _builder_version=&#8220;4.22.1&#8243; _module_preset=&#8220;76b1ee4c-8d5f-4c2d-85b9-c449a7bdd80e&#8220; text_font=&#8220;||||||||&#8220; global_colors_info=&#8220;{}&#8220;]<\/p>\n<h2>Loyalty Wallet f\u00fcr deine Kunden<\/h2>\n<p>Stelle dein Loyalit\u00e4tsprogramm innerhalb eines Kundenportals im Self Service zur Verf\u00fcgung:<\/p>\n<ul>\n<li>Transparente \u00dcbersicht \u00fcber belohnte Aktivit\u00e4ten<\/li>\n<li>Benefits-Katalog zum Einl\u00f6sen der Punkte<\/li>\n<li>Aktivierte Belohnungen selbst verwalten und einl\u00f6sen<\/li>\n<\/ul>\n<p>[\/et_pb_text][\/et_pb_column][et_pb_column type=&#8220;1_2&#8243; _builder_version=&#8220;4.16&#8243; custom_padding=&#8220;|||&#8220; global_colors_info=&#8220;{}&#8220; custom_padding__hover=&#8220;|||&#8220;][et_pb_image src=&#8220;https:\/\/yawave.com\/wp-content\/uploads\/2022\/05\/fc-luzern-loyalty.jpg&#8220; alt=&#8220;FC Luzern Loyalty Program&#8220; title_text=&#8220;fc-luzern-loyalty&#8220; align_tablet=&#8220;center&#8220; align_phone=&#8220;center&#8220; align_last_edited=&#8220;on|desktop&#8220; _builder_version=&#8220;4.22.1&#8243; animation_style=&#8220;zoom&#8220; animation_direction=&#8220;left&#8220; animation_intensity_zoom=&#8220;5%&#8220; border_color_all=&#8220;rgba(51,51,51,0.1)&#8220; global_colors_info=&#8220;{}&#8220;][\/et_pb_image][\/et_pb_column][\/et_pb_row][\/et_pb_section][et_pb_section fb_built=&#8220;1&#8243; admin_label=&#8220;section&#8220; _builder_version=&#8220;4.27.4&#8243; _module_preset=&#8220;default&#8220; background_color=&#8220;#0195df&#8220; background_color_gradient_start=&#8220;rgba(255,255,255,0)&#8220; background_color_gradient_end=&#8220;#008cd9&#8243; min_height=&#8220;316.6px&#8220; custom_padding=&#8220;20px||||false|false&#8220; bottom_divider_color=&#8220;#0195DF&#8220; bottom_divider_height=&#8220;272px&#8220; bottom_divider_repeat=&#8220;1x&#8220; background_color_gradient_stops_tablet=&#8220;rgba(255,255,255,0) 0%|#008cd9 100%&#8220; background_color_gradient_stops_phone=&#8220;rgba(255,255,255,0) 0%|#008cd9 100%&#8220; box_shadow_style=&#8220;preset3&#8243; box_shadow_vertical=&#8220;400px&#8220; box_shadow_blur=&#8220;0px&#8220; box_shadow_spread=&#8220;-80px&#8220; box_shadow_color=&#8220;#FFFFFF&#8220; box_shadow_position=&#8220;inner&#8220; global_module=&#8220;6657&#8243; saved_tabs=&#8220;all&#8220; global_colors_info=&#8220;{}&#8220;][et_pb_row _builder_version=&#8220;4.16&#8243; _module_preset=&#8220;default&#8220; background_image=&#8220;http:\/\/yawave.com\/wp-content\/uploads\/2022\/02\/yawave_bg_v2.jpg&#8220; custom_padding=&#8220;60px|50px|60px|50px|false|false&#8220; border_radii=&#8220;on|15px|15px|15px|15px&#8220; box_shadow_style=&#8220;preset2&#8243; global_colors_info=&#8220;{}&#8220;][et_pb_column type=&#8220;4_4&#8243; _builder_version=&#8220;4.16&#8243; _module_preset=&#8220;default&#8220; global_colors_info=&#8220;{}&#8220;][et_pb_text _builder_version=&#8220;4.22.1&#8243; _module_preset=&#8220;default&#8220; custom_margin=&#8220;0px|||60px|false|false&#8220; global_colors_info=&#8220;{}&#8220;]<\/p>\n<h3>Mit der yawave Customer Experience Suite zu mehr Erfolg.<\/h3>\n<p>[\/et_pb_text][et_pb_button button_url=&#8220;https:\/\/calendly.com\/markus-koch\/30min&#8220; button_text=&#8220;Demo erhalten&#8220; _builder_version=&#8220;4.22.1&#8243; _module_preset=&#8220;721e7d1a-4196-4412-9ad2-e9328f33faa8&#8243; custom_margin_phone=&#8220;15px||0px|5px|false|false&#8220; global_colors_info=&#8220;{}&#8220;][\/et_pb_button][\/et_pb_column][\/et_pb_row][\/et_pb_section]<\/p>\n","protected":false},"excerpt":{"rendered":"<p>Product | Engagement Platform Loyalty &amp; Wallet Gestalte dein eigenes Treueprogramm mit Benefits, Badges und Levels \u2013 powered by unserer mehrfach ausgezeichneten Loyalty-Plattform. Aktivit\u00e4ten zentral belohnen Belohne das Verhalten deiner Kunden und Online Community dank einem automatisierten Punktesystem: Alles konfigurierbar (Aktivit\u00e4t, Punkte, Beg\u00fcnstigte, etc.) \u00dcbergreifende Belohnung (K\u00e4ufe, Interaktionen, etc.) Einfache Anbindung von Ereignissen aus Fremdsystem [&hellip;]<\/p>\n","protected":false},"author":1,"featured_media":0,"parent":7475,"menu_order":0,"comment_status":"closed","ping_status":"closed","template":"","meta":{"_et_pb_use_builder":"on","_et_pb_old_content":"","_et_gb_content_width":"","footnotes":""},"dipi_cpt_category":[],"class_list":["post-7570","page","type-page","status-publish","hentry"],"yoast_head":"<!-- This site is optimized with the Yoast SEO plugin v27.3 - https:\/\/yoast.com\/product\/yoast-seo-wordpress\/ -->\n<title>Product - Engagement Platform - Loyalty &amp; Wallet - yawave User Interaction Suite<\/title>\n<meta name=\"robots\" content=\"index, follow, max-snippet:-1, max-image-preview:large, max-video-preview:-1\" \/>\n<link rel=\"canonical\" href=\"https:\/\/yawave.com\/de\/user-hub\/loyalty-programm\/\" \/>\n<meta property=\"og:locale\" content=\"de_DE\" \/>\n<meta property=\"og:type\" content=\"article\" \/>\n<meta property=\"og:title\" content=\"Product - Engagement Platform - Loyalty &amp; Wallet - yawave User Interaction Suite\" \/>\n<meta property=\"og:description\" content=\"Product | Engagement Platform Loyalty &amp; Wallet Gestalte dein eigenes Treueprogramm mit Benefits, Badges und Levels \u2013 powered by unserer mehrfach ausgezeichneten Loyalty-Plattform. Aktivit\u00e4ten zentral belohnen Belohne das Verhalten deiner Kunden und Online Community dank einem automatisierten Punktesystem: Alles konfigurierbar (Aktivit\u00e4t, Punkte, Beg\u00fcnstigte, etc.) \u00dcbergreifende Belohnung (K\u00e4ufe, Interaktionen, etc.) Einfache Anbindung von Ereignissen aus Fremdsystem [&hellip;]\" \/>\n<meta property=\"og:url\" content=\"https:\/\/yawave.com\/de\/user-hub\/loyalty-programm\/\" \/>\n<meta property=\"og:site_name\" content=\"yawave User Interaction Suite\" \/>\n<meta property=\"article:modified_time\" content=\"2025-09-19T09:42:24+00:00\" \/>\n<meta name=\"twitter:card\" content=\"summary_large_image\" \/>\n<meta name=\"twitter:label1\" content=\"Gesch\u00e4tzte Lesezeit\" \/>\n\t<meta name=\"twitter:data1\" content=\"2\u00a0Minuten\" \/>\n<script type=\"application\/ld+json\" class=\"yoast-schema-graph\">{\"@context\":\"https:\\\/\\\/schema.org\",\"@graph\":[{\"@type\":\"WebPage\",\"@id\":\"https:\\\/\\\/yawave.com\\\/de\\\/user-hub\\\/loyalty-programm\\\/\",\"url\":\"https:\\\/\\\/yawave.com\\\/de\\\/user-hub\\\/loyalty-programm\\\/\",\"name\":\"Product - Engagement Platform - Loyalty & Wallet - yawave User Interaction Suite\",\"isPartOf\":{\"@id\":\"https:\\\/\\\/yawave.com\\\/de\\\/#website\"},\"datePublished\":\"2022-03-08T07:53:25+00:00\",\"dateModified\":\"2025-09-19T09:42:24+00:00\",\"breadcrumb\":{\"@id\":\"https:\\\/\\\/yawave.com\\\/de\\\/user-hub\\\/loyalty-programm\\\/#breadcrumb\"},\"inLanguage\":\"de\",\"potentialAction\":[{\"@type\":\"ReadAction\",\"target\":[\"https:\\\/\\\/yawave.com\\\/de\\\/user-hub\\\/loyalty-programm\\\/\"]}]},{\"@type\":\"BreadcrumbList\",\"@id\":\"https:\\\/\\\/yawave.com\\\/de\\\/user-hub\\\/loyalty-programm\\\/#breadcrumb\",\"itemListElement\":[{\"@type\":\"ListItem\",\"position\":1,\"name\":\"Home\",\"item\":\"https:\\\/\\\/yawave.com\\\/de\\\/\"},{\"@type\":\"ListItem\",\"position\":2,\"name\":\"User Hub\",\"item\":\"https:\\\/\\\/yawave.com\\\/de\\\/user-hub\\\/\"},{\"@type\":\"ListItem\",\"position\":3,\"name\":\"Product &#8211; Engagement Platform &#8211; Loyalty &#038; Wallet\"}]},{\"@type\":\"WebSite\",\"@id\":\"https:\\\/\\\/yawave.com\\\/de\\\/#website\",\"url\":\"https:\\\/\\\/yawave.com\\\/de\\\/\",\"name\":\"yawave User Interaction Suite\",\"description\":\"\",\"publisher\":{\"@id\":\"https:\\\/\\\/yawave.com\\\/de\\\/#organization\"},\"potentialAction\":[{\"@type\":\"SearchAction\",\"target\":{\"@type\":\"EntryPoint\",\"urlTemplate\":\"https:\\\/\\\/yawave.com\\\/de\\\/?s={search_term_string}\"},\"query-input\":{\"@type\":\"PropertyValueSpecification\",\"valueRequired\":true,\"valueName\":\"search_term_string\"}}],\"inLanguage\":\"de\"},{\"@type\":\"Organization\",\"@id\":\"https:\\\/\\\/yawave.com\\\/de\\\/#organization\",\"name\":\"yawave\",\"url\":\"https:\\\/\\\/yawave.com\\\/de\\\/\",\"logo\":{\"@type\":\"ImageObject\",\"inLanguage\":\"de\",\"@id\":\"https:\\\/\\\/yawave.com\\\/de\\\/#\\\/schema\\\/logo\\\/image\\\/\",\"url\":\"https:\\\/\\\/yawave.com\\\/wp-content\\\/uploads\\\/2022\\\/05\\\/yawave_logo_blau.png\",\"contentUrl\":\"https:\\\/\\\/yawave.com\\\/wp-content\\\/uploads\\\/2022\\\/05\\\/yawave_logo_blau.png\",\"width\":150,\"height\":29,\"caption\":\"yawave\"},\"image\":{\"@id\":\"https:\\\/\\\/yawave.com\\\/de\\\/#\\\/schema\\\/logo\\\/image\\\/\"}}]}<\/script>\n<!-- \/ Yoast SEO plugin. -->","yoast_head_json":{"title":"Product - Engagement Platform - Loyalty & Wallet - yawave User Interaction Suite","robots":{"index":"index","follow":"follow","max-snippet":"max-snippet:-1","max-image-preview":"max-image-preview:large","max-video-preview":"max-video-preview:-1"},"canonical":"https:\/\/yawave.com\/de\/user-hub\/loyalty-programm\/","og_locale":"de_DE","og_type":"article","og_title":"Product - Engagement Platform - Loyalty & Wallet - yawave User Interaction Suite","og_description":"Product | Engagement Platform Loyalty &amp; Wallet Gestalte dein eigenes Treueprogramm mit Benefits, Badges und Levels \u2013 powered by unserer mehrfach ausgezeichneten Loyalty-Plattform. Aktivit\u00e4ten zentral belohnen Belohne das Verhalten deiner Kunden und Online Community dank einem automatisierten Punktesystem: Alles konfigurierbar (Aktivit\u00e4t, Punkte, Beg\u00fcnstigte, etc.) \u00dcbergreifende Belohnung (K\u00e4ufe, Interaktionen, etc.) Einfache Anbindung von Ereignissen aus Fremdsystem [&hellip;]","og_url":"https:\/\/yawave.com\/de\/user-hub\/loyalty-programm\/","og_site_name":"yawave User Interaction Suite","article_modified_time":"2025-09-19T09:42:24+00:00","twitter_card":"summary_large_image","twitter_misc":{"Gesch\u00e4tzte Lesezeit":"2\u00a0Minuten"},"schema":{"@context":"https:\/\/schema.org","@graph":[{"@type":"WebPage","@id":"https:\/\/yawave.com\/de\/user-hub\/loyalty-programm\/","url":"https:\/\/yawave.com\/de\/user-hub\/loyalty-programm\/","name":"Product - Engagement Platform - Loyalty & Wallet - yawave User Interaction Suite","isPartOf":{"@id":"https:\/\/yawave.com\/de\/#website"},"datePublished":"2022-03-08T07:53:25+00:00","dateModified":"2025-09-19T09:42:24+00:00","breadcrumb":{"@id":"https:\/\/yawave.com\/de\/user-hub\/loyalty-programm\/#breadcrumb"},"inLanguage":"de","potentialAction":[{"@type":"ReadAction","target":["https:\/\/yawave.com\/de\/user-hub\/loyalty-programm\/"]}]},{"@type":"BreadcrumbList","@id":"https:\/\/yawave.com\/de\/user-hub\/loyalty-programm\/#breadcrumb","itemListElement":[{"@type":"ListItem","position":1,"name":"Home","item":"https:\/\/yawave.com\/de\/"},{"@type":"ListItem","position":2,"name":"User Hub","item":"https:\/\/yawave.com\/de\/user-hub\/"},{"@type":"ListItem","position":3,"name":"Product &#8211; Engagement Platform &#8211; Loyalty &#038; Wallet"}]},{"@type":"WebSite","@id":"https:\/\/yawave.com\/de\/#website","url":"https:\/\/yawave.com\/de\/","name":"yawave User Interaction Suite","description":"","publisher":{"@id":"https:\/\/yawave.com\/de\/#organization"},"potentialAction":[{"@type":"SearchAction","target":{"@type":"EntryPoint","urlTemplate":"https:\/\/yawave.com\/de\/?s={search_term_string}"},"query-input":{"@type":"PropertyValueSpecification","valueRequired":true,"valueName":"search_term_string"}}],"inLanguage":"de"},{"@type":"Organization","@id":"https:\/\/yawave.com\/de\/#organization","name":"yawave","url":"https:\/\/yawave.com\/de\/","logo":{"@type":"ImageObject","inLanguage":"de","@id":"https:\/\/yawave.com\/de\/#\/schema\/logo\/image\/","url":"https:\/\/yawave.com\/wp-content\/uploads\/2022\/05\/yawave_logo_blau.png","contentUrl":"https:\/\/yawave.com\/wp-content\/uploads\/2022\/05\/yawave_logo_blau.png","width":150,"height":29,"caption":"yawave"},"image":{"@id":"https:\/\/yawave.com\/de\/#\/schema\/logo\/image\/"}}]}},"_links":{"self":[{"href":"https:\/\/yawave.com\/de\/wp-json\/wp\/v2\/pages\/7570","targetHints":{"allow":["GET"]}}],"collection":[{"href":"https:\/\/yawave.com\/de\/wp-json\/wp\/v2\/pages"}],"about":[{"href":"https:\/\/yawave.com\/de\/wp-json\/wp\/v2\/types\/page"}],"author":[{"embeddable":true,"href":"https:\/\/yawave.com\/de\/wp-json\/wp\/v2\/users\/1"}],"replies":[{"embeddable":true,"href":"https:\/\/yawave.com\/de\/wp-json\/wp\/v2\/comments?post=7570"}],"version-history":[{"count":33,"href":"https:\/\/yawave.com\/de\/wp-json\/wp\/v2\/pages\/7570\/revisions"}],"predecessor-version":[{"id":25866645,"href":"https:\/\/yawave.com\/de\/wp-json\/wp\/v2\/pages\/7570\/revisions\/25866645"}],"up":[{"embeddable":true,"href":"https:\/\/yawave.com\/de\/wp-json\/wp\/v2\/pages\/7475"}],"wp:attachment":[{"href":"https:\/\/yawave.com\/de\/wp-json\/wp\/v2\/media?parent=7570"}],"wp:term":[{"taxonomy":"dipi_cpt_category","embeddable":true,"href":"https:\/\/yawave.com\/de\/wp-json\/wp\/v2\/dipi_cpt_category?post=7570"}],"curies":[{"name":"wp","href":"https:\/\/api.w.org\/{rel}","templated":true}]}}