{"id":7454,"date":"2022-03-02T09:35:06","date_gmt":"2022-03-02T08:35:06","guid":{"rendered":"https:\/\/yawave.com\/?page_id=7454"},"modified":"2022-05-31T14:47:48","modified_gmt":"2022-05-31T12:47:48","slug":"kontaktmanagement","status":"publish","type":"page","link":"https:\/\/yawave.com\/de\/user-hub\/kontaktmanagement\/","title":{"rendered":"Kontaktmanagement"},"content":{"rendered":"<p>[et_pb_section fb_built=&#8220;1&#8243; next_background_color=&#8220;#ffffff&#8220; admin_label=&#8220;Center Aligned Text &#8220; _builder_version=&#8220;4.14.5&#8243; background_color=&#8220;#f8fbfe&#8220; background_color_gradient_start=&#8220;#0195df&#8220; background_color_gradient_end=&#8220;#174a8f&#8220; background_color_gradient_direction=&#8220;135deg&#8220; background_image=&#8220;http:\/\/yawave.com\/wp-content\/uploads\/2022\/02\/yawave_bg_v2.jpg&#8220; custom_padding=&#8220;|0px||0px|false|false&#8220; bottom_divider_style=&#8220;waves&#8220; bottom_divider_repeat=&#8220;1x&#8220; bottom_divider_flip=&#8220;horizontal&#8220; bottom_divider_style_tablet=&#8220;waves&#8220; bottom_divider_style_phone=&#8220;wave&#8220; bottom_divider_style_last_edited=&#8220;on|phone&#8220; bottom_divider_height_tablet=&#8220;&#8220; bottom_divider_height_phone=&#8220;60px&#8220; bottom_divider_height_last_edited=&#8220;on|phone&#8220; animation_direction=&#8220;bottom&#8220; global_colors_info=&#8220;{}&#8220;][et_pb_row column_structure=&#8220;1_2,1_2&#8243; _builder_version=&#8220;4.14.5&#8243; _module_preset=&#8220;default&#8220; custom_margin=&#8220;50px||50px||false|false&#8220; custom_padding=&#8220;||||false|false&#8220; global_colors_info=&#8220;{}&#8220;][et_pb_column type=&#8220;1_2&#8243; _builder_version=&#8220;4.14.5&#8243; _module_preset=&#8220;default&#8220; global_colors_info=&#8220;{}&#8220;][et_pb_text content_tablet=&#8220;<\/p>\n<h1>Kontaktmanagement<\/h1>\n<p style=%22text-align: left;%22>Pflege Deine Kontakte und reichere sie an<\/p>\n<p>&#8220; content_phone=&#8220;<\/p>\n<h1>Kontakt-<br \/>management<\/h1>\n<p style=%22text-align: left;%22>Pflege Deine Kontakte und reichere sie an<\/p>\n<p>&#8220; content_last_edited=&#8220;on|phone&#8220; _builder_version=&#8220;4.14.5&#8243; _module_preset=&#8220;6ca588f9-ac17-4b5e-aa89-4a59b7cc4e0f&#8220; global_colors_info=&#8220;{}&#8220;]<\/p>\n<h1>Kontaktmanagement<\/h1>\n<p style=\"text-align: left;\">Pflege Deine Kontakte und reichere sie an<\/p>\n<p>[\/et_pb_text][\/et_pb_column][et_pb_column type=&#8220;1_2&#8243; _builder_version=&#8220;4.14.5&#8243; _module_preset=&#8220;default&#8220; global_colors_info=&#8220;{}&#8220;][\/et_pb_column][\/et_pb_row][\/et_pb_section][et_pb_section fb_built=&#8220;1&#8243; custom_padding_last_edited=&#8220;on|phone&#8220; admin_label=&#8220;Features CTA Section&#8220; _builder_version=&#8220;4.14.5&#8243; use_background_color_gradient=&#8220;on&#8220; background_color_gradient_start=&#8220;#ffffff&#8220; background_color_gradient_end=&#8220;rgba(229,229,229,0.25)&#8220; background_color_gradient_start_position=&#8220;50%&#8220; custom_padding=&#8220;100px|0px|100px|0px|false|false&#8220; custom_padding_tablet=&#8220;0px|0px|100px|0px|false|false&#8220; custom_padding_phone=&#8220;0px|0px|100px|0px|false|false&#8220; bottom_divider_style=&#8220;waves&#8220; bottom_divider_color=&#8220;#FFFFFF&#8220; bottom_divider_flip=&#8220;horizontal&#8220; bottom_divider_style_tablet=&#8220;waves&#8220; bottom_divider_style_phone=&#8220;wave&#8220; bottom_divider_style_last_edited=&#8220;on|phone&#8220; bottom_divider_height_tablet=&#8220;&#8220; bottom_divider_height_phone=&#8220;60px&#8220; bottom_divider_height_last_edited=&#8220;on|phone&#8220; saved_tabs=&#8220;all&#8220; global_colors_info=&#8220;{}&#8220;][et_pb_row column_structure=&#8220;1_2,1_2&#8243; custom_padding_last_edited=&#8220;off|phone&#8220; admin_label=&#8220;Right Sided Image&#8220; _builder_version=&#8220;4.14.5&#8243; locked=&#8220;off&#8220; global_colors_info=&#8220;{}&#8220;][et_pb_column type=&#8220;1_2&#8243; _builder_version=&#8220;3.25&#8243; custom_padding=&#8220;|||&#8220; global_colors_info=&#8220;{}&#8220; custom_padding__hover=&#8220;|||&#8220;][et_pb_text _builder_version=&#8220;4.14.5&#8243; _module_preset=&#8220;76b1ee4c-8d5f-4c2d-85b9-c449a7bdd80e&#8220; global_colors_info=&#8220;{}&#8220;]<\/p>\n<h2>Halte Deine Kontakte zentral<\/h2>\n<p>Im User Hub erfasst Du alle Kontakte Deiner Organisation m\u00fchelos und zentral:<\/p>\n<ul>\n<li>Komplette Kontaktlisten hochladen oder einzelne Kontakte manuell hinzuf\u00fcgen<\/li>\n<li>Kontakte \u00fcber die gesamte yawave Tool-Palette verwalten (z.B. Newsletter und Loyalty Tool)<\/li>\n<\/ul>\n<p>[\/et_pb_text][\/et_pb_column][et_pb_column type=&#8220;1_2&#8243; _builder_version=&#8220;3.25&#8243; custom_padding=&#8220;|||&#8220; global_colors_info=&#8220;{}&#8220; custom_padding__hover=&#8220;|||&#8220;][et_pb_image src=&#8220;https:\/\/yawave.com\/wp-content\/uploads\/2022\/05\/contacts-centrally.png&#8220; title_text=&#8220;contacts-centrally&#8220; align_tablet=&#8220;center&#8220; align_phone=&#8220;center&#8220; align_last_edited=&#8220;on|desktop&#8220; _builder_version=&#8220;4.14.5&#8243; animation_style=&#8220;zoom&#8220; animation_direction=&#8220;left&#8220; animation_intensity_zoom=&#8220;5%&#8220; border_color_all=&#8220;rgba(51,51,51,0.1)&#8220; global_colors_info=&#8220;{}&#8220;][\/et_pb_image][\/et_pb_column][\/et_pb_row][et_pb_row column_structure=&#8220;1_2,1_2&#8243; admin_label=&#8220;Right Sided Image&#8220; module_class=&#8220;custom_row&#8220; _builder_version=&#8220;4.14.5&#8243; custom_padding=&#8220;60px|0px|60px|0px&#8220; locked=&#8220;off&#8220; global_colors_info=&#8220;{}&#8220;][et_pb_column type=&#8220;1_2&#8243; module_class=&#8220;second-on-mobile&#8220; _builder_version=&#8220;4.14.5&#8243; custom_padding=&#8220;|||&#8220; global_colors_info=&#8220;{}&#8220; custom_padding__hover=&#8220;|||&#8220;][et_pb_image src=&#8220;https:\/\/yawave.com\/wp-content\/uploads\/2022\/05\/contact-segments.png&#8220; alt=&#8220;Contact Segments&#8220; title_text=&#8220;contact-segments&#8220; align_tablet=&#8220;center&#8220; align_phone=&#8220;center&#8220; align_last_edited=&#8220;on|desktop&#8220; _builder_version=&#8220;4.14.5&#8243; animation_style=&#8220;zoom&#8220; animation_direction=&#8220;left&#8220; animation_intensity_zoom=&#8220;5%&#8220; border_color_all=&#8220;rgba(51,51,51,0.1)&#8220; global_colors_info=&#8220;{}&#8220;][\/et_pb_image][\/et_pb_column][et_pb_column type=&#8220;1_2&#8243; module_class=&#8220;first-on-mobile&#8220; _builder_version=&#8220;4.14.5&#8243; custom_padding=&#8220;|||&#8220; global_colors_info=&#8220;{}&#8220; custom_padding__hover=&#8220;|||&#8220;][et_pb_text _builder_version=&#8220;4.14.5&#8243; _module_preset=&#8220;76b1ee4c-8d5f-4c2d-85b9-c449a7bdd80e&#8220; global_colors_info=&#8220;{}&#8220;]<\/p>\n<h2>Teile und kommuniziere<\/h2>\n<p>Mit unserer L\u00f6sung kannst Du Deine Kontakte segmentieren und so relevanten Content gezielt ausspielen:<br \/>\n<\/br><\/p>\n<ul>\n<li>Gruppiere die Kontakte anhand selbst definierbarer Dimensionen<\/li>\n<li>Verwende statische und dynamische Regeln, um die Segmente festzulegen<\/li>\n<\/ul>\n<p>[\/et_pb_text][\/et_pb_column][\/et_pb_row][\/et_pb_section][et_pb_section fb_built=&#8220;1&#8243; _builder_version=&#8220;4.14.5&#8243; _module_preset=&#8220;default&#8220; global_colors_info=&#8220;{}&#8220;][et_pb_row column_structure=&#8220;1_2,1_2&#8243; admin_label=&#8220;Right Sided Image&#8220; _builder_version=&#8220;4.14.5&#8243; custom_padding=&#8220;60px|0px|60px|0px&#8220; locked=&#8220;off&#8220; global_colors_info=&#8220;{}&#8220;][et_pb_column type=&#8220;1_2&#8243; _builder_version=&#8220;3.25&#8243; custom_padding=&#8220;|||&#8220; global_colors_info=&#8220;{}&#8220; custom_padding__hover=&#8220;|||&#8220;][et_pb_text _builder_version=&#8220;4.14.5&#8243; _module_preset=&#8220;76b1ee4c-8d5f-4c2d-85b9-c449a7bdd80e&#8220; text_font=&#8220;||||||||&#8220; global_colors_info=&#8220;{}&#8220;]<\/p>\n<h2>Verstehe Deine Kontakte<\/h2>\n<p>Mit unserem Kontaktmanagement lernst Du Deine User und Community besser kennen:<br \/>\n<\/br><\/p>\n<ul>\n<li>Verfolge Interaktionen mit Deinem Content auf Kontaktebene<\/li>\n<li>Erfahre mehr \u00fcber die Interessen Deiner Community<\/li>\n<li>Optimiere danach Deinen Content<\/li>\n<\/ul>\n<p>[\/et_pb_text][\/et_pb_column][et_pb_column type=&#8220;1_2&#8243; _builder_version=&#8220;3.25&#8243; custom_padding=&#8220;|||&#8220; global_colors_info=&#8220;{}&#8220; custom_padding__hover=&#8220;|||&#8220;][et_pb_image src=&#8220;https:\/\/yawave.com\/wp-content\/uploads\/2022\/05\/contact-stats.png&#8220; alt=&#8220;Contact Statistics&#8220; title_text=&#8220;contact-stats&#8220; align_tablet=&#8220;center&#8220; align_phone=&#8220;center&#8220; align_last_edited=&#8220;on|desktop&#8220; _builder_version=&#8220;4.14.5&#8243; animation_style=&#8220;zoom&#8220; animation_direction=&#8220;left&#8220; animation_intensity_zoom=&#8220;5%&#8220; border_color_all=&#8220;rgba(51,51,51,0.1)&#8220; global_colors_info=&#8220;{}&#8220;][\/et_pb_image][\/et_pb_column][\/et_pb_row][\/et_pb_section][et_pb_section fb_built=&#8220;1&#8243; _builder_version=&#8220;4.14.5&#8243; _module_preset=&#8220;default&#8220; global_colors_info=&#8220;{}&#8220;][et_pb_row column_structure=&#8220;3_5,2_5&#8243; _builder_version=&#8220;4.14.5&#8243; _module_preset=&#8220;default&#8220; background_image=&#8220;http:\/\/yawave.com\/wp-content\/uploads\/2022\/02\/yawave_bg_v2.jpg&#8220; custom_padding=&#8220;100px|50px|100px|50px|false|false&#8220; border_radii=&#8220;on|15px|15px|15px|15px&#8220; box_shadow_style=&#8220;preset2&#8243; global_colors_info=&#8220;{}&#8220;][et_pb_column type=&#8220;3_5&#8243; _builder_version=&#8220;4.14.5&#8243; _module_preset=&#8220;default&#8220; global_colors_info=&#8220;{}&#8220;][et_pb_text _builder_version=&#8220;4.14.5&#8243; _module_preset=&#8220;default&#8220; global_colors_info=&#8220;{}&#8220;]<\/p>\n<h3>Vergr\u00f6\u00dfere Deine Kontaktdatenbank.<\/h3>\n<p>[\/et_pb_text][et_pb_button button_url=&#8220;https:\/\/calendly.com\/markus-koch\/30min&#8220; button_text=&#8220;Demo anfragen&#8220; _builder_version=&#8220;4.14.5&#8243; _module_preset=&#8220;b8fa3559-8baa-4ff5-8a2f-e3752882096f&#8220; custom_margin=&#8220;15px||0px|60px|false|false&#8220; custom_margin_tablet=&#8220;15px||0px|60px|false|false&#8220; custom_margin_phone=&#8220;|||0px|false|false&#8220; custom_margin_last_edited=&#8220;on|phone&#8220; hover_enabled=&#8220;0&#8243; global_colors_info=&#8220;{}&#8220; module_class=&#8220;button_popup&#8220; sticky_enabled=&#8220;0&#8243;][\/et_pb_button][\/et_pb_column][et_pb_column type=&#8220;2_5&#8243; _builder_version=&#8220;4.14.5&#8243; _module_preset=&#8220;default&#8220; global_colors_info=&#8220;{}&#8220;][\/et_pb_column][\/et_pb_row][\/et_pb_section][et_pb_section fb_built=&#8220;1&#8243; _builder_version=&#8220;4.14.5&#8243; _module_preset=&#8220;default&#8220; global_colors_info=&#8220;{}&#8220;][et_pb_row column_structure=&#8220;1_2,1_2&#8243; admin_label=&#8220;Right Sided Image&#8220; _builder_version=&#8220;4.14.5&#8243; custom_padding=&#8220;60px|0px|60px|0px&#8220; locked=&#8220;off&#8220; global_colors_info=&#8220;{}&#8220;][et_pb_column type=&#8220;1_2&#8243; _builder_version=&#8220;3.25&#8243; custom_padding=&#8220;|||&#8220; global_colors_info=&#8220;{}&#8220; custom_padding__hover=&#8220;|||&#8220;][et_pb_text _builder_version=&#8220;4.14.5&#8243; _module_preset=&#8220;76b1ee4c-8d5f-4c2d-85b9-c449a7bdd80e&#8220; global_colors_info=&#8220;{}&#8220;]<\/p>\n<h2>Rechtlich auf der sicheren Seite<\/h2>\n<p>Berechtigungsmanagement und Datenschutz k\u00f6nnen auch einfach sein:<br \/>\n<\/br><\/p>\n<ul>\n<li>Berechtigungen f\u00fcr alle Tools von einem Ort aus verwalten<\/li>\n<li>Rechtstexte sowie Opt-in Varianten definieren<\/li>\n<li>DSGVO- und nDSG-konform auftreten<\/li>\n<\/ul>\n<p>[\/et_pb_text][\/et_pb_column][et_pb_column type=&#8220;1_2&#8243; _builder_version=&#8220;3.25&#8243; custom_padding=&#8220;|||&#8220; global_colors_info=&#8220;{}&#8220; custom_padding__hover=&#8220;|||&#8220;][et_pb_image src=&#8220;https:\/\/yawave.com\/wp-content\/uploads\/2022\/05\/gdpr.png&#8220; alt=&#8220;GDPR&#8220; title_text=&#8220;gdpr&#8220; align_tablet=&#8220;center&#8220; align_phone=&#8220;center&#8220; align_last_edited=&#8220;on|desktop&#8220; _builder_version=&#8220;4.14.5&#8243; animation_style=&#8220;zoom&#8220; animation_direction=&#8220;left&#8220; animation_intensity_zoom=&#8220;5%&#8220; border_color_all=&#8220;rgba(51,51,51,0.1)&#8220; global_colors_info=&#8220;{}&#8220;][\/et_pb_image][\/et_pb_column][\/et_pb_row][\/et_pb_section][et_pb_section fb_built=&#8220;1&#8243; _builder_version=&#8220;4.14.5&#8243; _module_preset=&#8220;default&#8220; background_image=&#8220;http:\/\/yawave.com\/wp-content\/uploads\/2022\/02\/yawave_bg_v3.png&#8220; custom_padding=&#8220;||||false|false&#8220; global_colors_info=&#8220;{}&#8220;][et_pb_row _builder_version=&#8220;4.14.5&#8243; _module_preset=&#8220;default&#8220; global_colors_info=&#8220;{}&#8220;][et_pb_column type=&#8220;4_4&#8243; _builder_version=&#8220;4.14.5&#8243; _module_preset=&#8220;default&#8220; global_colors_info=&#8220;{}&#8220;][et_pb_text content_tablet=&#8220;<\/p>\n<p>Entdecke unseren kompletten User Hub<\/p>\n<p><a href=%22\/de\/user-hub\/user-portal\/%22><span style=%22font-size: 36px; color: #174a8f;%22>User Portal<\/span><\/a><\/p>\n<p><a href=%22\/de\/user-hub\/loyalty-programm\/%22><span style=%22font-size: 36px; color: #174a8f;%22>Loyalty-Programm<\/span><\/a><\/p>\n<p><a href=%22\/de\/user-hub\/user-interaction\/%22><span style=%22font-size: 36px; color: #174a8f;%22>User Interaction<\/span><\/a><\/p>\n<p>&#8220; content_phone=&#8220;<\/p>\n<p>Entdecke unseren kompletten User Hub<\/p>\n<p><a href=%22\/de\/user-hub\/user-portal\/%22><span style=%22font-size: 34px; color: #174a8f;%22>User Portal<\/span><\/a><\/p>\n<p><a href=%22\/de\/user-hub\/loyalty-programm\/%22><span style=%22font-size: 34px; color: #174a8f;%22>Loyalty-Programm<\/span><\/a><\/p>\n<p><a href=%22\/de\/user-hub\/user-interaction\/%22><span style=%22font-size: 34px; color: #174a8f;%22>User Interaction<\/span><\/a><\/p>\n<p>&#8220; content_last_edited=&#8220;on|phone&#8220; _builder_version=&#8220;4.14.5&#8243; _module_preset=&#8220;default&#8220; text_font=&#8220;||||||||&#8220; text_line_height=&#8220;2em&#8220; global_colors_info=&#8220;{}&#8220;]<\/p>\n<p>Entdecke unseren kompletten User Hub<\/p>\n<p><a href=\"\/de\/user-hub\/user-portal\/\"><span style=\"font-size: 36px; color: #174a8f;\">User Portal<\/span><\/a><\/p>\n<p><a href=\"\/de\/user-hub\/loyalty-programm\/\"><span style=\"font-size: 36px; color: #174a8f;\">Loyalty-Programm<\/span><\/a><\/p>\n<p><a href=\"\/de\/user-hub\/user-interaction\/\"><span style=\"font-size: 36px; color: #174a8f;\">User Interaction<\/span><\/a><\/p>\n<p>[\/et_pb_text][\/et_pb_column][\/et_pb_row][\/et_pb_section][et_pb_section fb_built=&#8220;1&#8243; _builder_version=&#8220;4.14.5&#8243; _module_preset=&#8220;default&#8220; background_color=&#8220;#0195df&#8220; background_color_gradient_start=&#8220;rgba(255,255,255,0)&#8220; background_color_gradient_end=&#8220;#008cd9&#8243; custom_padding=&#8220;||||false|false&#8220; bottom_divider_color=&#8220;#0195DF&#8220; bottom_divider_height=&#8220;272px&#8220; bottom_divider_repeat=&#8220;1x&#8220; box_shadow_style=&#8220;preset3&#8243; box_shadow_vertical=&#8220;400px&#8220; box_shadow_blur=&#8220;0px&#8220; box_shadow_spread=&#8220;-80px&#8220; box_shadow_color=&#8220;#FFFFFF&#8220; box_shadow_position=&#8220;inner&#8220; global_module=&#8220;6657&#8243; saved_tabs=&#8220;all&#8220; global_colors_info=&#8220;{}&#8220;][et_pb_row _builder_version=&#8220;4.14.5&#8243; _module_preset=&#8220;default&#8220; background_image=&#8220;https:\/\/yawave.com\/wp-content\/uploads\/2022\/02\/yawave_bg_v2.jpg&#8220; custom_padding=&#8220;100px|50px|100px|50px|false|false&#8220; border_radii=&#8220;on|15px|15px|15px|15px&#8220; global_colors_info=&#8220;{}&#8220;][et_pb_column type=&#8220;4_4&#8243; _builder_version=&#8220;4.14.5&#8243; _module_preset=&#8220;default&#8220; global_colors_info=&#8220;{}&#8220;][et_pb_text _builder_version=&#8220;4.14.5&#8243; _module_preset=&#8220;default&#8220; custom_margin_tablet=&#8220;|||60px|false|false&#8220; custom_margin_phone=&#8220;|||0px|false|false&#8220; global_colors_info=&#8220;{}&#8220;]<\/p>\n<h3>Deine Community. Dein Content. Deine Conversions.<\/h3>\n<p>[\/et_pb_text][et_pb_button button_url=&#8220;https:\/\/calendly.com\/markus-koch\/30min&#8220; button_text=&#8220;Demo anfragen&#8220; module_class=&#8220;button_popup&#8220; _builder_version=&#8220;4.14.5&#8243; _module_preset=&#8220;b8fa3559-8baa-4ff5-8a2f-e3752882096f&#8220; custom_margin=&#8220;15px||0px|60px|false|false&#8220; custom_margin_tablet=&#8220;15px||0px|60px|false|false&#8220; custom_margin_phone=&#8220;15px||0px|0px|false|false&#8220; custom_margin_last_edited=&#8220;on|phone&#8220; global_colors_info=&#8220;{}&#8220; button_bg_color__hover_enabled=&#8220;off|desktop&#8220; button_text_color__hover_enabled=&#8220;off|desktop&#8220; button_text_color__hover=&#8220;#000000&#8243;][\/et_pb_button][\/et_pb_column][\/et_pb_row][\/et_pb_section]<\/p>\n","protected":false},"excerpt":{"rendered":"<p>Kontaktmanagement Pflege Deine Kontakte und reichere sie anHalte Deine Kontakte zentral Im User Hub erfasst Du alle Kontakte Deiner Organisation m\u00fchelos und zentral: Komplette Kontaktlisten hochladen oder einzelne Kontakte manuell hinzuf\u00fcgen Kontakte \u00fcber die gesamte yawave Tool-Palette verwalten (z.B. Newsletter und Loyalty Tool) Teile und kommuniziere Mit unserer L\u00f6sung kannst Du Deine Kontakte segmentieren und [&hellip;]<\/p>\n","protected":false},"author":1,"featured_media":0,"parent":7475,"menu_order":0,"comment_status":"closed","ping_status":"closed","template":"","meta":{"_et_pb_use_builder":"on","_et_pb_old_content":"","_et_gb_content_width":"","footnotes":""},"dipi_cpt_category":[],"class_list":["post-7454","page","type-page","status-publish","hentry"],"yoast_head":"<!-- This site is optimized with the Yoast SEO plugin v27.4 - https:\/\/yoast.com\/product\/yoast-seo-wordpress\/ -->\n<title>Kontaktmanagement - yawave User Interaction Suite<\/title>\n<meta name=\"robots\" content=\"index, follow, max-snippet:-1, max-image-preview:large, max-video-preview:-1\" \/>\n<link rel=\"canonical\" href=\"https:\/\/yawave.com\/de\/user-hub\/kontaktmanagement\/\" \/>\n<meta property=\"og:locale\" content=\"de_DE\" \/>\n<meta property=\"og:type\" content=\"article\" \/>\n<meta property=\"og:title\" content=\"Kontaktmanagement - yawave User Interaction Suite\" \/>\n<meta property=\"og:description\" content=\"Kontaktmanagement Pflege Deine Kontakte und reichere sie anHalte Deine Kontakte zentral Im User Hub erfasst Du alle Kontakte Deiner Organisation m\u00fchelos und zentral: Komplette Kontaktlisten hochladen oder einzelne Kontakte manuell hinzuf\u00fcgen Kontakte \u00fcber die gesamte yawave Tool-Palette verwalten (z.B. Newsletter und Loyalty Tool) Teile und kommuniziere Mit unserer L\u00f6sung kannst Du Deine Kontakte segmentieren und [&hellip;]\" \/>\n<meta property=\"og:url\" content=\"https:\/\/yawave.com\/de\/user-hub\/kontaktmanagement\/\" \/>\n<meta property=\"og:site_name\" content=\"yawave User Interaction Suite\" \/>\n<meta property=\"article:modified_time\" content=\"2022-05-31T12:47:48+00:00\" \/>\n<meta name=\"twitter:card\" content=\"summary_large_image\" \/>\n<meta name=\"twitter:label1\" content=\"Gesch\u00e4tzte Lesezeit\" \/>\n\t<meta name=\"twitter:data1\" content=\"8\u00a0Minuten\" \/>\n<script type=\"application\/ld+json\" class=\"yoast-schema-graph\">{\"@context\":\"https:\\\/\\\/schema.org\",\"@graph\":[{\"@type\":\"WebPage\",\"@id\":\"https:\\\/\\\/yawave.com\\\/de\\\/user-hub\\\/kontaktmanagement\\\/\",\"url\":\"https:\\\/\\\/yawave.com\\\/de\\\/user-hub\\\/kontaktmanagement\\\/\",\"name\":\"Kontaktmanagement - yawave User Interaction Suite\",\"isPartOf\":{\"@id\":\"https:\\\/\\\/yawave.com\\\/de\\\/#website\"},\"datePublished\":\"2022-03-02T08:35:06+00:00\",\"dateModified\":\"2022-05-31T12:47:48+00:00\",\"breadcrumb\":{\"@id\":\"https:\\\/\\\/yawave.com\\\/de\\\/user-hub\\\/kontaktmanagement\\\/#breadcrumb\"},\"inLanguage\":\"de\",\"potentialAction\":[{\"@type\":\"ReadAction\",\"target\":[\"https:\\\/\\\/yawave.com\\\/de\\\/user-hub\\\/kontaktmanagement\\\/\"]}]},{\"@type\":\"BreadcrumbList\",\"@id\":\"https:\\\/\\\/yawave.com\\\/de\\\/user-hub\\\/kontaktmanagement\\\/#breadcrumb\",\"itemListElement\":[{\"@type\":\"ListItem\",\"position\":1,\"name\":\"Home\",\"item\":\"https:\\\/\\\/yawave.com\\\/de\\\/\"},{\"@type\":\"ListItem\",\"position\":2,\"name\":\"User Hub\",\"item\":\"https:\\\/\\\/yawave.com\\\/de\\\/user-hub\\\/\"},{\"@type\":\"ListItem\",\"position\":3,\"name\":\"Kontaktmanagement\"}]},{\"@type\":\"WebSite\",\"@id\":\"https:\\\/\\\/yawave.com\\\/de\\\/#website\",\"url\":\"https:\\\/\\\/yawave.com\\\/de\\\/\",\"name\":\"yawave User Interaction Suite\",\"description\":\"\",\"publisher\":{\"@id\":\"https:\\\/\\\/yawave.com\\\/de\\\/#organization\"},\"potentialAction\":[{\"@type\":\"SearchAction\",\"target\":{\"@type\":\"EntryPoint\",\"urlTemplate\":\"https:\\\/\\\/yawave.com\\\/de\\\/?s={search_term_string}\"},\"query-input\":{\"@type\":\"PropertyValueSpecification\",\"valueRequired\":true,\"valueName\":\"search_term_string\"}}],\"inLanguage\":\"de\"},{\"@type\":\"Organization\",\"@id\":\"https:\\\/\\\/yawave.com\\\/de\\\/#organization\",\"name\":\"yawave\",\"url\":\"https:\\\/\\\/yawave.com\\\/de\\\/\",\"logo\":{\"@type\":\"ImageObject\",\"inLanguage\":\"de\",\"@id\":\"https:\\\/\\\/yawave.com\\\/de\\\/#\\\/schema\\\/logo\\\/image\\\/\",\"url\":\"https:\\\/\\\/yawave.com\\\/wp-content\\\/uploads\\\/2022\\\/05\\\/yawave_logo_blau.png\",\"contentUrl\":\"https:\\\/\\\/yawave.com\\\/wp-content\\\/uploads\\\/2022\\\/05\\\/yawave_logo_blau.png\",\"width\":150,\"height\":29,\"caption\":\"yawave\"},\"image\":{\"@id\":\"https:\\\/\\\/yawave.com\\\/de\\\/#\\\/schema\\\/logo\\\/image\\\/\"}}]}<\/script>\n<!-- \/ Yoast SEO plugin. -->","yoast_head_json":{"title":"Kontaktmanagement - yawave User Interaction Suite","robots":{"index":"index","follow":"follow","max-snippet":"max-snippet:-1","max-image-preview":"max-image-preview:large","max-video-preview":"max-video-preview:-1"},"canonical":"https:\/\/yawave.com\/de\/user-hub\/kontaktmanagement\/","og_locale":"de_DE","og_type":"article","og_title":"Kontaktmanagement - yawave User Interaction Suite","og_description":"Kontaktmanagement Pflege Deine Kontakte und reichere sie anHalte Deine Kontakte zentral Im User Hub erfasst Du alle Kontakte Deiner Organisation m\u00fchelos und zentral: Komplette Kontaktlisten hochladen oder einzelne Kontakte manuell hinzuf\u00fcgen Kontakte \u00fcber die gesamte yawave Tool-Palette verwalten (z.B. Newsletter und Loyalty Tool) Teile und kommuniziere Mit unserer L\u00f6sung kannst Du Deine Kontakte segmentieren und [&hellip;]","og_url":"https:\/\/yawave.com\/de\/user-hub\/kontaktmanagement\/","og_site_name":"yawave User Interaction Suite","article_modified_time":"2022-05-31T12:47:48+00:00","twitter_card":"summary_large_image","twitter_misc":{"Gesch\u00e4tzte Lesezeit":"8\u00a0Minuten"},"schema":{"@context":"https:\/\/schema.org","@graph":[{"@type":"WebPage","@id":"https:\/\/yawave.com\/de\/user-hub\/kontaktmanagement\/","url":"https:\/\/yawave.com\/de\/user-hub\/kontaktmanagement\/","name":"Kontaktmanagement - yawave User Interaction Suite","isPartOf":{"@id":"https:\/\/yawave.com\/de\/#website"},"datePublished":"2022-03-02T08:35:06+00:00","dateModified":"2022-05-31T12:47:48+00:00","breadcrumb":{"@id":"https:\/\/yawave.com\/de\/user-hub\/kontaktmanagement\/#breadcrumb"},"inLanguage":"de","potentialAction":[{"@type":"ReadAction","target":["https:\/\/yawave.com\/de\/user-hub\/kontaktmanagement\/"]}]},{"@type":"BreadcrumbList","@id":"https:\/\/yawave.com\/de\/user-hub\/kontaktmanagement\/#breadcrumb","itemListElement":[{"@type":"ListItem","position":1,"name":"Home","item":"https:\/\/yawave.com\/de\/"},{"@type":"ListItem","position":2,"name":"User Hub","item":"https:\/\/yawave.com\/de\/user-hub\/"},{"@type":"ListItem","position":3,"name":"Kontaktmanagement"}]},{"@type":"WebSite","@id":"https:\/\/yawave.com\/de\/#website","url":"https:\/\/yawave.com\/de\/","name":"yawave User Interaction Suite","description":"","publisher":{"@id":"https:\/\/yawave.com\/de\/#organization"},"potentialAction":[{"@type":"SearchAction","target":{"@type":"EntryPoint","urlTemplate":"https:\/\/yawave.com\/de\/?s={search_term_string}"},"query-input":{"@type":"PropertyValueSpecification","valueRequired":true,"valueName":"search_term_string"}}],"inLanguage":"de"},{"@type":"Organization","@id":"https:\/\/yawave.com\/de\/#organization","name":"yawave","url":"https:\/\/yawave.com\/de\/","logo":{"@type":"ImageObject","inLanguage":"de","@id":"https:\/\/yawave.com\/de\/#\/schema\/logo\/image\/","url":"https:\/\/yawave.com\/wp-content\/uploads\/2022\/05\/yawave_logo_blau.png","contentUrl":"https:\/\/yawave.com\/wp-content\/uploads\/2022\/05\/yawave_logo_blau.png","width":150,"height":29,"caption":"yawave"},"image":{"@id":"https:\/\/yawave.com\/de\/#\/schema\/logo\/image\/"}}]}},"_links":{"self":[{"href":"https:\/\/yawave.com\/de\/wp-json\/wp\/v2\/pages\/7454","targetHints":{"allow":["GET"]}}],"collection":[{"href":"https:\/\/yawave.com\/de\/wp-json\/wp\/v2\/pages"}],"about":[{"href":"https:\/\/yawave.com\/de\/wp-json\/wp\/v2\/types\/page"}],"author":[{"embeddable":true,"href":"https:\/\/yawave.com\/de\/wp-json\/wp\/v2\/users\/1"}],"replies":[{"embeddable":true,"href":"https:\/\/yawave.com\/de\/wp-json\/wp\/v2\/comments?post=7454"}],"version-history":[{"count":37,"href":"https:\/\/yawave.com\/de\/wp-json\/wp\/v2\/pages\/7454\/revisions"}],"predecessor-version":[{"id":12543,"href":"https:\/\/yawave.com\/de\/wp-json\/wp\/v2\/pages\/7454\/revisions\/12543"}],"up":[{"embeddable":true,"href":"https:\/\/yawave.com\/de\/wp-json\/wp\/v2\/pages\/7475"}],"wp:attachment":[{"href":"https:\/\/yawave.com\/de\/wp-json\/wp\/v2\/media?parent=7454"}],"wp:term":[{"taxonomy":"dipi_cpt_category","embeddable":true,"href":"https:\/\/yawave.com\/de\/wp-json\/wp\/v2\/dipi_cpt_category?post=7454"}],"curies":[{"name":"wp","href":"https:\/\/api.w.org\/{rel}","templated":true}]}}