{"id":6717,"date":"2022-02-21T09:57:24","date_gmt":"2022-02-21T08:57:24","guid":{"rendered":"https:\/\/yawave.com\/?page_id=6717"},"modified":"2022-06-02T11:00:58","modified_gmt":"2022-06-02T09:00:58","slug":"service-beratung","status":"publish","type":"page","link":"https:\/\/yawave.com\/de\/service-beratung\/","title":{"rendered":"Service &#038; Beratung"},"content":{"rendered":"<p>[et_pb_section fb_built=&#8220;1&#8243; next_background_color=&#8220;#ffffff&#8220; admin_label=&#8220;Center Aligned Text &#8220; _builder_version=&#8220;4.14.5&#8243; background_color=&#8220;#f8fbfe&#8220; background_color_gradient_start=&#8220;#0195df&#8220; background_color_gradient_end=&#8220;#174a8f&#8220; background_color_gradient_direction=&#8220;135deg&#8220; background_image=&#8220;http:\/\/yawave.com\/wp-content\/uploads\/2022\/02\/yawave_bg_v2.jpg&#8220; custom_padding=&#8220;|0px||0px|false|false&#8220; bottom_divider_style=&#8220;waves&#8220; animation_direction=&#8220;bottom&#8220; global_colors_info=&#8220;{}&#8220;][et_pb_row column_structure=&#8220;1_2,1_2&#8243; _builder_version=&#8220;4.14.5&#8243; _module_preset=&#8220;default&#8220; custom_margin=&#8220;50px||||false|false&#8220; custom_padding=&#8220;||||false|false&#8220; global_colors_info=&#8220;{}&#8220;][et_pb_column type=&#8220;1_2&#8243; _builder_version=&#8220;4.14.5&#8243; _module_preset=&#8220;default&#8220; global_colors_info=&#8220;{}&#8220;][et_pb_text _builder_version=&#8220;4.14.5&#8243; _module_preset=&#8220;6ca588f9-ac17-4b5e-aa89-4a59b7cc4e0f&#8220; global_colors_info=&#8220;{}&#8220;]<\/p>\n<h1>Kundenorientierte Digitalisierung<\/h1>\n<p style=\"text-align: left;\">Von der Vision des Kundenerlebnisses bishin zu einem umsetzbaren Plan mit nach Priorit\u00e4ten geordneten Anforderungen und Releases<\/p>\n<p>[\/et_pb_text][\/et_pb_column][et_pb_column type=&#8220;1_2&#8243; _builder_version=&#8220;4.14.5&#8243; _module_preset=&#8220;default&#8220; global_colors_info=&#8220;{}&#8220;][\/et_pb_column][\/et_pb_row][\/et_pb_section][et_pb_section fb_built=&#8220;1&#8243; admin_label=&#8220;Trust Logos&#8220; _builder_version=&#8220;4.14.5&#8243; _module_preset=&#8220;default&#8220; use_background_color_gradient=&#8220;on&#8220; background_color_gradient_start=&#8220;#ffffff&#8220; background_color_gradient_end=&#8220;rgba(229,229,229,0.25)&#8220; bottom_divider_style=&#8220;waves&#8220; bottom_divider_color=&#8220;#FFFFFF&#8220; global_colors_info=&#8220;{}&#8220;][et_pb_row column_structure=&#8220;1_2,1_2&#8243; admin_label=&#8220;Right Sided Image&#8220; _builder_version=&#8220;4.14.5&#8243; custom_padding=&#8220;60px|0px|60px|0px&#8220; locked=&#8220;off&#8220; global_colors_info=&#8220;{}&#8220;][et_pb_column type=&#8220;1_2&#8243; _builder_version=&#8220;3.25&#8243; custom_padding=&#8220;|||&#8220; global_colors_info=&#8220;{}&#8220; custom_padding__hover=&#8220;|||&#8220;][et_pb_image src=&#8220;https:\/\/yawave.com\/wp-content\/uploads\/2022\/06\/Service-Beratung.png&#8220; title_text=&#8220;Service-Beratung&#8220; align_tablet=&#8220;center&#8220; align_phone=&#8220;center&#8220; align_last_edited=&#8220;on|desktop&#8220; _builder_version=&#8220;4.14.5&#8243; animation_style=&#8220;zoom&#8220; animation_direction=&#8220;left&#8220; animation_intensity_zoom=&#8220;5%&#8220; hover_enabled=&#8220;0&#8243; border_color_all=&#8220;rgba(51,51,51,0.1)&#8220; global_colors_info=&#8220;{}&#8220; sticky_enabled=&#8220;0&#8243;][\/et_pb_image][\/et_pb_column][et_pb_column type=&#8220;1_2&#8243; _builder_version=&#8220;3.25&#8243; custom_padding=&#8220;|||&#8220; global_colors_info=&#8220;{}&#8220; custom_padding__hover=&#8220;|||&#8220;][et_pb_text _builder_version=&#8220;4.14.5&#8243; _module_preset=&#8220;76b1ee4c-8d5f-4c2d-85b9-c449a7bdd80e&#8220; global_colors_info=&#8220;{}&#8220;]<\/p>\n<h2>Effizientes, bew\u00e4hrtes Vorgehen<\/h2>\n<p>Wir blicken auf langj\u00e4hrige Erfahrung in der Kombination von Marketing- mit IT-Konzepten sowie Enterprise Architecture Models zur\u00fcck. Auf dieser Basis haben wir einen wirkungsvollen 4-Stufen-Ansatz f\u00fcr digitale Plattformen und einzigartige Kundenerlebnisse entwickelt.[\/et_pb_text][\/et_pb_column][\/et_pb_row][\/et_pb_section][et_pb_section fb_built=&#8220;1&#8243; admin_label=&#8220;Features CTA Section&#8220; _builder_version=&#8220;4.14.5&#8243; use_background_color_gradient=&#8220;on&#8220; background_color_gradient_start=&#8220;#ffffff&#8220; background_color_gradient_end=&#8220;rgba(229,229,229,0.25)&#8220; background_color_gradient_start_position=&#8220;50%&#8220; custom_padding=&#8220;100px|0px|100px|0px&#8220; bottom_divider_style=&#8220;waves&#8220; bottom_divider_color=&#8220;#FFFFFF&#8220; saved_tabs=&#8220;all&#8220; global_colors_info=&#8220;{}&#8220;][et_pb_row column_structure=&#8220;1_2,1_2&#8243; admin_label=&#8220;Right Sided Image&#8220; _builder_version=&#8220;4.14.5&#8243; custom_padding=&#8220;60px|0px|60px|0px&#8220; locked=&#8220;off&#8220; global_colors_info=&#8220;{}&#8220;][et_pb_column type=&#8220;1_2&#8243; _builder_version=&#8220;3.25&#8243; custom_padding=&#8220;|||&#8220; global_colors_info=&#8220;{}&#8220; custom_padding__hover=&#8220;|||&#8220;][et_pb_text _builder_version=&#8220;4.14.5&#8243; _module_preset=&#8220;76b1ee4c-8d5f-4c2d-85b9-c449a7bdd80e&#8220; global_colors_info=&#8220;{}&#8220;]<span style=\"color: #868a90; font-size: 16px;\">Step 01<\/span><\/p>\n<h2>Customer Journey und Roadmap<\/h2>\n<p>Der Kunde zuerst \u2013 in diesem Sinn schaffen wir eine klare Orientierung und Empfehlung f\u00fcr das zuk\u00fcnftige Kundenerlebnis. Wir liefern eine aussagekr\u00e4ftige Vision f\u00fcr einen 3-Jahres-Planungszeitraum und eine umfassende Liste innovativer Ideen, wie Kundeninteraktionen on- und offline f\u00fcr mehr Wachstum verbessert werden k\u00f6nnen.[\/et_pb_text][\/et_pb_column][et_pb_column type=&#8220;1_2&#8243; _builder_version=&#8220;3.25&#8243; custom_padding=&#8220;|||&#8220; global_colors_info=&#8220;{}&#8220; custom_padding__hover=&#8220;|||&#8220;][et_pb_text _builder_version=&#8220;4.14.5&#8243; _module_preset=&#8220;default&#8220; text_font=&#8220;||||||||&#8220; global_colors_info=&#8220;{}&#8220;]<span style=\"color: #0195df;\">Experience Map<\/span><\/p>\n<p>Wir strukturieren Dein Zielerlebnis und veranschaulichen dieses als \u201eBig Picture\u201c-Strategie auf einem Poster[\/et_pb_text][et_pb_divider color=&#8220;#0195DF&#8220; _builder_version=&#8220;4.14.5&#8243; _module_preset=&#8220;default&#8220; background_color=&#8220;RGBA(255,255,255,0)&#8220; global_colors_info=&#8220;{}&#8220;][\/et_pb_divider][et_pb_text _builder_version=&#8220;4.14.5&#8243; _module_preset=&#8220;default&#8220; text_font=&#8220;||||||||&#8220; global_colors_info=&#8220;{}&#8220;]<span style=\"color: #0195df;\">Ideen<\/span><\/p>\n<p>Wir generieren starke Ideen f\u00fcr Deine Kundeninteraktionen \u2013 in der Regel zwischen 100 und 200 umsetzbare Ideen[\/et_pb_text][et_pb_divider color=&#8220;#0195DF&#8220; _builder_version=&#8220;4.14.5&#8243; _module_preset=&#8220;default&#8220; background_color=&#8220;RGBA(255,255,255,0)&#8220; global_colors_info=&#8220;{}&#8220;][\/et_pb_divider][et_pb_text _builder_version=&#8220;4.14.5&#8243; _module_preset=&#8220;default&#8220; text_font=&#8220;||||||||&#8220; global_colors_info=&#8220;{}&#8220;]<\/p>\n<p><span style=\"color: #0195df;\">Roadmap<\/span><\/p>\n<p>Wir bewerten und clustern alle Ideen und priorisieren sie entlang einer umsetzbaren 3-Jahres-Roadmap<\/p>\n<p>[\/et_pb_text][et_pb_divider color=&#8220;#0195DF&#8220; _builder_version=&#8220;4.14.5&#8243; _module_preset=&#8220;default&#8220; background_color=&#8220;RGBA(255,255,255,0)&#8220; global_colors_info=&#8220;{}&#8220;][\/et_pb_divider][\/et_pb_column][\/et_pb_row][et_pb_row column_structure=&#8220;1_2,1_2&#8243; admin_label=&#8220;Right Sided Image&#8220; _builder_version=&#8220;4.14.5&#8243; custom_padding=&#8220;60px|0px|60px|0px&#8220; locked=&#8220;off&#8220; global_colors_info=&#8220;{}&#8220;][et_pb_column type=&#8220;1_2&#8243; _builder_version=&#8220;3.25&#8243; custom_padding=&#8220;|||&#8220; global_colors_info=&#8220;{}&#8220; custom_padding__hover=&#8220;|||&#8220;][et_pb_text _builder_version=&#8220;4.14.5&#8243; _module_preset=&#8220;76b1ee4c-8d5f-4c2d-85b9-c449a7bdd80e&#8220; global_colors_info=&#8220;{}&#8220;]<span style=\"color: #868a90; font-size: 16px;\">Step 02<\/span><\/p>\n<h2>Performance-Messung und Optimierung<\/h2>\n<p>Miss die Kundenwertsch\u00f6pfungskette. Entlang der Customer Journey analysieren wir die aktuelle Performance von der Bekanntheit bis zur Loyalit\u00e4t. Zudem identifizieren wir Optimierungspotenziale und decken L\u00fccken auf \u2013 daraus leiten wir relevante KPIs f\u00fcr ein wirkungsvolles, kontinuierliches Monitoring ab.[\/et_pb_text][\/et_pb_column][et_pb_column type=&#8220;1_2&#8243; _builder_version=&#8220;3.25&#8243; custom_padding=&#8220;|||&#8220; global_colors_info=&#8220;{}&#8220; custom_padding__hover=&#8220;|||&#8220;][et_pb_text _builder_version=&#8220;4.14.5&#8243; _module_preset=&#8220;default&#8220; text_font=&#8220;||||||||&#8220; global_colors_info=&#8220;{}&#8220;]<\/p>\n<p><span style=\"color: #0195df;\">Performance<\/span><\/p>\n<p>Wir messen die aktuelle Leistung an allen Touchpoints mit Schwerpunkt auf Reichweite und Konversion<\/p>\n<p>[\/et_pb_text][et_pb_divider color=&#8220;#0195DF&#8220; _builder_version=&#8220;4.14.5&#8243; _module_preset=&#8220;default&#8220; background_color=&#8220;RGBA(255,255,255,0)&#8220; global_colors_info=&#8220;{}&#8220;][\/et_pb_divider][et_pb_text _builder_version=&#8220;4.14.5&#8243; _module_preset=&#8220;default&#8220; text_font=&#8220;||||||||&#8220; global_colors_info=&#8220;{}&#8220;]<span style=\"color: #0195df;\">Optimierung<\/span><\/p>\n<p>Wir zeigen Optimierungspotenzial entlang des Customer Funnels und identifizieren L\u00fccken bei der Messung[\/et_pb_text][et_pb_divider color=&#8220;#0195DF&#8220; _builder_version=&#8220;4.14.5&#8243; _module_preset=&#8220;default&#8220; background_color=&#8220;RGBA(255,255,255,0)&#8220; global_colors_info=&#8220;{}&#8220;][\/et_pb_divider][et_pb_text _builder_version=&#8220;4.14.5&#8243; _module_preset=&#8220;default&#8220; text_font=&#8220;||||||||&#8220; global_colors_info=&#8220;{}&#8220;]<span style=\"color: #0195df;\">KPIs<\/span><\/p>\n<p>Wir definieren gemeinsam relevante KPIs f\u00fcr die laufende \u00dcberwachung und Steuerung der Customer Journey[\/et_pb_text][et_pb_divider color=&#8220;#0195DF&#8220; _builder_version=&#8220;4.14.5&#8243; _module_preset=&#8220;default&#8220; background_color=&#8220;RGBA(255,255,255,0)&#8220; global_colors_info=&#8220;{}&#8220;][\/et_pb_divider][\/et_pb_column][\/et_pb_row][\/et_pb_section][et_pb_section fb_built=&#8220;1&#8243; _builder_version=&#8220;4.14.5&#8243; _module_preset=&#8220;default&#8220; global_colors_info=&#8220;{}&#8220;][et_pb_row column_structure=&#8220;1_2,1_2&#8243; admin_label=&#8220;Right Sided Image&#8220; _builder_version=&#8220;4.14.5&#8243; custom_padding=&#8220;60px|0px|60px|0px&#8220; locked=&#8220;off&#8220; global_colors_info=&#8220;{}&#8220;][et_pb_column type=&#8220;1_2&#8243; _builder_version=&#8220;3.25&#8243; custom_padding=&#8220;|||&#8220; global_colors_info=&#8220;{}&#8220; custom_padding__hover=&#8220;|||&#8220;][et_pb_text _builder_version=&#8220;4.14.5&#8243; _module_preset=&#8220;76b1ee4c-8d5f-4c2d-85b9-c449a7bdd80e&#8220; global_colors_info=&#8220;{}&#8220;]<span style=\"color: #868a90; font-size: 16px;\">Step 03<\/span><\/p>\n<h2>Plattformstruktur und User Stories<\/h2>\n<p>Basierend auf der klaren Vision des zuk\u00fcnftigen Kundenerlebnisses stellen wir die digitale Plattform als strukturierte Karte dar und leiten klare Anforderungen in Form von User Stories ab \u2013 wir bewerten diese und sch\u00e4tzen die Kosten, um eine sinnvolle Umsetzung zu erm\u00f6glichen.[\/et_pb_text][\/et_pb_column][et_pb_column type=&#8220;1_2&#8243; _builder_version=&#8220;3.25&#8243; custom_padding=&#8220;|||&#8220; global_colors_info=&#8220;{}&#8220; custom_padding__hover=&#8220;|||&#8220;][et_pb_text _builder_version=&#8220;4.14.5&#8243; _module_preset=&#8220;default&#8220; text_font=&#8220;||||||||&#8220; global_colors_info=&#8220;{}&#8220;]<\/p>\n<p><span style=\"color: #0195df;\">Plattformstruktur<\/span><\/p>\n<p>Wir strukturieren und illustrieren die zuk\u00fcnftige digitale Plattform (Epic Map) f\u00fcr einen klaren Umsetzungsplan<\/p>\n<p>[\/et_pb_text][et_pb_divider color=&#8220;#0195DF&#8220; _builder_version=&#8220;4.14.5&#8243; _module_preset=&#8220;default&#8220; background_color=&#8220;RGBA(255,255,255,0)&#8220; global_colors_info=&#8220;{}&#8220;][\/et_pb_divider][et_pb_text _builder_version=&#8220;4.14.5&#8243; _module_preset=&#8220;default&#8220; text_font=&#8220;||||||||&#8220; global_colors_info=&#8220;{}&#8220;]<span style=\"color: #0195df;\">Anforderungen<\/span><\/p>\n<p>Wir erarbeiten eine umfassende Liste von funktionalen Anforderungen, sch\u00e4tzen und priorisieren diese [\/et_pb_text][et_pb_divider color=&#8220;#0195DF&#8220; _builder_version=&#8220;4.14.5&#8243; _module_preset=&#8220;default&#8220; background_color=&#8220;RGBA(255,255,255,0)&#8220; global_colors_info=&#8220;{}&#8220;][\/et_pb_divider][et_pb_text _builder_version=&#8220;4.14.5&#8243; _module_preset=&#8220;default&#8220; text_font=&#8220;||||||||&#8220; global_colors_info=&#8220;{}&#8220;]<\/p>\n<p><span style=\"color: #0195df;\">Releases<\/span><\/p>\n<p>Wir gruppieren in sinnvollen Clustern und erm\u00f6glichen so eine flexible Implementierung \u00fcber die Zeit<\/p>\n<p>[\/et_pb_text][et_pb_divider color=&#8220;#0195DF&#8220; _builder_version=&#8220;4.14.5&#8243; _module_preset=&#8220;default&#8220; background_color=&#8220;RGBA(255,255,255,0)&#8220; global_colors_info=&#8220;{}&#8220;][\/et_pb_divider][\/et_pb_column][\/et_pb_row][et_pb_row column_structure=&#8220;1_2,1_2&#8243; admin_label=&#8220;Right Sided Image&#8220; _builder_version=&#8220;4.14.5&#8243; custom_padding=&#8220;60px|0px|60px|0px&#8220; locked=&#8220;off&#8220; global_colors_info=&#8220;{}&#8220;][et_pb_column type=&#8220;1_2&#8243; _builder_version=&#8220;3.25&#8243; custom_padding=&#8220;|||&#8220; global_colors_info=&#8220;{}&#8220; custom_padding__hover=&#8220;|||&#8220;][et_pb_text _builder_version=&#8220;4.14.5&#8243; _module_preset=&#8220;76b1ee4c-8d5f-4c2d-85b9-c449a7bdd80e&#8220; global_colors_info=&#8220;{}&#8220;]<span style=\"color: #868a90; font-size: 16px;\">Step 04<\/span><\/p>\n<h2>Agile Entwicklung und<br \/>\nsmarter Betrieb<\/h2>\n<p>In zweiw\u00f6chigen Sprints entwickeln wir die Plattform effizient in Releases entlang des ausgearbeiteten, \u00fcbersichtlichen User Story Backlogs \u2013 nach dem Go-Live mit einer Version 1.0 reichern wir die Plattform st\u00e4ndig mit zus\u00e4tzlichen Features bzw. Releases an.[\/et_pb_text][\/et_pb_column][et_pb_column type=&#8220;1_2&#8243; _builder_version=&#8220;3.25&#8243; custom_padding=&#8220;|||&#8220; global_colors_info=&#8220;{}&#8220; custom_padding__hover=&#8220;|||&#8220;][et_pb_text _builder_version=&#8220;4.14.5&#8243; _module_preset=&#8220;default&#8220; text_font=&#8220;||||||||&#8220; global_colors_info=&#8220;{}&#8220;]<span style=\"color: #0195df;\">Entwicklung<\/span><\/p>\n<p>Wir arbeiten in zweiw\u00f6chigen Sprints eng mit Dir zusammen \u2013 effizient und effektiv[\/et_pb_text][et_pb_divider color=&#8220;#0195DF&#8220; _builder_version=&#8220;4.14.5&#8243; _module_preset=&#8220;default&#8220; background_color=&#8220;RGBA(255,255,255,0)&#8220; global_colors_info=&#8220;{}&#8220;][\/et_pb_divider][et_pb_text _builder_version=&#8220;4.14.5&#8243; _module_preset=&#8220;default&#8220; text_font=&#8220;||||||||&#8220; global_colors_info=&#8220;{}&#8220;]<\/p>\n<p><span style=\"color: #0195df;\">Betrieb<\/span><\/p>\n<p>Wir gew\u00e4hrleisten einen effizienten Plattformbetrieb und eine gezielte, kontinuierliche Weiterentwicklung<\/p>\n<p>[\/et_pb_text][et_pb_divider color=&#8220;#0195DF&#8220; _builder_version=&#8220;4.14.5&#8243; _module_preset=&#8220;default&#8220; background_color=&#8220;RGBA(255,255,255,0)&#8220; global_colors_info=&#8220;{}&#8220;][\/et_pb_divider][et_pb_text _builder_version=&#8220;4.14.5&#8243; _module_preset=&#8220;default&#8220; text_font=&#8220;||||||||&#8220; global_colors_info=&#8220;{}&#8220;]<\/p>\n<p><span style=\"color: #0195df;\">Steuerung<\/span><\/p>\n<p>Wir erm\u00f6glichen \u00dcberwachung und Steuerung von Plattforminteraktionen f\u00fcr mehr Kundenerfolg<\/p>\n<p>[\/et_pb_text][et_pb_divider color=&#8220;#0195DF&#8220; _builder_version=&#8220;4.14.5&#8243; _module_preset=&#8220;default&#8220; background_color=&#8220;RGBA(255,255,255,0)&#8220; global_colors_info=&#8220;{}&#8220;][\/et_pb_divider][\/et_pb_column][\/et_pb_row][\/et_pb_section][et_pb_section fb_built=&#8220;1&#8243; _builder_version=&#8220;4.14.5&#8243; _module_preset=&#8220;default&#8220; background_color=&#8220;#0195df&#8220; background_color_gradient_start=&#8220;rgba(255,255,255,0)&#8220; background_color_gradient_end=&#8220;#008cd9&#8243; custom_padding=&#8220;||||false|false&#8220; bottom_divider_color=&#8220;#0195DF&#8220; bottom_divider_height=&#8220;272px&#8220; bottom_divider_repeat=&#8220;1x&#8220; box_shadow_style=&#8220;preset3&#8243; box_shadow_vertical=&#8220;400px&#8220; box_shadow_blur=&#8220;0px&#8220; box_shadow_spread=&#8220;-80px&#8220; box_shadow_color=&#8220;#FFFFFF&#8220; box_shadow_position=&#8220;inner&#8220; saved_tabs=&#8220;all&#8220; global_colors_info=&#8220;{}&#8220;][et_pb_row _builder_version=&#8220;4.14.5&#8243; _module_preset=&#8220;default&#8220; background_image=&#8220;https:\/\/yawave.com\/wp-content\/uploads\/2022\/02\/yawave_bg_v2.jpg&#8220; custom_padding=&#8220;100px|50px|100px|50px|false|false&#8220; border_radii=&#8220;on|15px|15px|15px|15px&#8220; global_colors_info=&#8220;{}&#8220;][et_pb_column type=&#8220;4_4&#8243; _builder_version=&#8220;4.14.5&#8243; _module_preset=&#8220;default&#8220; global_colors_info=&#8220;{}&#8220;][et_pb_text _builder_version=&#8220;4.14.5&#8243; _module_preset=&#8220;default&#8220; custom_margin_tablet=&#8220;|||60px|false|false&#8220; custom_margin_phone=&#8220;|||0px|false|false&#8220; global_colors_info=&#8220;{}&#8220;]<\/p>\n<h3>Deine Community. Dein Content. Deine Conversions.<\/h3>\n<p>[\/et_pb_text][et_pb_button button_url=&#8220;https:\/\/calendly.com\/markus-koch\/30min&#8220; button_text=&#8220;Austausch vereinbaren&#8220; _builder_version=&#8220;4.14.5&#8243; _module_preset=&#8220;b8fa3559-8baa-4ff5-8a2f-e3752882096f&#8220; custom_margin=&#8220;15px||0px|60px|false|false&#8220; custom_margin_tablet=&#8220;15px||0px|60px|false|false&#8220; custom_margin_phone=&#8220;15px||0px|0px|false|false&#8220; custom_margin_last_edited=&#8220;on|phone&#8220; global_colors_info=&#8220;{}&#8220; button_bg_color__hover_enabled=&#8220;off|desktop&#8220; button_text_color__hover_enabled=&#8220;off|desktop&#8220; button_text_color__hover=&#8220;#000000&#8243;][\/et_pb_button][\/et_pb_column][\/et_pb_row][\/et_pb_section]<\/p>\n","protected":false},"excerpt":{"rendered":"<p>Kundenorientierte Digitalisierung Von der Vision des Kundenerlebnisses bishin zu einem umsetzbaren Plan mit nach Priorit\u00e4ten geordneten Anforderungen und ReleasesEffizientes, bew\u00e4hrtes Vorgehen Wir blicken auf langj\u00e4hrige Erfahrung in der Kombination von Marketing- mit IT-Konzepten sowie Enterprise Architecture Models zur\u00fcck. Auf dieser Basis haben wir einen wirkungsvollen 4-Stufen-Ansatz f\u00fcr digitale Plattformen und einzigartige Kundenerlebnisse entwickelt.Step 01 Customer [&hellip;]<\/p>\n","protected":false},"author":1,"featured_media":0,"parent":0,"menu_order":0,"comment_status":"closed","ping_status":"closed","template":"","meta":{"_et_pb_use_builder":"on","_et_pb_old_content":"","_et_gb_content_width":"","footnotes":""},"dipi_cpt_category":[],"class_list":["post-6717","page","type-page","status-publish","hentry"],"yoast_head":"<!-- This site is optimized with the Yoast SEO plugin v27.5 - https:\/\/yoast.com\/product\/yoast-seo-wordpress\/ -->\n<title>Service &amp; Beratung - yawave User Interaction Suite<\/title>\n<meta name=\"robots\" content=\"index, follow, max-snippet:-1, max-image-preview:large, max-video-preview:-1\" \/>\n<link rel=\"canonical\" href=\"https:\/\/yawave.com\/de\/service-beratung\/\" \/>\n<meta property=\"og:locale\" content=\"de_DE\" \/>\n<meta property=\"og:type\" content=\"article\" \/>\n<meta property=\"og:title\" content=\"Service &amp; Beratung - yawave User Interaction Suite\" \/>\n<meta property=\"og:description\" content=\"Kundenorientierte Digitalisierung Von der Vision des Kundenerlebnisses bishin zu einem umsetzbaren Plan mit nach Priorit\u00e4ten geordneten Anforderungen und ReleasesEffizientes, bew\u00e4hrtes Vorgehen Wir blicken auf langj\u00e4hrige Erfahrung in der Kombination von Marketing- mit IT-Konzepten sowie Enterprise Architecture Models zur\u00fcck. Auf dieser Basis haben wir einen wirkungsvollen 4-Stufen-Ansatz f\u00fcr digitale Plattformen und einzigartige Kundenerlebnisse entwickelt.Step 01 Customer [&hellip;]\" \/>\n<meta property=\"og:url\" content=\"https:\/\/yawave.com\/de\/service-beratung\/\" \/>\n<meta property=\"og:site_name\" content=\"yawave User Interaction Suite\" \/>\n<meta property=\"article:modified_time\" content=\"2022-06-02T09:00:58+00:00\" \/>\n<meta name=\"twitter:card\" content=\"summary_large_image\" \/>\n<meta name=\"twitter:label1\" content=\"Gesch\u00e4tzte Lesezeit\" \/>\n\t<meta name=\"twitter:data1\" content=\"9\u00a0Minuten\" \/>\n<script type=\"application\/ld+json\" class=\"yoast-schema-graph\">{\"@context\":\"https:\\\/\\\/schema.org\",\"@graph\":[{\"@type\":\"WebPage\",\"@id\":\"https:\\\/\\\/yawave.com\\\/de\\\/service-beratung\\\/\",\"url\":\"https:\\\/\\\/yawave.com\\\/de\\\/service-beratung\\\/\",\"name\":\"Service & Beratung - yawave User Interaction Suite\",\"isPartOf\":{\"@id\":\"https:\\\/\\\/yawave.com\\\/de\\\/#website\"},\"datePublished\":\"2022-02-21T08:57:24+00:00\",\"dateModified\":\"2022-06-02T09:00:58+00:00\",\"breadcrumb\":{\"@id\":\"https:\\\/\\\/yawave.com\\\/de\\\/service-beratung\\\/#breadcrumb\"},\"inLanguage\":\"de\",\"potentialAction\":[{\"@type\":\"ReadAction\",\"target\":[\"https:\\\/\\\/yawave.com\\\/de\\\/service-beratung\\\/\"]}]},{\"@type\":\"BreadcrumbList\",\"@id\":\"https:\\\/\\\/yawave.com\\\/de\\\/service-beratung\\\/#breadcrumb\",\"itemListElement\":[{\"@type\":\"ListItem\",\"position\":1,\"name\":\"Home\",\"item\":\"https:\\\/\\\/yawave.com\\\/de\\\/\"},{\"@type\":\"ListItem\",\"position\":2,\"name\":\"Service &#038; Beratung\"}]},{\"@type\":\"WebSite\",\"@id\":\"https:\\\/\\\/yawave.com\\\/de\\\/#website\",\"url\":\"https:\\\/\\\/yawave.com\\\/de\\\/\",\"name\":\"yawave User Interaction Suite\",\"description\":\"\",\"publisher\":{\"@id\":\"https:\\\/\\\/yawave.com\\\/de\\\/#organization\"},\"potentialAction\":[{\"@type\":\"SearchAction\",\"target\":{\"@type\":\"EntryPoint\",\"urlTemplate\":\"https:\\\/\\\/yawave.com\\\/de\\\/?s={search_term_string}\"},\"query-input\":{\"@type\":\"PropertyValueSpecification\",\"valueRequired\":true,\"valueName\":\"search_term_string\"}}],\"inLanguage\":\"de\"},{\"@type\":\"Organization\",\"@id\":\"https:\\\/\\\/yawave.com\\\/de\\\/#organization\",\"name\":\"yawave\",\"url\":\"https:\\\/\\\/yawave.com\\\/de\\\/\",\"logo\":{\"@type\":\"ImageObject\",\"inLanguage\":\"de\",\"@id\":\"https:\\\/\\\/yawave.com\\\/de\\\/#\\\/schema\\\/logo\\\/image\\\/\",\"url\":\"https:\\\/\\\/yawave.com\\\/wp-content\\\/uploads\\\/2022\\\/05\\\/yawave_logo_blau.png\",\"contentUrl\":\"https:\\\/\\\/yawave.com\\\/wp-content\\\/uploads\\\/2022\\\/05\\\/yawave_logo_blau.png\",\"width\":150,\"height\":29,\"caption\":\"yawave\"},\"image\":{\"@id\":\"https:\\\/\\\/yawave.com\\\/de\\\/#\\\/schema\\\/logo\\\/image\\\/\"}}]}<\/script>\n<!-- \/ Yoast SEO plugin. -->","yoast_head_json":{"title":"Service & Beratung - yawave User Interaction Suite","robots":{"index":"index","follow":"follow","max-snippet":"max-snippet:-1","max-image-preview":"max-image-preview:large","max-video-preview":"max-video-preview:-1"},"canonical":"https:\/\/yawave.com\/de\/service-beratung\/","og_locale":"de_DE","og_type":"article","og_title":"Service & Beratung - yawave User Interaction Suite","og_description":"Kundenorientierte Digitalisierung Von der Vision des Kundenerlebnisses bishin zu einem umsetzbaren Plan mit nach Priorit\u00e4ten geordneten Anforderungen und ReleasesEffizientes, bew\u00e4hrtes Vorgehen Wir blicken auf langj\u00e4hrige Erfahrung in der Kombination von Marketing- mit IT-Konzepten sowie Enterprise Architecture Models zur\u00fcck. Auf dieser Basis haben wir einen wirkungsvollen 4-Stufen-Ansatz f\u00fcr digitale Plattformen und einzigartige Kundenerlebnisse entwickelt.Step 01 Customer [&hellip;]","og_url":"https:\/\/yawave.com\/de\/service-beratung\/","og_site_name":"yawave User Interaction Suite","article_modified_time":"2022-06-02T09:00:58+00:00","twitter_card":"summary_large_image","twitter_misc":{"Gesch\u00e4tzte Lesezeit":"9\u00a0Minuten"},"schema":{"@context":"https:\/\/schema.org","@graph":[{"@type":"WebPage","@id":"https:\/\/yawave.com\/de\/service-beratung\/","url":"https:\/\/yawave.com\/de\/service-beratung\/","name":"Service & Beratung - yawave User Interaction Suite","isPartOf":{"@id":"https:\/\/yawave.com\/de\/#website"},"datePublished":"2022-02-21T08:57:24+00:00","dateModified":"2022-06-02T09:00:58+00:00","breadcrumb":{"@id":"https:\/\/yawave.com\/de\/service-beratung\/#breadcrumb"},"inLanguage":"de","potentialAction":[{"@type":"ReadAction","target":["https:\/\/yawave.com\/de\/service-beratung\/"]}]},{"@type":"BreadcrumbList","@id":"https:\/\/yawave.com\/de\/service-beratung\/#breadcrumb","itemListElement":[{"@type":"ListItem","position":1,"name":"Home","item":"https:\/\/yawave.com\/de\/"},{"@type":"ListItem","position":2,"name":"Service &#038; Beratung"}]},{"@type":"WebSite","@id":"https:\/\/yawave.com\/de\/#website","url":"https:\/\/yawave.com\/de\/","name":"yawave User Interaction Suite","description":"","publisher":{"@id":"https:\/\/yawave.com\/de\/#organization"},"potentialAction":[{"@type":"SearchAction","target":{"@type":"EntryPoint","urlTemplate":"https:\/\/yawave.com\/de\/?s={search_term_string}"},"query-input":{"@type":"PropertyValueSpecification","valueRequired":true,"valueName":"search_term_string"}}],"inLanguage":"de"},{"@type":"Organization","@id":"https:\/\/yawave.com\/de\/#organization","name":"yawave","url":"https:\/\/yawave.com\/de\/","logo":{"@type":"ImageObject","inLanguage":"de","@id":"https:\/\/yawave.com\/de\/#\/schema\/logo\/image\/","url":"https:\/\/yawave.com\/wp-content\/uploads\/2022\/05\/yawave_logo_blau.png","contentUrl":"https:\/\/yawave.com\/wp-content\/uploads\/2022\/05\/yawave_logo_blau.png","width":150,"height":29,"caption":"yawave"},"image":{"@id":"https:\/\/yawave.com\/de\/#\/schema\/logo\/image\/"}}]}},"_links":{"self":[{"href":"https:\/\/yawave.com\/de\/wp-json\/wp\/v2\/pages\/6717","targetHints":{"allow":["GET"]}}],"collection":[{"href":"https:\/\/yawave.com\/de\/wp-json\/wp\/v2\/pages"}],"about":[{"href":"https:\/\/yawave.com\/de\/wp-json\/wp\/v2\/types\/page"}],"author":[{"embeddable":true,"href":"https:\/\/yawave.com\/de\/wp-json\/wp\/v2\/users\/1"}],"replies":[{"embeddable":true,"href":"https:\/\/yawave.com\/de\/wp-json\/wp\/v2\/comments?post=6717"}],"version-history":[{"count":15,"href":"https:\/\/yawave.com\/de\/wp-json\/wp\/v2\/pages\/6717\/revisions"}],"predecessor-version":[{"id":12727,"href":"https:\/\/yawave.com\/de\/wp-json\/wp\/v2\/pages\/6717\/revisions\/12727"}],"wp:attachment":[{"href":"https:\/\/yawave.com\/de\/wp-json\/wp\/v2\/media?parent=6717"}],"wp:term":[{"taxonomy":"dipi_cpt_category","embeddable":true,"href":"https:\/\/yawave.com\/de\/wp-json\/wp\/v2\/dipi_cpt_category?post=6717"}],"curies":[{"name":"wp","href":"https:\/\/api.w.org\/{rel}","templated":true}]}}