{"id":5726,"date":"2022-01-27T09:12:11","date_gmt":"2022-01-27T08:12:11","guid":{"rendered":"https:\/\/dev-yawave.com\/?page_id=5726"},"modified":"2025-11-04T10:19:38","modified_gmt":"2025-11-04T09:19:38","slug":"team","status":"publish","type":"page","link":"https:\/\/yawave.com\/de\/team\/","title":{"rendered":"Team"},"content":{"rendered":"<p>[et_pb_section fb_built=&#8220;1&#8243; next_background_color=&#8220;#ffffff&#8220; admin_label=&#8220;Center Aligned Text &#8220; _builder_version=&#8220;4.16&#8243; background_color=&#8220;#f8fbfe&#8220; background_color_gradient_direction=&#8220;135deg&#8220; background_color_gradient_start=&#8220;#0195df&#8220; background_color_gradient_end=&#8220;#174a8f&#8220; background_image=&#8220;http:\/\/yawave.com\/wp-content\/uploads\/2022\/02\/yawave_bg_v2.jpg&#8220; custom_padding=&#8220;|0px||0px|false|false&#8220; bottom_divider_style=&#8220;waves&#8220; bottom_divider_flip=&#8220;horizontal&#8220; bottom_divider_style_tablet=&#8220;waves&#8220; bottom_divider_style_phone=&#8220;wave&#8220; bottom_divider_style_last_edited=&#8220;on|phone&#8220; bottom_divider_height_tablet=&#8220;&#8220; bottom_divider_height_phone=&#8220;60px&#8220; bottom_divider_height_last_edited=&#8220;on|phone&#8220; animation_direction=&#8220;bottom&#8220; global_colors_info=&#8220;{}&#8220;][et_pb_row column_structure=&#8220;1_2,1_2&#8243; _builder_version=&#8220;4.21.0&#8243; _module_preset=&#8220;default&#8220; custom_margin=&#8220;20px||50px||false|false&#8220; custom_padding=&#8220;||||false|false&#8220; global_colors_info=&#8220;{}&#8220;][et_pb_column type=&#8220;1_2&#8243; _builder_version=&#8220;4.16&#8243; _module_preset=&#8220;default&#8220; global_colors_info=&#8220;{}&#8220;][et_pb_text _builder_version=&#8220;4.21.0&#8243; _module_preset=&#8220;6ca588f9-ac17-4b5e-aa89-4a59b7cc4e0f&#8220; custom_padding=&#8220;0%||||false|false&#8220; global_colors_info=&#8220;{}&#8220;]<\/p>\n<h1>yawave Team<\/h1>\n<p>[\/et_pb_text][\/et_pb_column][et_pb_column type=&#8220;1_2&#8243; _builder_version=&#8220;4.16&#8243; _module_preset=&#8220;default&#8220; global_colors_info=&#8220;{}&#8220;][\/et_pb_column][\/et_pb_row][\/et_pb_section][et_pb_section fb_built=&#8220;1&#8243; disabled_on=&#8220;off|off|off&#8220; _builder_version=&#8220;4.19.5&#8243; _module_preset=&#8220;default&#8220; global_colors_info=&#8220;{}&#8220;][et_pb_row _builder_version=&#8220;4.27.4&#8243; _module_preset=&#8220;default&#8220; hover_enabled=&#8220;0&#8243; global_colors_info=&#8220;{}&#8220; custom_padding=&#8220;40px|0px|40px|0px|false|false&#8220; sticky_enabled=&#8220;0&#8243;][et_pb_column type=&#8220;4_4&#8243; _builder_version=&#8220;4.16&#8243; _module_preset=&#8220;default&#8220; global_colors_info=&#8220;{}&#8220;][et_pb_text _builder_version=&#8220;4.16&#8243; _module_preset=&#8220;default&#8220; global_colors_info=&#8220;{}&#8220;]<\/p>\n<h2 style=\"text-align: center;\">Gesch\u00e4ftsleitung<\/h2>\n<p>[\/et_pb_text][\/et_pb_column][\/et_pb_row][et_pb_row column_structure=&#8220;1_3,1_3,1_3&#8243; _builder_version=&#8220;4.27.4&#8243; _module_preset=&#8220;default&#8220; hover_enabled=&#8220;0&#8243; global_colors_info=&#8220;{}&#8220; sticky_enabled=&#8220;0&#8243;][et_pb_column type=&#8220;1_3&#8243; _builder_version=&#8220;4.16&#8243; _module_preset=&#8220;default&#8220; global_colors_info=&#8220;{}&#8220;][et_pb_image src=&#8220;https:\/\/yawave.com\/wp-content\/uploads\/2022\/04\/team_renato.jpg&#8220; title_text=&#8220;team_renato&#8220; _builder_version=&#8220;4.19.5&#8243; _module_preset=&#8220;default&#8220; width=&#8220;80%&#8220; width_tablet=&#8220;80%&#8220; width_phone=&#8220;80%&#8220; width_last_edited=&#8220;on|desktop&#8220; module_alignment=&#8220;center&#8220; global_colors_info=&#8220;{}&#8220;][\/et_pb_image][et_pb_text _builder_version=&#8220;4.16&#8243; _module_preset=&#8220;default&#8220; global_colors_info=&#8220;{}&#8220;]<strong>Renato Peter<\/strong><\/p>\n<p>Co-Founder \/ CEO<br \/>\n<a href=\"https:\/\/www.linkedin.com\/in\/renatopeter\/\" target=\"_blank\" rel=\"noopener noreferrer\">LinkedIn<\/a>[\/et_pb_text][\/et_pb_column][et_pb_column type=&#8220;1_3&#8243; _builder_version=&#8220;4.16&#8243; _module_preset=&#8220;default&#8220; global_colors_info=&#8220;{}&#8220;][et_pb_image src=&#8220;https:\/\/yawave.com\/wp-content\/uploads\/2022\/04\/team_markus.jpg&#8220; title_text=&#8220;team_markus&#8220; _builder_version=&#8220;4.19.5&#8243; _module_preset=&#8220;default&#8220; width=&#8220;80%&#8220; module_alignment=&#8220;center&#8220; custom_margin=&#8220;||||false|false&#8220; global_colors_info=&#8220;{}&#8220;][\/et_pb_image][et_pb_text _builder_version=&#8220;4.27.4&#8243; _module_preset=&#8220;default&#8220; global_colors_info=&#8220;{}&#8220;]<\/p>\n<p><strong>Markus Koch<\/strong><\/p>\n<p>Co-Founder \/ CCO<br \/><a href=\"https:\/\/www.linkedin.com\/in\/markus-koch-consultant\/\" target=\"_blank\" rel=\"noopener noreferrer\">LinkedIn<\/a><\/p>\n<p>[\/et_pb_text][\/et_pb_column][et_pb_column type=&#8220;1_3&#8243; _builder_version=&#8220;4.16&#8243; _module_preset=&#8220;default&#8220; global_colors_info=&#8220;{}&#8220;][et_pb_image src=&#8220;https:\/\/yawave.com\/wp-content\/uploads\/2022\/04\/team_jari.jpg&#8220; title_text=&#8220;team_jari&#8220; _builder_version=&#8220;4.19.5&#8243; _module_preset=&#8220;default&#8220; width=&#8220;80%&#8220; module_alignment=&#8220;center&#8220; global_colors_info=&#8220;{}&#8220;][\/et_pb_image][et_pb_text _builder_version=&#8220;4.16&#8243; _module_preset=&#8220;default&#8220; global_colors_info=&#8220;{}&#8220;]<strong>Jari Honka<\/strong><\/p>\n<p>Co-Founder \/ CTO<br \/>\n<a href=\"https:\/\/www.linkedin.com\/in\/jari-honka-920523b7\/\" target=\"_blank\" rel=\"noopener noreferrer\">LinkedIn<\/a>[\/et_pb_text][\/et_pb_column][\/et_pb_row][\/et_pb_section][et_pb_section fb_built=&#8220;1&#8243; _builder_version=&#8220;4.27.4&#8243; _module_preset=&#8220;default&#8220; hover_enabled=&#8220;0&#8243; global_colors_info=&#8220;{}&#8220; sticky_enabled=&#8220;0&#8243; custom_padding=&#8220;0px||||false|false&#8220;][et_pb_row _builder_version=&#8220;4.27.4&#8243; _module_preset=&#8220;default&#8220; hover_enabled=&#8220;0&#8243; global_colors_info=&#8220;{}&#8220; custom_padding=&#8220;40px|0px|40px|0px|false|false&#8220; sticky_enabled=&#8220;0&#8243;][et_pb_column type=&#8220;4_4&#8243; _builder_version=&#8220;4.16&#8243; _module_preset=&#8220;default&#8220; global_colors_info=&#8220;{}&#8220;][et_pb_text _builder_version=&#8220;4.27.4&#8243; _module_preset=&#8220;default&#8220; global_colors_info=&#8220;{}&#8220;]<\/p>\n<h2 style=\"text-align: center;\">Einige Einblicke von unseren +25 Mitarbeiter:innen<\/h2>\n<p>[\/et_pb_text][\/et_pb_column][\/et_pb_row][et_pb_row _builder_version=&#8220;4.16&#8243; _module_preset=&#8220;default&#8220; custom_padding=&#8220;0px|0px|70px|0px|false|false&#8220; hover_enabled=&#8220;0&#8243; global_colors_info=&#8220;{}&#8220; sticky_enabled=&#8220;0&#8243;][et_pb_column type=&#8220;4_4&#8243; _builder_version=&#8220;4.16&#8243; _module_preset=&#8220;default&#8220; global_colors_info=&#8220;{}&#8220;][et_pb_slider show_image_video_mobile=&#8220;on&#8220; _builder_version=&#8220;4.22.1&#8243; _module_preset=&#8220;default&#8220; background_enable_color=&#8220;off&#8220; background_image=&#8220;https:\/\/yawave.com\/wp-content\/uploads\/2022\/03\/bg.png&#8220; background_size=&#8220;initial&#8220; hover_enabled=&#8220;0&#8243; border_radii=&#8220;on|10px|10px|10px|10px&#8220; global_colors_info=&#8220;{}&#8220; sticky_enabled=&#8220;0&#8243;][et_pb_slide image=&#8220;https:\/\/yawave.com\/wp-content\/uploads\/2022\/04\/img_patrick.jpg&#8220; _builder_version=&#8220;4.22.1&#8243; _module_preset=&#8220;default&#8220; background_color=&#8220;RGBA(255,255,255,0)&#8220; background_enable_color=&#8220;on&#8220; background_enable_image=&#8220;off&#8220; background_size=&#8220;contain&#8220; background_layout=&#8220;light&#8220; width=&#8220;100%&#8220; border_radii_image=&#8220;on|10px|10px|10px|10px&#8220; global_colors_info=&#8220;{}&#8220; sticky_transition=&#8220;on&#8220;]<span>\u00abIch freue mich riesig, meine Sportleidenschaft nun tagt\u00e4glich bei spannenden Projekten ausleben zu k\u00f6nnen und zusammen mit yawave eine Engagement-Welle in Bewegung zu setzen.\u00bb<\/span><\/p>\n<p><span>Patrick<br \/>\n<\/span><span>Digital Experience Consultant<\/span>[\/et_pb_slide][et_pb_slide image=&#8220;https:\/\/yawave.com\/wp-content\/uploads\/2023\/10\/julia-kuechler-1.jpg&#8220; _builder_version=&#8220;4.22.1&#8243; _module_preset=&#8220;default&#8220; background_color=&#8220;RGBA(255,255,255,0)&#8220; background_enable_color=&#8220;on&#8220; background_enable_image=&#8220;off&#8220; background_size=&#8220;contain&#8220; background_layout=&#8220;light&#8220; width=&#8220;100%&#8220; border_radii_image=&#8220;on|10px|10px|10px|10px&#8220; global_colors_info=&#8220;{}&#8220; sticky_transition=&#8220;on&#8220;]<\/p>\n<p><span>\u00abDurch die kollegiale Arbeitsatmosph\u00e4re hat sich ein starker Teamgeist entwickelt. Es ist toll, gemeinsame Ziele zu verfolgen und einander zu unterst\u00fctzen. Ich sch\u00e4tze das grosse Vertrauen und die flexiblen Arbeitsbedingungen.\u00bb<\/span><\/p>\n<p><span>Julia<br \/><\/span><span>HR &amp; Office Managerin<\/span><\/p>\n<p>[\/et_pb_slide][\/et_pb_slider][\/et_pb_column][\/et_pb_row][\/et_pb_section][et_pb_section fb_built=&#8220;1&#8243; admin_label=&#8220;section&#8220; _builder_version=&#8220;4.27.4&#8243; _module_preset=&#8220;default&#8220; background_color=&#8220;#0195df&#8220; background_color_gradient_start=&#8220;rgba(255,255,255,0)&#8220; background_color_gradient_end=&#8220;#008cd9&#8243; min_height=&#8220;316.6px&#8220; custom_padding=&#8220;20px||41px||false|false&#8220; bottom_divider_color=&#8220;#0195DF&#8220; bottom_divider_height=&#8220;272px&#8220; bottom_divider_repeat=&#8220;1x&#8220; background_color_gradient_stops_tablet=&#8220;rgba(255,255,255,0) 0%|#008cd9 100%&#8220; background_color_gradient_stops_phone=&#8220;rgba(255,255,255,0) 0%|#008cd9 100%&#8220; box_shadow_style=&#8220;preset3&#8243; box_shadow_vertical=&#8220;400px&#8220; box_shadow_blur=&#8220;0px&#8220; box_shadow_spread=&#8220;-80px&#8220; box_shadow_color=&#8220;#FFFFFF&#8220; box_shadow_position=&#8220;inner&#8220; global_module=&#8220;6657&#8243; saved_tabs=&#8220;all&#8220; global_colors_info=&#8220;{}&#8220;][et_pb_row _builder_version=&#8220;4.16&#8243; _module_preset=&#8220;default&#8220; background_image=&#8220;http:\/\/yawave.com\/wp-content\/uploads\/2022\/02\/yawave_bg_v2.jpg&#8220; custom_padding=&#8220;60px|50px|60px|50px|false|false&#8220; border_radii=&#8220;on|15px|15px|15px|15px&#8220; box_shadow_style=&#8220;preset2&#8243; global_colors_info=&#8220;{}&#8220;][et_pb_column type=&#8220;4_4&#8243; _builder_version=&#8220;4.16&#8243; _module_preset=&#8220;default&#8220; global_colors_info=&#8220;{}&#8220;][et_pb_text _builder_version=&#8220;4.22.1&#8243; _module_preset=&#8220;default&#8220; custom_margin=&#8220;0px|||60px|false|false&#8220; global_colors_info=&#8220;{}&#8220;]<\/p>\n<h3>Mit der yawave Customer Experience Suite zu mehr Erfolg.<\/h3>\n<p>[\/et_pb_text][et_pb_button button_url=&#8220;https:\/\/calendly.com\/markus-koch\/30min&#8220; button_text=&#8220;Demo erhalten&#8220; _builder_version=&#8220;4.22.1&#8243; _module_preset=&#8220;721e7d1a-4196-4412-9ad2-e9328f33faa8&#8243; custom_margin_phone=&#8220;15px||0px|5px|false|false&#8220; global_colors_info=&#8220;{}&#8220;][\/et_pb_button][\/et_pb_column][\/et_pb_row][\/et_pb_section]<\/p>\n","protected":false},"excerpt":{"rendered":"<p>yawave TeamGesch\u00e4ftsleitungRenato Peter Co-Founder \/ CEO LinkedInMarkus Koch Co-Founder \/ CCOLinkedInJari Honka Co-Founder \/ CTO LinkedInEinige Einblicke von unseren +25 Mitarbeiter:innen\u00abIch freue mich riesig, meine Sportleidenschaft nun tagt\u00e4glich bei spannenden Projekten ausleben zu k\u00f6nnen und zusammen mit yawave eine Engagement-Welle in Bewegung zu setzen.\u00bb Patrick Digital Experience Consultant\u00abDurch die kollegiale Arbeitsatmosph\u00e4re hat sich ein starker [&hellip;]<\/p>\n","protected":false},"author":1,"featured_media":0,"parent":0,"menu_order":0,"comment_status":"closed","ping_status":"closed","template":"","meta":{"_et_pb_use_builder":"on","_et_pb_old_content":"","_et_gb_content_width":"","footnotes":""},"dipi_cpt_category":[],"class_list":["post-5726","page","type-page","status-publish","hentry"],"yoast_head":"<!-- This site is optimized with the Yoast SEO plugin v27.4 - https:\/\/yoast.com\/product\/yoast-seo-wordpress\/ -->\n<title>Team - yawave User Interaction Suite<\/title>\n<meta name=\"description\" content=\"Wir arbeiten f\u00fcr deinen Erfolg in unserem B\u00fcro mitten in der Stadt Luzern. Lerne das yawave Team kennen. Wir freuen uns auf dich.\" \/>\n<meta name=\"robots\" content=\"index, follow, max-snippet:-1, max-image-preview:large, max-video-preview:-1\" \/>\n<link rel=\"canonical\" href=\"https:\/\/yawave.com\/de\/team\/\" \/>\n<meta property=\"og:locale\" content=\"de_DE\" \/>\n<meta property=\"og:type\" content=\"article\" \/>\n<meta property=\"og:title\" content=\"Team - yawave User Interaction Suite\" \/>\n<meta property=\"og:description\" content=\"Wir arbeiten f\u00fcr deinen Erfolg in unserem B\u00fcro mitten in der Stadt Luzern. Lerne das yawave Team kennen. Wir freuen uns auf dich.\" \/>\n<meta property=\"og:url\" content=\"https:\/\/yawave.com\/de\/team\/\" \/>\n<meta property=\"og:site_name\" content=\"yawave User Interaction Suite\" \/>\n<meta property=\"article:modified_time\" content=\"2025-11-04T09:19:38+00:00\" \/>\n<meta name=\"twitter:card\" content=\"summary_large_image\" \/>\n<meta name=\"twitter:label1\" content=\"Gesch\u00e4tzte Lesezeit\" \/>\n\t<meta name=\"twitter:data1\" content=\"3\u00a0Minuten\" \/>\n<script type=\"application\/ld+json\" class=\"yoast-schema-graph\">{\"@context\":\"https:\\\/\\\/schema.org\",\"@graph\":[{\"@type\":\"WebPage\",\"@id\":\"https:\\\/\\\/yawave.com\\\/de\\\/team\\\/\",\"url\":\"https:\\\/\\\/yawave.com\\\/de\\\/team\\\/\",\"name\":\"Team - yawave User Interaction Suite\",\"isPartOf\":{\"@id\":\"https:\\\/\\\/yawave.com\\\/de\\\/#website\"},\"datePublished\":\"2022-01-27T08:12:11+00:00\",\"dateModified\":\"2025-11-04T09:19:38+00:00\",\"description\":\"Wir arbeiten f\u00fcr deinen Erfolg in unserem B\u00fcro mitten in der Stadt Luzern. Lerne das yawave Team kennen. Wir freuen uns auf dich.\",\"breadcrumb\":{\"@id\":\"https:\\\/\\\/yawave.com\\\/de\\\/team\\\/#breadcrumb\"},\"inLanguage\":\"de\",\"potentialAction\":[{\"@type\":\"ReadAction\",\"target\":[\"https:\\\/\\\/yawave.com\\\/de\\\/team\\\/\"]}]},{\"@type\":\"BreadcrumbList\",\"@id\":\"https:\\\/\\\/yawave.com\\\/de\\\/team\\\/#breadcrumb\",\"itemListElement\":[{\"@type\":\"ListItem\",\"position\":1,\"name\":\"Home\",\"item\":\"https:\\\/\\\/yawave.com\\\/de\\\/\"},{\"@type\":\"ListItem\",\"position\":2,\"name\":\"Team\"}]},{\"@type\":\"WebSite\",\"@id\":\"https:\\\/\\\/yawave.com\\\/de\\\/#website\",\"url\":\"https:\\\/\\\/yawave.com\\\/de\\\/\",\"name\":\"yawave User Interaction Suite\",\"description\":\"\",\"publisher\":{\"@id\":\"https:\\\/\\\/yawave.com\\\/de\\\/#organization\"},\"potentialAction\":[{\"@type\":\"SearchAction\",\"target\":{\"@type\":\"EntryPoint\",\"urlTemplate\":\"https:\\\/\\\/yawave.com\\\/de\\\/?s={search_term_string}\"},\"query-input\":{\"@type\":\"PropertyValueSpecification\",\"valueRequired\":true,\"valueName\":\"search_term_string\"}}],\"inLanguage\":\"de\"},{\"@type\":\"Organization\",\"@id\":\"https:\\\/\\\/yawave.com\\\/de\\\/#organization\",\"name\":\"yawave\",\"url\":\"https:\\\/\\\/yawave.com\\\/de\\\/\",\"logo\":{\"@type\":\"ImageObject\",\"inLanguage\":\"de\",\"@id\":\"https:\\\/\\\/yawave.com\\\/de\\\/#\\\/schema\\\/logo\\\/image\\\/\",\"url\":\"https:\\\/\\\/yawave.com\\\/wp-content\\\/uploads\\\/2022\\\/05\\\/yawave_logo_blau.png\",\"contentUrl\":\"https:\\\/\\\/yawave.com\\\/wp-content\\\/uploads\\\/2022\\\/05\\\/yawave_logo_blau.png\",\"width\":150,\"height\":29,\"caption\":\"yawave\"},\"image\":{\"@id\":\"https:\\\/\\\/yawave.com\\\/de\\\/#\\\/schema\\\/logo\\\/image\\\/\"}}]}<\/script>\n<!-- \/ Yoast SEO plugin. -->","yoast_head_json":{"title":"Team - yawave User Interaction Suite","description":"Wir arbeiten f\u00fcr deinen Erfolg in unserem B\u00fcro mitten in der Stadt Luzern. Lerne das yawave Team kennen. Wir freuen uns auf dich.","robots":{"index":"index","follow":"follow","max-snippet":"max-snippet:-1","max-image-preview":"max-image-preview:large","max-video-preview":"max-video-preview:-1"},"canonical":"https:\/\/yawave.com\/de\/team\/","og_locale":"de_DE","og_type":"article","og_title":"Team - yawave User Interaction Suite","og_description":"Wir arbeiten f\u00fcr deinen Erfolg in unserem B\u00fcro mitten in der Stadt Luzern. Lerne das yawave Team kennen. Wir freuen uns auf dich.","og_url":"https:\/\/yawave.com\/de\/team\/","og_site_name":"yawave User Interaction Suite","article_modified_time":"2025-11-04T09:19:38+00:00","twitter_card":"summary_large_image","twitter_misc":{"Gesch\u00e4tzte Lesezeit":"3\u00a0Minuten"},"schema":{"@context":"https:\/\/schema.org","@graph":[{"@type":"WebPage","@id":"https:\/\/yawave.com\/de\/team\/","url":"https:\/\/yawave.com\/de\/team\/","name":"Team - yawave User Interaction Suite","isPartOf":{"@id":"https:\/\/yawave.com\/de\/#website"},"datePublished":"2022-01-27T08:12:11+00:00","dateModified":"2025-11-04T09:19:38+00:00","description":"Wir arbeiten f\u00fcr deinen Erfolg in unserem B\u00fcro mitten in der Stadt Luzern. Lerne das yawave Team kennen. Wir freuen uns auf dich.","breadcrumb":{"@id":"https:\/\/yawave.com\/de\/team\/#breadcrumb"},"inLanguage":"de","potentialAction":[{"@type":"ReadAction","target":["https:\/\/yawave.com\/de\/team\/"]}]},{"@type":"BreadcrumbList","@id":"https:\/\/yawave.com\/de\/team\/#breadcrumb","itemListElement":[{"@type":"ListItem","position":1,"name":"Home","item":"https:\/\/yawave.com\/de\/"},{"@type":"ListItem","position":2,"name":"Team"}]},{"@type":"WebSite","@id":"https:\/\/yawave.com\/de\/#website","url":"https:\/\/yawave.com\/de\/","name":"yawave User Interaction Suite","description":"","publisher":{"@id":"https:\/\/yawave.com\/de\/#organization"},"potentialAction":[{"@type":"SearchAction","target":{"@type":"EntryPoint","urlTemplate":"https:\/\/yawave.com\/de\/?s={search_term_string}"},"query-input":{"@type":"PropertyValueSpecification","valueRequired":true,"valueName":"search_term_string"}}],"inLanguage":"de"},{"@type":"Organization","@id":"https:\/\/yawave.com\/de\/#organization","name":"yawave","url":"https:\/\/yawave.com\/de\/","logo":{"@type":"ImageObject","inLanguage":"de","@id":"https:\/\/yawave.com\/de\/#\/schema\/logo\/image\/","url":"https:\/\/yawave.com\/wp-content\/uploads\/2022\/05\/yawave_logo_blau.png","contentUrl":"https:\/\/yawave.com\/wp-content\/uploads\/2022\/05\/yawave_logo_blau.png","width":150,"height":29,"caption":"yawave"},"image":{"@id":"https:\/\/yawave.com\/de\/#\/schema\/logo\/image\/"}}]}},"_links":{"self":[{"href":"https:\/\/yawave.com\/de\/wp-json\/wp\/v2\/pages\/5726","targetHints":{"allow":["GET"]}}],"collection":[{"href":"https:\/\/yawave.com\/de\/wp-json\/wp\/v2\/pages"}],"about":[{"href":"https:\/\/yawave.com\/de\/wp-json\/wp\/v2\/types\/page"}],"author":[{"embeddable":true,"href":"https:\/\/yawave.com\/de\/wp-json\/wp\/v2\/users\/1"}],"replies":[{"embeddable":true,"href":"https:\/\/yawave.com\/de\/wp-json\/wp\/v2\/comments?post=5726"}],"version-history":[{"count":61,"href":"https:\/\/yawave.com\/de\/wp-json\/wp\/v2\/pages\/5726\/revisions"}],"predecessor-version":[{"id":25866761,"href":"https:\/\/yawave.com\/de\/wp-json\/wp\/v2\/pages\/5726\/revisions\/25866761"}],"wp:attachment":[{"href":"https:\/\/yawave.com\/de\/wp-json\/wp\/v2\/media?parent=5726"}],"wp:term":[{"taxonomy":"dipi_cpt_category","embeddable":true,"href":"https:\/\/yawave.com\/de\/wp-json\/wp\/v2\/dipi_cpt_category?post=5726"}],"curies":[{"name":"wp","href":"https:\/\/api.w.org\/{rel}","templated":true}]}}