{"id":15164,"date":"2023-01-03T14:29:45","date_gmt":"2023-01-03T13:29:45","guid":{"rendered":"https:\/\/yawave.com\/?page_id=15164"},"modified":"2023-01-03T14:51:44","modified_gmt":"2023-01-03T13:51:44","slug":"kontakte-aktivieren","status":"publish","type":"page","link":"https:\/\/yawave.com\/de\/kontakte-aktivieren\/","title":{"rendered":"Kontakte aktivieren"},"content":{"rendered":"<p>[et_pb_section fb_built=&#8220;1&#8243; next_background_color=&#8220;#ffffff&#8220; admin_label=&#8220;Center Aligned Text &#8220; _builder_version=&#8220;4.14.5&#8243; background_color=&#8220;#f8fbfe&#8220; background_color_gradient_start=&#8220;#0195df&#8220; background_color_gradient_end=&#8220;#174a8f&#8220; background_color_gradient_direction=&#8220;135deg&#8220; background_image=&#8220;http:\/\/yawave.com\/wp-content\/uploads\/2022\/02\/yawave_bg_v2.jpg&#8220; custom_padding=&#8220;|0px||0px|false|false&#8220; bottom_divider_style=&#8220;waves&#8220; bottom_divider_flip=&#8220;horizontal&#8220; bottom_divider_style_tablet=&#8220;waves&#8220; bottom_divider_style_phone=&#8220;wave&#8220; bottom_divider_style_last_edited=&#8220;on|phone&#8220; bottom_divider_height_tablet=&#8220;&#8220; bottom_divider_height_phone=&#8220;60px&#8220; bottom_divider_height_last_edited=&#8220;on|phone&#8220; animation_direction=&#8220;bottom&#8220; global_colors_info=&#8220;{}&#8220;][et_pb_row _builder_version=&#8220;4.14.5&#8243; _module_preset=&#8220;default&#8220; custom_margin=&#8220;50px||50px||false|false&#8220; custom_padding=&#8220;||||false|false&#8220; global_colors_info=&#8220;{}&#8220;][et_pb_column type=&#8220;4_4&#8243; _builder_version=&#8220;4.14.5&#8243; _module_preset=&#8220;default&#8220; global_colors_info=&#8220;{}&#8220;][et_pb_text _builder_version=&#8220;4.14.5&#8243; _module_preset=&#8220;6ca588f9-ac17-4b5e-aa89-4a59b7cc4e0f&#8220; max_width=&#8220;100%&#8220; module_alignment=&#8220;left&#8220; custom_padding=&#8220;5%||||false|false&#8220; global_colors_info=&#8220;{}&#8220;]<\/p>\n<h1>Steigere die Wirkung bei bestehenden Kontakten<\/h1>\n<p style=\"text-align: left;\">Die User-Bindung erh\u00f6hen und User zu echten Fans entwickeln<\/p>\n<p>[\/et_pb_text][\/et_pb_column][\/et_pb_row][\/et_pb_section][et_pb_section fb_built=&#8220;1&#8243; custom_padding_last_edited=&#8220;on|phone&#8220; admin_label=&#8220;Features CTA Section&#8220; _builder_version=&#8220;4.14.5&#8243; background_color_gradient_start=&#8220;#ffffff&#8220; background_color_gradient_end=&#8220;rgba(229,229,229,0.25)&#8220; custom_padding=&#8220;40px|0px|0px|0px||&#8220; custom_padding_tablet=&#8220;100px|0px|100px|0px&#8220; custom_padding_phone=&#8220;0px||0px||false|false&#8220; bottom_divider_color=&#8220;#FFFFFF&#8220; bottom_divider_flip=&#8220;horizontal&#8220; bottom_divider_style_tablet=&#8220;waves&#8220; bottom_divider_style_phone=&#8220;wave&#8220; bottom_divider_style_last_edited=&#8220;on|phone&#8220; bottom_divider_height_tablet=&#8220;&#8220; bottom_divider_height_phone=&#8220;60px&#8220; bottom_divider_height_last_edited=&#8220;on|phone&#8220; saved_tabs=&#8220;all&#8220; global_colors_info=&#8220;{}&#8220;][et_pb_row column_structure=&#8220;1_2,1_2&#8243; _builder_version=&#8220;4.14.5&#8243; _module_preset=&#8220;default&#8220; custom_padding=&#8220;1px|0px|70px|0px|false|false&#8220; global_colors_info=&#8220;{}&#8220;][et_pb_column type=&#8220;1_2&#8243; _builder_version=&#8220;4.14.5&#8243; _module_preset=&#8220;default&#8220; global_colors_info=&#8220;{}&#8220;][et_pb_cta button_url=&#8220;#kundenbindung&#8220; button_text=&#8220;Mehr dazu&#8220; content_last_edited=&#8220;off|desktop&#8220; admin_label=&#8220;Exclusive Feature&#8220; _builder_version=&#8220;4.14.5&#8243; _module_preset=&#8220;default&#8220; header_level=&#8220;h3&#8243; header_font=&#8220;Proxima Nova Light|600|||||||&#8220; header_text_color=&#8220;#000000&#8243; header_font_size=&#8220;48px&#8220; header_line_height=&#8220;1.3em&#8220; body_font=&#8220;Proxima Nova Light||||||||&#8220; body_font_size=&#8220;19px&#8220; body_line_height=&#8220;1.8em&#8220; background_color=&#8220;#ffffff&#8220; custom_button=&#8220;on&#8220; button_text_size=&#8220;14px&#8220; button_text_color=&#8220;#0195DF&#8220; button_border_width=&#8220;0px&#8220; button_border_color=&#8220;RGBA(255,255,255,0)&#8220; button_border_radius=&#8220;30px&#8220; button_letter_spacing=&#8220;2px&#8220; button_font=&#8220;Proxima Nova Light|600||on|||||&#8220; button_icon=&#8220;&#x24;||divi||400&#8243; button_on_hover=&#8220;off&#8220; button_custom_padding=&#8220;|||0px|false|false&#8220; background_layout=&#8220;light&#8220; custom_margin=&#8220;||||false|false&#8220; custom_padding=&#8220;||||true|false&#8220; hover_enabled=&#8220;0&#8243; border_radii=&#8220;on|5px|5px|5px|5px&#8220; box_shadow_style=&#8220;preset5&#8243; box_shadow_vertical=&#8220;10px&#8220; box_shadow_blur=&#8220;55px&#8220; box_shadow_spread=&#8220;0px&#8220; box_shadow_color=&#8220;rgba(0,0,0,0.07)&#8220; global_colors_info=&#8220;{}&#8220; button_text_size__hover_enabled=&#8220;off&#8220; button_one_text_size__hover_enabled=&#8220;off&#8220; button_two_text_size__hover_enabled=&#8220;off&#8220; button_text_color__hover_enabled=&#8220;off|hover&#8220; button_one_text_color__hover_enabled=&#8220;off&#8220; button_two_text_color__hover_enabled=&#8220;off&#8220; button_border_width__hover_enabled=&#8220;off&#8220; button_one_border_width__hover_enabled=&#8220;off&#8220; button_two_border_width__hover_enabled=&#8220;off&#8220; button_border_color__hover_enabled=&#8220;on|hover&#8220; button_one_border_color__hover_enabled=&#8220;off&#8220; button_two_border_color__hover_enabled=&#8220;off&#8220; button_border_radius__hover_enabled=&#8220;off&#8220; button_one_border_radius__hover_enabled=&#8220;off&#8220; button_two_border_radius__hover_enabled=&#8220;off&#8220; button_letter_spacing__hover_enabled=&#8220;off&#8220; button_one_letter_spacing__hover_enabled=&#8220;off&#8220; button_two_letter_spacing__hover_enabled=&#8220;off&#8220; button_bg_color__hover_enabled=&#8220;on|hover&#8220; button_one_bg_color__hover_enabled=&#8220;off&#8220; button_two_bg_color__hover_enabled=&#8220;off&#8220; content__hover_enabled=&#8220;off|hover&#8220; content__hover=&#8220;<\/p>\n<p><img src=%22https:\/\/yawave.com\/wp-content\/uploads\/2022\/11\/fcl-color.png%22 width=%22100%22 height=%22100%22 alt=%22%22 class=%22wp-image-15061 alignnone size-full%22 style=%22display: block; margin-left: auto; margin-right: auto;%22 \/><\/p>\n<h3><\/h3>\n<h3>Auf allen Kan\u00e4len mit den Fans im Kontakt<\/h3>\n<p>Suspendisse sit amet metus sem. Phasellus porttitor porttitor augue, at pretium eros feugiat sed. Phasellus egestas ante tortor.<\/p>\n<p>&#8220; button_border_color__hover=&#8220;RGBA(255,255,255,0)&#8220; button_text_color__hover=&#8220;RGBA(255,255,255,0)&#8220; button_bg_color__hover=&#8220;RGBA(255,255,255,0)&#8220; button_bg_enable_color__hover=&#8220;on&#8220; sticky_enabled=&#8220;0&#8243;]<\/p>\n<p><strong>Loyalty- und Rewardsystem<\/strong><\/p>\n<p>[\/et_pb_cta][\/et_pb_column][et_pb_column type=&#8220;1_2&#8243; _builder_version=&#8220;4.14.5&#8243; _module_preset=&#8220;default&#8220; global_colors_info=&#8220;{}&#8220;][et_pb_cta button_url=&#8220;#empfehlung&#8220; button_text=&#8220;Mehr dazu&#8220; content_last_edited=&#8220;off|desktop&#8220; admin_label=&#8220;Exclusive Feature&#8220; _builder_version=&#8220;4.14.5&#8243; _module_preset=&#8220;default&#8220; header_level=&#8220;h3&#8243; header_font=&#8220;Proxima Nova Light|600|||||||&#8220; header_text_color=&#8220;#000000&#8243; header_font_size=&#8220;48px&#8220; header_line_height=&#8220;1.3em&#8220; body_font=&#8220;Proxima Nova Light||||||||&#8220; body_font_size=&#8220;19px&#8220; body_line_height=&#8220;1.8em&#8220; background_color=&#8220;#ffffff&#8220; custom_button=&#8220;on&#8220; button_text_size=&#8220;14px&#8220; button_text_color=&#8220;#0195DF&#8220; button_border_width=&#8220;0px&#8220; button_border_color=&#8220;RGBA(255,255,255,0)&#8220; button_border_radius=&#8220;30px&#8220; button_letter_spacing=&#8220;2px&#8220; button_font=&#8220;Proxima Nova Light|600||on|||||&#8220; button_icon=&#8220;&#x24;||divi||400&#8243; button_on_hover=&#8220;off&#8220; button_custom_padding=&#8220;|||0px|false|false&#8220; background_layout=&#8220;light&#8220; custom_margin=&#8220;||||false|false&#8220; custom_padding=&#8220;||||true|false&#8220; hover_enabled=&#8220;0&#8243; border_radii=&#8220;on|5px|5px|5px|5px&#8220; box_shadow_style=&#8220;preset5&#8243; box_shadow_vertical=&#8220;10px&#8220; box_shadow_blur=&#8220;55px&#8220; box_shadow_spread=&#8220;0px&#8220; box_shadow_color=&#8220;rgba(0,0,0,0.07)&#8220; global_colors_info=&#8220;{}&#8220; button_text_size__hover_enabled=&#8220;off&#8220; button_one_text_size__hover_enabled=&#8220;off&#8220; button_two_text_size__hover_enabled=&#8220;off&#8220; button_text_color__hover_enabled=&#8220;off|hover&#8220; button_one_text_color__hover_enabled=&#8220;off&#8220; button_two_text_color__hover_enabled=&#8220;off&#8220; button_border_width__hover_enabled=&#8220;off&#8220; button_one_border_width__hover_enabled=&#8220;off&#8220; button_two_border_width__hover_enabled=&#8220;off&#8220; button_border_color__hover_enabled=&#8220;on|hover&#8220; button_one_border_color__hover_enabled=&#8220;off&#8220; button_two_border_color__hover_enabled=&#8220;off&#8220; button_border_radius__hover_enabled=&#8220;off&#8220; button_one_border_radius__hover_enabled=&#8220;off&#8220; button_two_border_radius__hover_enabled=&#8220;off&#8220; button_letter_spacing__hover_enabled=&#8220;off&#8220; button_one_letter_spacing__hover_enabled=&#8220;off&#8220; button_two_letter_spacing__hover_enabled=&#8220;off&#8220; button_bg_color__hover_enabled=&#8220;on|hover&#8220; button_one_bg_color__hover_enabled=&#8220;off&#8220; button_two_bg_color__hover_enabled=&#8220;off&#8220; content__hover_enabled=&#8220;off|hover&#8220; content__hover=&#8220;<\/p>\n<p><img src=%22https:\/\/yawave.com\/wp-content\/uploads\/2022\/11\/fcl-color.png%22 width=%22100%22 height=%22100%22 alt=%22%22 class=%22wp-image-15061 alignnone size-full%22 style=%22display: block; margin-left: auto; margin-right: auto;%22 \/><\/p>\n<h3><\/h3>\n<h3>Auf allen Kan\u00e4len mit den Fans im Kontakt<\/h3>\n<p>Suspendisse sit amet metus sem. Phasellus porttitor porttitor augue, at pretium eros feugiat sed. Phasellus egestas ante tortor.<\/p>\n<p>&#8220; button_border_color__hover=&#8220;RGBA(255,255,255,0)&#8220; button_text_color__hover=&#8220;RGBA(255,255,255,0)&#8220; button_bg_color__hover=&#8220;RGBA(255,255,255,0)&#8220; button_bg_enable_color__hover=&#8220;on&#8220; sticky_enabled=&#8220;0&#8243;]<\/p>\n<p><strong>Empfehlungs-Cockpit<\/strong><\/p>\n<p>[\/et_pb_cta][\/et_pb_column][\/et_pb_row][\/et_pb_section][et_pb_section fb_built=&#8220;1&#8243; custom_padding_last_edited=&#8220;on|phone&#8220; admin_label=&#8220;Features CTA Section&#8220; _builder_version=&#8220;4.14.5&#8243; use_background_color_gradient=&#8220;on&#8220; background_color_gradient_start=&#8220;#ffffff&#8220; background_color_gradient_end=&#8220;rgba(229,229,229,0.25)&#8220; background_color_gradient_start_position=&#8220;50%&#8220; custom_padding=&#8220;40px|0px|100px|0px||&#8220; custom_padding_tablet=&#8220;100px|0px|100px|0px&#8220; custom_padding_phone=&#8220;0px||0px||false|false&#8220; bottom_divider_color=&#8220;#FFFFFF&#8220; bottom_divider_flip=&#8220;horizontal&#8220; bottom_divider_style_tablet=&#8220;waves&#8220; bottom_divider_style_phone=&#8220;wave&#8220; bottom_divider_style_last_edited=&#8220;off|desktop&#8220; bottom_divider_height_tablet=&#8220;&#8220; bottom_divider_height_phone=&#8220;60px&#8220; bottom_divider_height_last_edited=&#8220;on|phone&#8220; saved_tabs=&#8220;all&#8220; global_colors_info=&#8220;{}&#8220;][et_pb_row column_structure=&#8220;1_2,1_2&#8243; admin_label=&#8220;Right Sided Image&#8220; _builder_version=&#8220;4.14.5&#8243; custom_padding=&#8220;60px|0px|60px|0px&#8220; locked=&#8220;off&#8220; global_colors_info=&#8220;{}&#8220;][et_pb_column type=&#8220;1_2&#8243; _builder_version=&#8220;3.25&#8243; custom_padding=&#8220;|||&#8220; global_colors_info=&#8220;{}&#8220; custom_padding__hover=&#8220;|||&#8220;][et_pb_text module_id=&#8220;kundenbindung&#8220; _builder_version=&#8220;4.14.5&#8243; _module_preset=&#8220;76b1ee4c-8d5f-4c2d-85b9-c449a7bdd80e&#8220; hover_enabled=&#8220;0&#8243; global_colors_info=&#8220;{}&#8220; sticky_enabled=&#8220;0&#8243;]<\/p>\n<h2>Verbessere die Kundenbindung<\/h2>\n<p>Bestehende Kunden zu Stammkunden weiterentwickeln ist einer der gr\u00f6ssten Hebel f\u00fcr Unternehmen. Ein flexibles Loyalty- und Reward-System setzt hier an.<\/p>\n<ul>\n<li>Gew\u00fcnschte User Aktivit\u00e4ten sammeln (bspw. K\u00e4ufe, Feedbacks oder Empfehlungen)<\/li>\n<li>Aktivit\u00e4ten mit Punkten belohnen<\/li>\n<li>Benefits zum Einl\u00f6sen erstellen<\/li>\n<\/ul>\n<p>&nbsp;<\/p>\n<ol><\/ol>\n<p>[\/et_pb_text][\/et_pb_column][et_pb_column type=&#8220;1_2&#8243; _builder_version=&#8220;3.25&#8243; custom_padding=&#8220;|||&#8220; global_colors_info=&#8220;{}&#8220; custom_padding__hover=&#8220;|||&#8220;][et_pb_image src=&#8220;https:\/\/yawave.com\/wp-content\/uploads\/2022\/12\/yawave-placeholder.png&#8220; title_text=&#8220;yawave-placeholder&#8220; align_tablet=&#8220;center&#8220; align_phone=&#8220;center&#8220; align_last_edited=&#8220;on|desktop&#8220; _builder_version=&#8220;4.14.5&#8243; animation_style=&#8220;zoom&#8220; animation_direction=&#8220;left&#8220; animation_intensity_zoom=&#8220;5%&#8220; border_color_all=&#8220;rgba(51,51,51,0.1)&#8220; global_colors_info=&#8220;{}&#8220;][\/et_pb_image][\/et_pb_column][\/et_pb_row][et_pb_row column_structure=&#8220;1_2,1_2&#8243; admin_label=&#8220;Right Sided Image&#8220; module_class=&#8220;custom_row&#8220; _builder_version=&#8220;4.14.5&#8243; custom_padding=&#8220;60px|0px|60px|0px&#8220; locked=&#8220;off&#8220; global_colors_info=&#8220;{}&#8220;][et_pb_column type=&#8220;1_2&#8243; module_class=&#8220;second-on-mobile&#8220; _builder_version=&#8220;4.14.5&#8243; custom_padding=&#8220;|||&#8220; global_colors_info=&#8220;{}&#8220; custom_padding__hover=&#8220;|||&#8220;][et_pb_image src=&#8220;https:\/\/yawave.com\/wp-content\/uploads\/2022\/12\/yawave-placeholder.png&#8220; title_text=&#8220;yawave-placeholder&#8220; align_tablet=&#8220;center&#8220; align_phone=&#8220;center&#8220; align_last_edited=&#8220;on|desktop&#8220; _builder_version=&#8220;4.14.5&#8243; animation_style=&#8220;zoom&#8220; animation_direction=&#8220;left&#8220; animation_intensity_zoom=&#8220;5%&#8220; border_color_all=&#8220;rgba(51,51,51,0.1)&#8220; global_colors_info=&#8220;{}&#8220;][\/et_pb_image][\/et_pb_column][et_pb_column type=&#8220;1_2&#8243; module_class=&#8220;first-on-mobile&#8220; _builder_version=&#8220;4.14.5&#8243; custom_padding=&#8220;|||&#8220; global_colors_info=&#8220;{}&#8220; custom_padding__hover=&#8220;|||&#8220;][et_pb_text module_id=&#8220;empfehlung&#8220; _builder_version=&#8220;4.14.5&#8243; _module_preset=&#8220;76b1ee4c-8d5f-4c2d-85b9-c449a7bdd80e&#8220; hover_enabled=&#8220;0&#8243; global_colors_info=&#8220;{}&#8220; sticky_enabled=&#8220;0&#8243;]<\/p>\n<h2>Word-of-Mouth Marketing f\u00f6rdern<\/h2>\n<p>Empfehlungen sind zwar sehr wirksam, jedoch schwierig zu steuern? Nutze die Kraft des Netzwerks und entwickle User zu Fans bzw. zu Botschaftern.<\/p>\n<ul>\n<li>Empfehlungen messen<\/li>\n<li>Wirksame Botschafter identifizieren<\/li>\n<li>Erfolgreiche Multiplikatoren belohnen<\/li>\n<\/ul>\n<p>[\/et_pb_text][\/et_pb_column][\/et_pb_row][et_pb_row column_structure=&#8220;1_2,1_2&#8243; _builder_version=&#8220;4.14.5&#8243; _module_preset=&#8220;default&#8220; background_enable_image=&#8220;off&#8220; global_colors_info=&#8220;{}&#8220;][et_pb_column type=&#8220;1_2&#8243; _builder_version=&#8220;4.14.5&#8243; _module_preset=&#8220;default&#8220; global_colors_info=&#8220;{}&#8220;][et_pb_image src=&#8220;https:\/\/yawave.com\/wp-content\/uploads\/2022\/04\/team_markus.jpg&#8220; title_text=&#8220;team_markus&#8220; _builder_version=&#8220;4.14.5&#8243; _module_preset=&#8220;default&#8220; width=&#8220;50%&#8220; module_alignment=&#8220;right&#8220; global_colors_info=&#8220;{}&#8220;][\/et_pb_image][\/et_pb_column][et_pb_column type=&#8220;1_2&#8243; _builder_version=&#8220;4.14.5&#8243; _module_preset=&#8220;default&#8220; background_image=&#8220;https:\/\/yawave.com\/wp-content\/uploads\/2022\/03\/bg.png&#8220; global_colors_info=&#8220;{}&#8220;][et_pb_text _builder_version=&#8220;4.14.5&#8243; _module_preset=&#8220;default&#8220; global_colors_info=&#8220;{}&#8220;]<\/p>\n<h2>Mehr Engagement bei den bestehenden Kontakten erzielen<\/h2>\n<p>Markus Koch<br \/><span>CCO, Co-Founder<br \/><a href=\"https:\/\/calendly.com\/markus-koch\/30-minutes\">Austausch vereinbaren<\/a><br \/><\/span><\/p>\n<p>+41 41 340 35 35<br \/><a href=\"mailto:contact@yawave.com\">contact@yawave.com<\/a><\/p>\n<p>[\/et_pb_text][\/et_pb_column][\/et_pb_row][\/et_pb_section]<\/p>\n","protected":false},"excerpt":{"rendered":"<p>Steigere die Wirkung bei bestehenden Kontakten Die User-Bindung erh\u00f6hen und User zu echten Fans entwickelnLoyalty- und RewardsystemEmpfehlungs-CockpitVerbessere die Kundenbindung Bestehende Kunden zu Stammkunden weiterentwickeln ist einer der gr\u00f6ssten Hebel f\u00fcr Unternehmen. Ein flexibles Loyalty- und Reward-System setzt hier an. Gew\u00fcnschte User Aktivit\u00e4ten sammeln (bspw. K\u00e4ufe, Feedbacks oder Empfehlungen) Aktivit\u00e4ten mit Punkten belohnen Benefits zum Einl\u00f6sen [&hellip;]<\/p>\n","protected":false},"author":1,"featured_media":0,"parent":0,"menu_order":0,"comment_status":"closed","ping_status":"closed","template":"","meta":{"_et_pb_use_builder":"on","_et_pb_old_content":"","_et_gb_content_width":"","footnotes":""},"dipi_cpt_category":[],"class_list":["post-15164","page","type-page","status-publish","hentry"],"yoast_head":"<!-- This site is optimized with the Yoast SEO plugin v27.3 - https:\/\/yoast.com\/product\/yoast-seo-wordpress\/ -->\n<title>Kontakte aktivieren - yawave User Interaction Suite<\/title>\n<meta name=\"robots\" content=\"index, follow, max-snippet:-1, max-image-preview:large, max-video-preview:-1\" \/>\n<link rel=\"canonical\" href=\"https:\/\/yawave.com\/de\/kontakte-aktivieren\/\" \/>\n<meta property=\"og:locale\" content=\"de_DE\" \/>\n<meta property=\"og:type\" content=\"article\" \/>\n<meta property=\"og:title\" content=\"Kontakte aktivieren - yawave User Interaction Suite\" \/>\n<meta property=\"og:description\" content=\"Steigere die Wirkung bei bestehenden Kontakten Die User-Bindung erh\u00f6hen und User zu echten Fans entwickelnLoyalty- und RewardsystemEmpfehlungs-CockpitVerbessere die Kundenbindung Bestehende Kunden zu Stammkunden weiterentwickeln ist einer der gr\u00f6ssten Hebel f\u00fcr Unternehmen. Ein flexibles Loyalty- und Reward-System setzt hier an. Gew\u00fcnschte User Aktivit\u00e4ten sammeln (bspw. K\u00e4ufe, Feedbacks oder Empfehlungen) Aktivit\u00e4ten mit Punkten belohnen Benefits zum Einl\u00f6sen [&hellip;]\" \/>\n<meta property=\"og:url\" content=\"https:\/\/yawave.com\/de\/kontakte-aktivieren\/\" \/>\n<meta property=\"og:site_name\" content=\"yawave User Interaction Suite\" \/>\n<meta property=\"article:modified_time\" content=\"2023-01-03T13:51:44+00:00\" \/>\n<meta name=\"twitter:card\" content=\"summary_large_image\" \/>\n<meta name=\"twitter:label1\" content=\"Gesch\u00e4tzte Lesezeit\" \/>\n\t<meta name=\"twitter:data1\" content=\"8\u00a0Minuten\" \/>\n<script type=\"application\/ld+json\" class=\"yoast-schema-graph\">{\"@context\":\"https:\\\/\\\/schema.org\",\"@graph\":[{\"@type\":\"WebPage\",\"@id\":\"https:\\\/\\\/yawave.com\\\/de\\\/kontakte-aktivieren\\\/\",\"url\":\"https:\\\/\\\/yawave.com\\\/de\\\/kontakte-aktivieren\\\/\",\"name\":\"Kontakte aktivieren - yawave User Interaction Suite\",\"isPartOf\":{\"@id\":\"https:\\\/\\\/yawave.com\\\/de\\\/#website\"},\"datePublished\":\"2023-01-03T13:29:45+00:00\",\"dateModified\":\"2023-01-03T13:51:44+00:00\",\"breadcrumb\":{\"@id\":\"https:\\\/\\\/yawave.com\\\/de\\\/kontakte-aktivieren\\\/#breadcrumb\"},\"inLanguage\":\"de\",\"potentialAction\":[{\"@type\":\"ReadAction\",\"target\":[\"https:\\\/\\\/yawave.com\\\/de\\\/kontakte-aktivieren\\\/\"]}]},{\"@type\":\"BreadcrumbList\",\"@id\":\"https:\\\/\\\/yawave.com\\\/de\\\/kontakte-aktivieren\\\/#breadcrumb\",\"itemListElement\":[{\"@type\":\"ListItem\",\"position\":1,\"name\":\"Home\",\"item\":\"https:\\\/\\\/yawave.com\\\/de\\\/\"},{\"@type\":\"ListItem\",\"position\":2,\"name\":\"Kontakte aktivieren\"}]},{\"@type\":\"WebSite\",\"@id\":\"https:\\\/\\\/yawave.com\\\/de\\\/#website\",\"url\":\"https:\\\/\\\/yawave.com\\\/de\\\/\",\"name\":\"yawave User Interaction Suite\",\"description\":\"\",\"publisher\":{\"@id\":\"https:\\\/\\\/yawave.com\\\/de\\\/#organization\"},\"potentialAction\":[{\"@type\":\"SearchAction\",\"target\":{\"@type\":\"EntryPoint\",\"urlTemplate\":\"https:\\\/\\\/yawave.com\\\/de\\\/?s={search_term_string}\"},\"query-input\":{\"@type\":\"PropertyValueSpecification\",\"valueRequired\":true,\"valueName\":\"search_term_string\"}}],\"inLanguage\":\"de\"},{\"@type\":\"Organization\",\"@id\":\"https:\\\/\\\/yawave.com\\\/de\\\/#organization\",\"name\":\"yawave\",\"url\":\"https:\\\/\\\/yawave.com\\\/de\\\/\",\"logo\":{\"@type\":\"ImageObject\",\"inLanguage\":\"de\",\"@id\":\"https:\\\/\\\/yawave.com\\\/de\\\/#\\\/schema\\\/logo\\\/image\\\/\",\"url\":\"https:\\\/\\\/yawave.com\\\/wp-content\\\/uploads\\\/2022\\\/05\\\/yawave_logo_blau.png\",\"contentUrl\":\"https:\\\/\\\/yawave.com\\\/wp-content\\\/uploads\\\/2022\\\/05\\\/yawave_logo_blau.png\",\"width\":150,\"height\":29,\"caption\":\"yawave\"},\"image\":{\"@id\":\"https:\\\/\\\/yawave.com\\\/de\\\/#\\\/schema\\\/logo\\\/image\\\/\"}}]}<\/script>\n<!-- \/ Yoast SEO plugin. -->","yoast_head_json":{"title":"Kontakte aktivieren - yawave User Interaction Suite","robots":{"index":"index","follow":"follow","max-snippet":"max-snippet:-1","max-image-preview":"max-image-preview:large","max-video-preview":"max-video-preview:-1"},"canonical":"https:\/\/yawave.com\/de\/kontakte-aktivieren\/","og_locale":"de_DE","og_type":"article","og_title":"Kontakte aktivieren - yawave User Interaction Suite","og_description":"Steigere die Wirkung bei bestehenden Kontakten Die User-Bindung erh\u00f6hen und User zu echten Fans entwickelnLoyalty- und RewardsystemEmpfehlungs-CockpitVerbessere die Kundenbindung Bestehende Kunden zu Stammkunden weiterentwickeln ist einer der gr\u00f6ssten Hebel f\u00fcr Unternehmen. Ein flexibles Loyalty- und Reward-System setzt hier an. Gew\u00fcnschte User Aktivit\u00e4ten sammeln (bspw. K\u00e4ufe, Feedbacks oder Empfehlungen) Aktivit\u00e4ten mit Punkten belohnen Benefits zum Einl\u00f6sen [&hellip;]","og_url":"https:\/\/yawave.com\/de\/kontakte-aktivieren\/","og_site_name":"yawave User Interaction Suite","article_modified_time":"2023-01-03T13:51:44+00:00","twitter_card":"summary_large_image","twitter_misc":{"Gesch\u00e4tzte Lesezeit":"8\u00a0Minuten"},"schema":{"@context":"https:\/\/schema.org","@graph":[{"@type":"WebPage","@id":"https:\/\/yawave.com\/de\/kontakte-aktivieren\/","url":"https:\/\/yawave.com\/de\/kontakte-aktivieren\/","name":"Kontakte aktivieren - yawave User Interaction Suite","isPartOf":{"@id":"https:\/\/yawave.com\/de\/#website"},"datePublished":"2023-01-03T13:29:45+00:00","dateModified":"2023-01-03T13:51:44+00:00","breadcrumb":{"@id":"https:\/\/yawave.com\/de\/kontakte-aktivieren\/#breadcrumb"},"inLanguage":"de","potentialAction":[{"@type":"ReadAction","target":["https:\/\/yawave.com\/de\/kontakte-aktivieren\/"]}]},{"@type":"BreadcrumbList","@id":"https:\/\/yawave.com\/de\/kontakte-aktivieren\/#breadcrumb","itemListElement":[{"@type":"ListItem","position":1,"name":"Home","item":"https:\/\/yawave.com\/de\/"},{"@type":"ListItem","position":2,"name":"Kontakte aktivieren"}]},{"@type":"WebSite","@id":"https:\/\/yawave.com\/de\/#website","url":"https:\/\/yawave.com\/de\/","name":"yawave User Interaction Suite","description":"","publisher":{"@id":"https:\/\/yawave.com\/de\/#organization"},"potentialAction":[{"@type":"SearchAction","target":{"@type":"EntryPoint","urlTemplate":"https:\/\/yawave.com\/de\/?s={search_term_string}"},"query-input":{"@type":"PropertyValueSpecification","valueRequired":true,"valueName":"search_term_string"}}],"inLanguage":"de"},{"@type":"Organization","@id":"https:\/\/yawave.com\/de\/#organization","name":"yawave","url":"https:\/\/yawave.com\/de\/","logo":{"@type":"ImageObject","inLanguage":"de","@id":"https:\/\/yawave.com\/de\/#\/schema\/logo\/image\/","url":"https:\/\/yawave.com\/wp-content\/uploads\/2022\/05\/yawave_logo_blau.png","contentUrl":"https:\/\/yawave.com\/wp-content\/uploads\/2022\/05\/yawave_logo_blau.png","width":150,"height":29,"caption":"yawave"},"image":{"@id":"https:\/\/yawave.com\/de\/#\/schema\/logo\/image\/"}}]}},"_links":{"self":[{"href":"https:\/\/yawave.com\/de\/wp-json\/wp\/v2\/pages\/15164","targetHints":{"allow":["GET"]}}],"collection":[{"href":"https:\/\/yawave.com\/de\/wp-json\/wp\/v2\/pages"}],"about":[{"href":"https:\/\/yawave.com\/de\/wp-json\/wp\/v2\/types\/page"}],"author":[{"embeddable":true,"href":"https:\/\/yawave.com\/de\/wp-json\/wp\/v2\/users\/1"}],"replies":[{"embeddable":true,"href":"https:\/\/yawave.com\/de\/wp-json\/wp\/v2\/comments?post=15164"}],"version-history":[{"count":34,"href":"https:\/\/yawave.com\/de\/wp-json\/wp\/v2\/pages\/15164\/revisions"}],"predecessor-version":[{"id":15386,"href":"https:\/\/yawave.com\/de\/wp-json\/wp\/v2\/pages\/15164\/revisions\/15386"}],"wp:attachment":[{"href":"https:\/\/yawave.com\/de\/wp-json\/wp\/v2\/media?parent=15164"}],"wp:term":[{"taxonomy":"dipi_cpt_category","embeddable":true,"href":"https:\/\/yawave.com\/de\/wp-json\/wp\/v2\/dipi_cpt_category?post=15164"}],"curies":[{"name":"wp","href":"https:\/\/api.w.org\/{rel}","templated":true}]}}